{"id":1291,"date":"2023-09-18T13:03:43","date_gmt":"2023-09-18T13:03:43","guid":{"rendered":"https:\/\/sundhedsspir.de\/?page_id=1291"},"modified":"2024-09-03T23:35:01","modified_gmt":"2024-09-03T21:35:01","slug":"levering","status":"publish","type":"page","link":"https:\/\/sundhedsspir.de\/de\/levering\/","title":{"rendered":"Lieferung"},"content":{"rendered":"<div data-elementor-type=\"wp-page\" data-elementor-id=\"1291\" class=\"elementor elementor-1291\" data-elementor-post-type=\"page\">\n\t\t\t\t\t\t\t\t\t<section class=\"elementor-section elementor-top-section elementor-element elementor-element-9b4dc2d elementor-section-boxed elementor-section-height-default elementor-section-height-default\" data-id=\"9b4dc2d\" data-element_type=\"section\">\n\t\t\t\t\t\t<div class=\"elementor-container elementor-column-gap-default\">\n\t\t\t\t\t<div class=\"elementor-column elementor-col-100 elementor-top-column elementor-element elementor-element-a92142a\" data-id=\"a92142a\" data-element_type=\"column\">\n\t\t\t<div class=\"elementor-widget-wrap elementor-element-populated\">\n\t\t\t\t\t\t\t\t<div class=\"elementor-element elementor-element-a831aa7 elementor-widget elementor-widget-heading\" data-id=\"a831aa7\" data-element_type=\"widget\" data-widget_type=\"heading.default\">\n\t\t\t\t<div class=\"elementor-widget-container\">\n\t\t\t<style>\/*! elementor - v3.16.0 - 20-09-2023 *\/\n.elementor-heading-title{padding:0;margin:0;line-height:1}.elementor-widget-heading .elementor-heading-title[class*=elementor-size-]>a{color:inherit;font-size:inherit;line-height:inherit}.elementor-widget-heading .elementor-heading-title.elementor-size-small{font-size:15px}.elementor-widget-heading .elementor-heading-title.elementor-size-medium{font-size:19px}.elementor-widget-heading .elementor-heading-title.elementor-size-large{font-size:29px}.elementor-widget-heading .elementor-heading-title.elementor-size-xl{font-size:39px}.elementor-widget-heading .elementor-heading-title.elementor-size-xxl{font-size:59px}<\/style><h2 class=\"elementor-heading-title elementor-size-default\">Levering<\/h2>\t\t<\/div>\n\t\t\t\t<\/div>\n\t\t\t\t\t<\/div>\n\t\t<\/div>\n\t\t\t\t\t\t\t<\/div>\n\t\t<\/section>\n\t\t\t\t<section class=\"elementor-section elementor-top-section elementor-element elementor-element-e9946f4 elementor-section-boxed elementor-section-height-default elementor-section-height-default\" data-id=\"e9946f4\" data-element_type=\"section\">\n\t\t\t\t\t\t<div class=\"elementor-container elementor-column-gap-default\">\n\t\t\t\t\t<div class=\"elementor-column elementor-col-100 elementor-top-column elementor-element elementor-element-5bad1d8\" data-id=\"5bad1d8\" data-element_type=\"column\">\n\t\t\t<div class=\"elementor-widget-wrap elementor-element-populated\">\n\t\t\t\t\t\t\t\t<div class=\"elementor-element elementor-element-e93feff elementor-widget elementor-widget-text-editor\" data-id=\"e93feff\" data-element_type=\"widget\" data-widget_type=\"text-editor.default\">\n\t\t\t\t<div class=\"elementor-widget-container\">\n\t\t\t<style>\/*! elementor - v3.16.0 - 20-09-2023 *\/\n.elementor-widget-text-editor.elementor-drop-cap-view-stacked .elementor-drop-cap{background-color:#69727d;color:#fff}.elementor-widget-text-editor.elementor-drop-cap-view-framed .elementor-drop-cap{color:#69727d;border:3px solid;background-color:transparent}.elementor-widget-text-editor:not(.elementor-drop-cap-view-default) .elementor-drop-cap{margin-top:8px}.elementor-widget-text-editor:not(.elementor-drop-cap-view-default) .elementor-drop-cap-letter{width:1em;height:1em}.elementor-widget-text-editor .elementor-drop-cap{float:left;text-align:center;line-height:1;font-size:50px}.elementor-widget-text-editor .elementor-drop-cap-letter{display:inline-block}<\/style>\t\t\t\t<p>Die Waren werden nur innerhalb der deutschen Grenzen versendet. Rechnen Sie mit einer Lieferzeit von 3-5 Werktagen f\u00fcr Ihre Bestellung. Bestellungen, die an Wochenenden oder an Feiertagen aufgegeben werden, werden am selben Tag versendet.<\/p><p>In au\u00dfergew\u00f6hnlichen F\u00e4llen, in denen die Lieferung l\u00e4nger dauern kann, erhalten Sie eine Benachrichtigung per E-Mail.<\/p><p>Bitte beachten Sie, dass wir an Wohnadressen in Deutschland liefern.<\/p><p>Der Versand erfolgt \u00fcber DAO.<\/p>\t\t\t\t\t\t<\/div>\n\t\t\t\t<\/div>\n\t\t\t\t\t<\/div>\n\t\t<\/div>\n\t\t\t\t\t\t\t<\/div>\n\t\t<\/section>\n\t\t\t\t\t\t\t<\/div>","protected":false},"excerpt":{"rendered":"<p>Levering Die Waren werden nur innerhalb der deutschen Grenzen versendet. Rechnen Sie mit einer Lieferzeit von 3-5 Werktagen f\u00fcr Ihre Bestellung. Bestellungen, die an Wochenenden oder an Feiertagen aufgegeben werden, werden am selben Tag versendet. In au\u00dfergew\u00f6hnlichen F\u00e4llen, in denen die Lieferung l\u00e4nger dauern kann,&#8230;<\/p>","protected":false},"author":1,"featured_media":0,"parent":0,"menu_order":0,"comment_status":"closed","ping_status":"closed","template":"elementor_header_footer","meta":{"inline_featured_image":false,"footnotes":""},"class_list":["post-1291","page","type-page","status-publish","hentry"],"yoast_head":"<!-- This site is optimized with the Yoast SEO Premium plugin v21.4 (Yoast SEO v23.3) - https:\/\/yoast.com\/wordpress\/plugins\/seo\/ -->\n<title>Lieferung - Sundhedsspir<\/title>\n<meta name=\"robots\" content=\"index, follow, max-snippet:-1, max-image-preview:large, max-video-preview:-1\" \/>\n<link rel=\"canonical\" href=\"https:\/\/sundhedsspir.de\/de\/levering\/\" \/>\n<meta property=\"og:locale\" content=\"de_DE\" \/>\n<meta property=\"og:type\" content=\"article\" \/>\n<meta property=\"og:title\" content=\"Lieferung\" \/>\n<meta property=\"og:description\" content=\"Levering Die Waren werden nur innerhalb der deutschen Grenzen versendet. Rechnen Sie mit einer Lieferzeit von 3-5 Werktagen f\u00fcr Ihre Bestellung. Bestellungen, die an Wochenenden oder an Feiertagen aufgegeben werden, werden am selben Tag versendet. In au\u00dfergew\u00f6hnlichen F\u00e4llen, in denen die Lieferung l\u00e4nger dauern kann,...\" \/>\n<meta property=\"og:url\" content=\"https:\/\/sundhedsspir.de\/de\/levering\/\" \/>\n<meta property=\"og:site_name\" content=\"Sundhedsspir\" \/>\n<meta property=\"article:modified_time\" content=\"2024-09-03T21:35:01+00:00\" \/>\n<meta name=\"twitter:card\" content=\"summary_large_image\" \/>\n<meta name=\"twitter:label1\" content=\"Gesch\u00e4tzte Lesezeit\" \/>\n\t<meta name=\"twitter:data1\" content=\"1\u00a0Minute\" \/>\n<script type=\"application\/ld+json\" class=\"yoast-schema-graph\">{\"@context\":\"https:\/\/schema.org\",\"@graph\":[{\"@type\":\"WebPage\",\"@id\":\"https:\/\/sundhedsspir.de\/levering\/\",\"url\":\"https:\/\/sundhedsspir.de\/levering\/\",\"name\":\"Lieferung - Sundhedsspir\",\"isPartOf\":{\"@id\":\"https:\/\/sundhedsspir.de\/#website\"},\"datePublished\":\"2023-09-18T13:03:43+00:00\",\"dateModified\":\"2024-09-03T21:35:01+00:00\",\"breadcrumb\":{\"@id\":\"https:\/\/sundhedsspir.de\/levering\/#breadcrumb\"},\"inLanguage\":\"de\",\"potentialAction\":[{\"@type\":\"ReadAction\",\"target\":[\"https:\/\/sundhedsspir.de\/levering\/\"]}]},{\"@type\":\"BreadcrumbList\",\"@id\":\"https:\/\/sundhedsspir.de\/levering\/#breadcrumb\",\"itemListElement\":[{\"@type\":\"ListItem\",\"position\":1,\"name\":\"Home\",\"item\":\"https:\/\/sundhedsspir.de\/\"},{\"@type\":\"ListItem\",\"position\":2,\"name\":\"Lieferung\"}]},{\"@type\":\"WebSite\",\"@id\":\"https:\/\/sundhedsspir.de\/#website\",\"url\":\"https:\/\/sundhedsspir.de\/\",\"name\":\"Sundhedsspir\",\"description\":\"\",\"publisher\":{\"@id\":\"https:\/\/sundhedsspir.de\/#organization\"},\"potentialAction\":[{\"@type\":\"SearchAction\",\"target\":{\"@type\":\"EntryPoint\",\"urlTemplate\":\"https:\/\/sundhedsspir.de\/?s={search_term_string}\"},\"query-input\":\"required name=search_term_string\"}],\"inLanguage\":\"de\"},{\"@type\":\"Organization\",\"@id\":\"https:\/\/sundhedsspir.de\/#organization\",\"name\":\"Sundhedsspir\",\"url\":\"https:\/\/sundhedsspir.de\/\",\"logo\":{\"@type\":\"ImageObject\",\"inLanguage\":\"de\",\"@id\":\"https:\/\/sundhedsspir.de\/#\/schema\/logo\/image\/\",\"url\":\"https:\/\/sundhedsspir.de\/wp-content\/uploads\/2023\/09\/sundhed-logo.png\",\"contentUrl\":\"https:\/\/sundhedsspir.de\/wp-content\/uploads\/2023\/09\/sundhed-logo.png\",\"width\":1131,\"height\":1071,\"caption\":\"Sundhedsspir\"},\"image\":{\"@id\":\"https:\/\/sundhedsspir.de\/#\/schema\/logo\/image\/\"}}]}<\/script>\n<!-- \/ Yoast SEO Premium plugin. -->","yoast_head_json":{"title":"Lieferung - Sundhedsspir","robots":{"index":"index","follow":"follow","max-snippet":"max-snippet:-1","max-image-preview":"max-image-preview:large","max-video-preview":"max-video-preview:-1"},"canonical":"https:\/\/sundhedsspir.de\/de\/levering\/","og_locale":"de_DE","og_type":"article","og_title":"Lieferung","og_description":"Levering Die Waren werden nur innerhalb der deutschen Grenzen versendet. Rechnen Sie mit einer Lieferzeit von 3-5 Werktagen f\u00fcr Ihre Bestellung. Bestellungen, die an Wochenenden oder an Feiertagen aufgegeben werden, werden am selben Tag versendet. In au\u00dfergew\u00f6hnlichen F\u00e4llen, in denen die Lieferung l\u00e4nger dauern kann,...","og_url":"https:\/\/sundhedsspir.de\/de\/levering\/","og_site_name":"Sundhedsspir","article_modified_time":"2024-09-03T21:35:01+00:00","twitter_card":"summary_large_image","twitter_misc":{"Gesch\u00e4tzte Lesezeit":"1\u00a0Minute"},"schema":{"@context":"https:\/\/schema.org","@graph":[{"@type":"WebPage","@id":"https:\/\/sundhedsspir.de\/levering\/","url":"https:\/\/sundhedsspir.de\/levering\/","name":"Lieferung - Sundhedsspir","isPartOf":{"@id":"https:\/\/sundhedsspir.de\/#website"},"datePublished":"2023-09-18T13:03:43+00:00","dateModified":"2024-09-03T21:35:01+00:00","breadcrumb":{"@id":"https:\/\/sundhedsspir.de\/levering\/#breadcrumb"},"inLanguage":"de","potentialAction":[{"@type":"ReadAction","target":["https:\/\/sundhedsspir.de\/levering\/"]}]},{"@type":"BreadcrumbList","@id":"https:\/\/sundhedsspir.de\/levering\/#breadcrumb","itemListElement":[{"@type":"ListItem","position":1,"name":"Home","item":"https:\/\/sundhedsspir.de\/"},{"@type":"ListItem","position":2,"name":"Lieferung"}]},{"@type":"WebSite","@id":"https:\/\/sundhedsspir.de\/#website","url":"https:\/\/sundhedsspir.de\/","name":"Sundhedsspir","description":"","publisher":{"@id":"https:\/\/sundhedsspir.de\/#organization"},"potentialAction":[{"@type":"SearchAction","target":{"@type":"EntryPoint","urlTemplate":"https:\/\/sundhedsspir.de\/?s={search_term_string}"},"query-input":"required name=search_term_string"}],"inLanguage":"de"},{"@type":"Organization","@id":"https:\/\/sundhedsspir.de\/#organization","name":"Sundhedsspir","url":"https:\/\/sundhedsspir.de\/","logo":{"@type":"ImageObject","inLanguage":"de","@id":"https:\/\/sundhedsspir.de\/#\/schema\/logo\/image\/","url":"https:\/\/sundhedsspir.de\/wp-content\/uploads\/2023\/09\/sundhed-logo.png","contentUrl":"https:\/\/sundhedsspir.de\/wp-content\/uploads\/2023\/09\/sundhed-logo.png","width":1131,"height":1071,"caption":"Sundhedsspir"},"image":{"@id":"https:\/\/sundhedsspir.de\/#\/schema\/logo\/image\/"}}]}},"jetpack_sharing_enabled":true,"_links":{"self":[{"href":"https:\/\/sundhedsspir.de\/de\/wp-json\/wp\/v2\/pages\/1291","targetHints":{"allow":["GET"]}}],"collection":[{"href":"https:\/\/sundhedsspir.de\/de\/wp-json\/wp\/v2\/pages"}],"about":[{"href":"https:\/\/sundhedsspir.de\/de\/wp-json\/wp\/v2\/types\/page"}],"author":[{"embeddable":true,"href":"https:\/\/sundhedsspir.de\/de\/wp-json\/wp\/v2\/users\/1"}],"replies":[{"embeddable":true,"href":"https:\/\/sundhedsspir.de\/de\/wp-json\/wp\/v2\/comments?post=1291"}],"version-history":[{"count":7,"href":"https:\/\/sundhedsspir.de\/de\/wp-json\/wp\/v2\/pages\/1291\/revisions"}],"predecessor-version":[{"id":2283,"href":"https:\/\/sundhedsspir.de\/de\/wp-json\/wp\/v2\/pages\/1291\/revisions\/2283"}],"wp:attachment":[{"href":"https:\/\/sundhedsspir.de\/de\/wp-json\/wp\/v2\/media?parent=1291"}],"curies":[{"name":"wp","href":"https:\/\/api.w.org\/{rel}","templated":true}]}}