{"id":1299,"date":"2023-09-18T13:07:17","date_gmt":"2023-09-18T13:07:17","guid":{"rendered":"https:\/\/sundhedsspir.de\/?page_id=1299"},"modified":"2024-09-24T10:17:00","modified_gmt":"2024-09-24T08:17:00","slug":"gewahrleistungsrecht","status":"publish","type":"page","link":"https:\/\/sundhedsspir.de\/de\/gewahrleistungsrecht\/","title":{"rendered":"Gew\u00e4hrleistungsrecht"},"content":{"rendered":"<div data-elementor-type=\"wp-page\" data-elementor-id=\"1299\" class=\"elementor elementor-1299\" data-elementor-post-type=\"page\">\n\t\t\t\t\t\t\t\t\t<section class=\"elementor-section elementor-top-section elementor-element elementor-element-9b4dc2d elementor-section-boxed elementor-section-height-default elementor-section-height-default\" data-id=\"9b4dc2d\" data-element_type=\"section\">\n\t\t\t\t\t\t<div class=\"elementor-container elementor-column-gap-default\">\n\t\t\t\t\t<div class=\"elementor-column elementor-col-100 elementor-top-column elementor-element elementor-element-a92142a\" data-id=\"a92142a\" data-element_type=\"column\">\n\t\t\t<div class=\"elementor-widget-wrap elementor-element-populated\">\n\t\t\t\t\t\t\t\t<div class=\"elementor-element elementor-element-a831aa7 elementor-widget elementor-widget-heading\" data-id=\"a831aa7\" data-element_type=\"widget\" data-widget_type=\"heading.default\">\n\t\t\t\t<div class=\"elementor-widget-container\">\n\t\t\t<style>\/*! elementor - v3.16.0 - 20-09-2023 *\/\n.elementor-heading-title{padding:0;margin:0;line-height:1}.elementor-widget-heading .elementor-heading-title[class*=elementor-size-]>a{color:inherit;font-size:inherit;line-height:inherit}.elementor-widget-heading .elementor-heading-title.elementor-size-small{font-size:15px}.elementor-widget-heading .elementor-heading-title.elementor-size-medium{font-size:19px}.elementor-widget-heading .elementor-heading-title.elementor-size-large{font-size:29px}.elementor-widget-heading .elementor-heading-title.elementor-size-xl{font-size:39px}.elementor-widget-heading .elementor-heading-title.elementor-size-xxl{font-size:59px}<\/style><h2 class=\"elementor-heading-title elementor-size-default\">Gew\u00e4hrleistungsrecht<\/h2>\t\t<\/div>\n\t\t\t\t<\/div>\n\t\t\t\t\t<\/div>\n\t\t<\/div>\n\t\t\t\t\t\t\t<\/div>\n\t\t<\/section>\n\t\t\t\t<section class=\"elementor-section elementor-top-section elementor-element elementor-element-e9946f4 elementor-section-boxed elementor-section-height-default elementor-section-height-default\" data-id=\"e9946f4\" data-element_type=\"section\">\n\t\t\t\t\t\t<div class=\"elementor-container elementor-column-gap-default\">\n\t\t\t\t\t<div class=\"elementor-column elementor-col-100 elementor-top-column elementor-element elementor-element-5bad1d8\" data-id=\"5bad1d8\" data-element_type=\"column\">\n\t\t\t<div class=\"elementor-widget-wrap elementor-element-populated\">\n\t\t\t\t\t\t\t\t<div class=\"elementor-element elementor-element-e93feff elementor-widget elementor-widget-text-editor\" data-id=\"e93feff\" data-element_type=\"widget\" data-widget_type=\"text-editor.default\">\n\t\t\t\t<div class=\"elementor-widget-container\">\n\t\t\t<style>\/*! elementor - v3.16.0 - 20-09-2023 *\/\n.elementor-widget-text-editor.elementor-drop-cap-view-stacked .elementor-drop-cap{background-color:#69727d;color:#fff}.elementor-widget-text-editor.elementor-drop-cap-view-framed .elementor-drop-cap{color:#69727d;border:3px solid;background-color:transparent}.elementor-widget-text-editor:not(.elementor-drop-cap-view-default) .elementor-drop-cap{margin-top:8px}.elementor-widget-text-editor:not(.elementor-drop-cap-view-default) .elementor-drop-cap-letter{width:1em;height:1em}.elementor-widget-text-editor .elementor-drop-cap{float:left;text-align:center;line-height:1;font-size:50px}.elementor-widget-text-editor .elementor-drop-cap-letter{display:inline-block}<\/style>\t\t\t\t<p>Nach deutschem Recht haben Sie auf gekaufte Waren eine gesetzliche Gew\u00e4hrleistungsfrist von 2 Jahren. Diese Gew\u00e4hrleistung deckt M\u00e4ngel ab, die auf Materialfehler oder Produktionsfehler zur\u00fcckzuf\u00fchren sind und bereits zum Zeitpunkt der \u00dcbergabe der Ware bestanden haben.<\/p><p>Sollten Sie einen Mangel entdecken, bitten wir Sie, uns unverz\u00fcglich nach Erhalt der Ware zu informieren. Eine Mitteilung innerhalb von 2 Monaten nach Entdeckung des Mangels gilt in der Regel als rechtzeitig.<\/p><p>Die Gew\u00e4hrleistung gilt nicht, wenn der Mangel oder Schaden durch unsachgem\u00e4\u00dfen Gebrauch, falsche Handhabung oder \u00e4u\u00dfere Einfl\u00fcsse verursacht wurde.<\/p><p>Sundhedsspir wird die Kosten der R\u00fccksendung in einem angemessenen Umfang \u00fcbernehmen, sofern es sich um einen berechtigten Gew\u00e4hrleistungsfall handelt. Bitte beachten Sie, dass wir keine unfreien Sendungen (Nachnahme) annehmen.<\/p>\t\t\t\t\t\t<\/div>\n\t\t\t\t<\/div>\n\t\t\t\t\t<\/div>\n\t\t<\/div>\n\t\t\t\t\t\t\t<\/div>\n\t\t<\/section>\n\t\t\t\t\t\t\t<\/div>","protected":false},"excerpt":{"rendered":"<p>Gew\u00e4hrleistungsrecht Nach deutschem Recht haben Sie auf gekaufte Waren eine gesetzliche Gew\u00e4hrleistungsfrist von 2 Jahren. Diese Gew\u00e4hrleistung deckt M\u00e4ngel ab, die auf Materialfehler oder Produktionsfehler zur\u00fcckzuf\u00fchren sind und bereits zum Zeitpunkt der \u00dcbergabe der Ware bestanden haben. Sollten Sie einen Mangel entdecken, bitten wir Sie,&#8230;<\/p>","protected":false},"author":1,"featured_media":0,"parent":0,"menu_order":0,"comment_status":"closed","ping_status":"closed","template":"elementor_header_footer","meta":{"inline_featured_image":false,"footnotes":""},"class_list":["post-1299","page","type-page","status-publish","hentry"],"yoast_head":"<!-- This site is optimized with the Yoast SEO Premium plugin v21.4 (Yoast SEO v23.3) - https:\/\/yoast.com\/wordpress\/plugins\/seo\/ -->\n<title>Gew\u00e4hrleistungsrecht - Sundhedsspir<\/title>\n<meta name=\"robots\" content=\"index, follow, max-snippet:-1, max-image-preview:large, max-video-preview:-1\" \/>\n<link rel=\"canonical\" href=\"https:\/\/sundhedsspir.de\/de\/gewahrleistungsrecht\/\" \/>\n<meta property=\"og:locale\" content=\"de_DE\" \/>\n<meta property=\"og:type\" content=\"article\" \/>\n<meta property=\"og:title\" content=\"Gew\u00e4hrleistungsrecht\" \/>\n<meta property=\"og:description\" content=\"Gew\u00e4hrleistungsrecht Nach deutschem Recht haben Sie auf gekaufte Waren eine gesetzliche Gew\u00e4hrleistungsfrist von 2 Jahren. Diese Gew\u00e4hrleistung deckt M\u00e4ngel ab, die auf Materialfehler oder Produktionsfehler zur\u00fcckzuf\u00fchren sind und bereits zum Zeitpunkt der \u00dcbergabe der Ware bestanden haben. Sollten Sie einen Mangel entdecken, bitten wir Sie,...\" \/>\n<meta property=\"og:url\" content=\"https:\/\/sundhedsspir.de\/de\/gewahrleistungsrecht\/\" \/>\n<meta property=\"og:site_name\" content=\"Sundhedsspir\" \/>\n<meta property=\"article:modified_time\" content=\"2024-09-24T08:17:00+00:00\" \/>\n<meta name=\"twitter:card\" content=\"summary_large_image\" \/>\n<meta name=\"twitter:label1\" content=\"Gesch\u00e4tzte Lesezeit\" \/>\n\t<meta name=\"twitter:data1\" content=\"1\u00a0Minute\" \/>\n<script type=\"application\/ld+json\" class=\"yoast-schema-graph\">{\"@context\":\"https:\/\/schema.org\",\"@graph\":[{\"@type\":\"WebPage\",\"@id\":\"https:\/\/sundhedsspir.de\/gewahrleistungsrecht\/\",\"url\":\"https:\/\/sundhedsspir.de\/gewahrleistungsrecht\/\",\"name\":\"Gew\u00e4hrleistungsrecht - Sundhedsspir\",\"isPartOf\":{\"@id\":\"https:\/\/sundhedsspir.de\/#website\"},\"datePublished\":\"2023-09-18T13:07:17+00:00\",\"dateModified\":\"2024-09-24T08:17:00+00:00\",\"breadcrumb\":{\"@id\":\"https:\/\/sundhedsspir.de\/gewahrleistungsrecht\/#breadcrumb\"},\"inLanguage\":\"de\",\"potentialAction\":[{\"@type\":\"ReadAction\",\"target\":[\"https:\/\/sundhedsspir.de\/gewahrleistungsrecht\/\"]}]},{\"@type\":\"BreadcrumbList\",\"@id\":\"https:\/\/sundhedsspir.de\/gewahrleistungsrecht\/#breadcrumb\",\"itemListElement\":[{\"@type\":\"ListItem\",\"position\":1,\"name\":\"Home\",\"item\":\"https:\/\/sundhedsspir.de\/\"},{\"@type\":\"ListItem\",\"position\":2,\"name\":\"Gew\u00e4hrleistungsrecht\"}]},{\"@type\":\"WebSite\",\"@id\":\"https:\/\/sundhedsspir.de\/#website\",\"url\":\"https:\/\/sundhedsspir.de\/\",\"name\":\"Sundhedsspir\",\"description\":\"\",\"publisher\":{\"@id\":\"https:\/\/sundhedsspir.de\/#organization\"},\"potentialAction\":[{\"@type\":\"SearchAction\",\"target\":{\"@type\":\"EntryPoint\",\"urlTemplate\":\"https:\/\/sundhedsspir.de\/?s={search_term_string}\"},\"query-input\":\"required name=search_term_string\"}],\"inLanguage\":\"de\"},{\"@type\":\"Organization\",\"@id\":\"https:\/\/sundhedsspir.de\/#organization\",\"name\":\"Sundhedsspir\",\"url\":\"https:\/\/sundhedsspir.de\/\",\"logo\":{\"@type\":\"ImageObject\",\"inLanguage\":\"de\",\"@id\":\"https:\/\/sundhedsspir.de\/#\/schema\/logo\/image\/\",\"url\":\"https:\/\/sundhedsspir.de\/wp-content\/uploads\/2023\/09\/sundhed-logo.png\",\"contentUrl\":\"https:\/\/sundhedsspir.de\/wp-content\/uploads\/2023\/09\/sundhed-logo.png\",\"width\":1131,\"height\":1071,\"caption\":\"Sundhedsspir\"},\"image\":{\"@id\":\"https:\/\/sundhedsspir.de\/#\/schema\/logo\/image\/\"}}]}<\/script>\n<!-- \/ Yoast SEO Premium plugin. -->","yoast_head_json":{"title":"Gew\u00e4hrleistungsrecht - Sundhedsspir","robots":{"index":"index","follow":"follow","max-snippet":"max-snippet:-1","max-image-preview":"max-image-preview:large","max-video-preview":"max-video-preview:-1"},"canonical":"https:\/\/sundhedsspir.de\/de\/gewahrleistungsrecht\/","og_locale":"de_DE","og_type":"article","og_title":"Gew\u00e4hrleistungsrecht","og_description":"Gew\u00e4hrleistungsrecht Nach deutschem Recht haben Sie auf gekaufte Waren eine gesetzliche Gew\u00e4hrleistungsfrist von 2 Jahren. Diese Gew\u00e4hrleistung deckt M\u00e4ngel ab, die auf Materialfehler oder Produktionsfehler zur\u00fcckzuf\u00fchren sind und bereits zum Zeitpunkt der \u00dcbergabe der Ware bestanden haben. Sollten Sie einen Mangel entdecken, bitten wir Sie,...","og_url":"https:\/\/sundhedsspir.de\/de\/gewahrleistungsrecht\/","og_site_name":"Sundhedsspir","article_modified_time":"2024-09-24T08:17:00+00:00","twitter_card":"summary_large_image","twitter_misc":{"Gesch\u00e4tzte Lesezeit":"1\u00a0Minute"},"schema":{"@context":"https:\/\/schema.org","@graph":[{"@type":"WebPage","@id":"https:\/\/sundhedsspir.de\/gewahrleistungsrecht\/","url":"https:\/\/sundhedsspir.de\/gewahrleistungsrecht\/","name":"Gew\u00e4hrleistungsrecht - Sundhedsspir","isPartOf":{"@id":"https:\/\/sundhedsspir.de\/#website"},"datePublished":"2023-09-18T13:07:17+00:00","dateModified":"2024-09-24T08:17:00+00:00","breadcrumb":{"@id":"https:\/\/sundhedsspir.de\/gewahrleistungsrecht\/#breadcrumb"},"inLanguage":"de","potentialAction":[{"@type":"ReadAction","target":["https:\/\/sundhedsspir.de\/gewahrleistungsrecht\/"]}]},{"@type":"BreadcrumbList","@id":"https:\/\/sundhedsspir.de\/gewahrleistungsrecht\/#breadcrumb","itemListElement":[{"@type":"ListItem","position":1,"name":"Home","item":"https:\/\/sundhedsspir.de\/"},{"@type":"ListItem","position":2,"name":"Gew\u00e4hrleistungsrecht"}]},{"@type":"WebSite","@id":"https:\/\/sundhedsspir.de\/#website","url":"https:\/\/sundhedsspir.de\/","name":"Sundhedsspir","description":"","publisher":{"@id":"https:\/\/sundhedsspir.de\/#organization"},"potentialAction":[{"@type":"SearchAction","target":{"@type":"EntryPoint","urlTemplate":"https:\/\/sundhedsspir.de\/?s={search_term_string}"},"query-input":"required name=search_term_string"}],"inLanguage":"de"},{"@type":"Organization","@id":"https:\/\/sundhedsspir.de\/#organization","name":"Sundhedsspir","url":"https:\/\/sundhedsspir.de\/","logo":{"@type":"ImageObject","inLanguage":"de","@id":"https:\/\/sundhedsspir.de\/#\/schema\/logo\/image\/","url":"https:\/\/sundhedsspir.de\/wp-content\/uploads\/2023\/09\/sundhed-logo.png","contentUrl":"https:\/\/sundhedsspir.de\/wp-content\/uploads\/2023\/09\/sundhed-logo.png","width":1131,"height":1071,"caption":"Sundhedsspir"},"image":{"@id":"https:\/\/sundhedsspir.de\/#\/schema\/logo\/image\/"}}]}},"jetpack_sharing_enabled":true,"_links":{"self":[{"href":"https:\/\/sundhedsspir.de\/de\/wp-json\/wp\/v2\/pages\/1299","targetHints":{"allow":["GET"]}}],"collection":[{"href":"https:\/\/sundhedsspir.de\/de\/wp-json\/wp\/v2\/pages"}],"about":[{"href":"https:\/\/sundhedsspir.de\/de\/wp-json\/wp\/v2\/types\/page"}],"author":[{"embeddable":true,"href":"https:\/\/sundhedsspir.de\/de\/wp-json\/wp\/v2\/users\/1"}],"replies":[{"embeddable":true,"href":"https:\/\/sundhedsspir.de\/de\/wp-json\/wp\/v2\/comments?post=1299"}],"version-history":[{"count":11,"href":"https:\/\/sundhedsspir.de\/de\/wp-json\/wp\/v2\/pages\/1299\/revisions"}],"predecessor-version":[{"id":2314,"href":"https:\/\/sundhedsspir.de\/de\/wp-json\/wp\/v2\/pages\/1299\/revisions\/2314"}],"wp:attachment":[{"href":"https:\/\/sundhedsspir.de\/de\/wp-json\/wp\/v2\/media?parent=1299"}],"curies":[{"name":"wp","href":"https:\/\/api.w.org\/{rel}","templated":true}]}}