{"id":21,"date":"2023-09-07T21:01:14","date_gmt":"2023-09-07T21:01:14","guid":{"rendered":"https:\/\/sundhedsspir.de\/index.php\/contact\/"},"modified":"2024-09-17T11:37:49","modified_gmt":"2024-09-17T09:37:49","slug":"contact","status":"publish","type":"page","link":"https:\/\/sundhedsspir.de\/de\/contact\/","title":{"rendered":"Contact"},"content":{"rendered":"<div data-elementor-type=\"wp-page\" data-elementor-id=\"21\" class=\"elementor elementor-21\" data-elementor-post-type=\"page\">\n\t\t\t\t\t\t\t\t\t<section class=\"elementor-section elementor-top-section elementor-element elementor-element-7b668c64 elementor-section-boxed elementor-section-height-default elementor-section-height-default\" data-id=\"7b668c64\" data-element_type=\"section\" data-settings=\"{&quot;background_background&quot;:&quot;classic&quot;}\">\n\t\t\t\t\t\t\t<div class=\"elementor-background-overlay\"><\/div>\n\t\t\t\t\t\t\t<div class=\"elementor-container elementor-column-gap-default\">\n\t\t\t\t\t<div class=\"elementor-column elementor-col-100 elementor-top-column elementor-element elementor-element-217b46e7\" data-id=\"217b46e7\" data-element_type=\"column\">\n\t\t\t<div class=\"elementor-widget-wrap elementor-element-populated\">\n\t\t\t\t\t\t\t\t<div class=\"elementor-element elementor-element-710a140d elementor-widget elementor-widget-heading\" data-id=\"710a140d\" data-element_type=\"widget\" data-settings=\"{&quot;motion_fx_motion_fx_scrolling&quot;:&quot;yes&quot;,&quot;motion_fx_translateY_effect&quot;:&quot;yes&quot;,&quot;motion_fx_translateY_speed&quot;:{&quot;unit&quot;:&quot;px&quot;,&quot;size&quot;:&quot;0.5&quot;,&quot;sizes&quot;:[]},&quot;motion_fx_translateY_affectedRange&quot;:{&quot;unit&quot;:&quot;%&quot;,&quot;size&quot;:&quot;&quot;,&quot;sizes&quot;:{&quot;start&quot;:&quot;0&quot;,&quot;end&quot;:&quot;50&quot;}},&quot;motion_fx_opacity_effect&quot;:&quot;yes&quot;,&quot;motion_fx_opacity_range&quot;:{&quot;unit&quot;:&quot;%&quot;,&quot;size&quot;:&quot;&quot;,&quot;sizes&quot;:{&quot;start&quot;:&quot;0&quot;,&quot;end&quot;:&quot;50&quot;}},&quot;motion_fx_opacity_direction&quot;:&quot;out-in&quot;,&quot;motion_fx_opacity_level&quot;:{&quot;unit&quot;:&quot;px&quot;,&quot;size&quot;:10,&quot;sizes&quot;:[]},&quot;motion_fx_devices&quot;:[&quot;desktop&quot;,&quot;tablet&quot;,&quot;mobile&quot;]}\" data-widget_type=\"heading.default\">\n\t\t\t\t<div class=\"elementor-widget-container\">\n\t\t\t<style>\/*! elementor - v3.16.0 - 20-09-2023 *\/\n.elementor-heading-title{padding:0;margin:0;line-height:1}.elementor-widget-heading .elementor-heading-title[class*=elementor-size-]>a{color:inherit;font-size:inherit;line-height:inherit}.elementor-widget-heading .elementor-heading-title.elementor-size-small{font-size:15px}.elementor-widget-heading .elementor-heading-title.elementor-size-medium{font-size:19px}.elementor-widget-heading .elementor-heading-title.elementor-size-large{font-size:29px}.elementor-widget-heading .elementor-heading-title.elementor-size-xl{font-size:39px}.elementor-widget-heading .elementor-heading-title.elementor-size-xxl{font-size:59px}<\/style><h4 class=\"elementor-heading-title elementor-size-default\">\u00dcber uns<\/h4>\t\t<\/div>\n\t\t\t\t<\/div>\n\t\t\t\t<section class=\"elementor-section elementor-inner-section elementor-element elementor-element-27776d6 elementor-section-boxed elementor-section-height-default elementor-section-height-default\" data-id=\"27776d6\" data-element_type=\"section\" data-settings=\"{&quot;motion_fx_motion_fx_scrolling&quot;:&quot;yes&quot;,&quot;motion_fx_translateY_effect&quot;:&quot;yes&quot;,&quot;motion_fx_translateY_speed&quot;:{&quot;unit&quot;:&quot;px&quot;,&quot;size&quot;:&quot;1&quot;,&quot;sizes&quot;:[]},&quot;motion_fx_translateY_affectedRange&quot;:{&quot;unit&quot;:&quot;%&quot;,&quot;size&quot;:&quot;&quot;,&quot;sizes&quot;:{&quot;start&quot;:&quot;0&quot;,&quot;end&quot;:&quot;50&quot;}},&quot;motion_fx_opacity_effect&quot;:&quot;yes&quot;,&quot;motion_fx_opacity_range&quot;:{&quot;unit&quot;:&quot;%&quot;,&quot;size&quot;:&quot;&quot;,&quot;sizes&quot;:{&quot;start&quot;:&quot;0&quot;,&quot;end&quot;:&quot;50&quot;}},&quot;motion_fx_devices&quot;:[&quot;desktop&quot;,&quot;tablet&quot;],&quot;motion_fx_opacity_direction&quot;:&quot;out-in&quot;,&quot;motion_fx_opacity_level&quot;:{&quot;unit&quot;:&quot;px&quot;,&quot;size&quot;:10,&quot;sizes&quot;:[]}}\">\n\t\t\t\t\t\t<div class=\"elementor-container elementor-column-gap-default\">\n\t\t\t\t\t<div class=\"elementor-column elementor-col-33 elementor-inner-column elementor-element elementor-element-324efbc1\" data-id=\"324efbc1\" data-element_type=\"column\" data-settings=\"{&quot;background_background&quot;:&quot;classic&quot;}\">\n\t\t\t<div class=\"elementor-widget-wrap elementor-element-populated\">\n\t\t\t\t\t\t\t\t<div class=\"elementor-element elementor-element-61fc346f elementor-position-top elementor-widget elementor-widget-image-box\" data-id=\"61fc346f\" data-element_type=\"widget\" data-widget_type=\"image-box.default\">\n\t\t\t\t<div class=\"elementor-widget-container\">\n\t\t\t<style>\/*! elementor - v3.16.0 - 20-09-2023 *\/\n.elementor-widget-image-box .elementor-image-box-content{width:100%}@media (min-width:768px){.elementor-widget-image-box.elementor-position-left .elementor-image-box-wrapper,.elementor-widget-image-box.elementor-position-right .elementor-image-box-wrapper{display:flex}.elementor-widget-image-box.elementor-position-right .elementor-image-box-wrapper{text-align:right;flex-direction:row-reverse}.elementor-widget-image-box.elementor-position-left .elementor-image-box-wrapper{text-align:left;flex-direction:row}.elementor-widget-image-box.elementor-position-top .elementor-image-box-img{margin:auto}.elementor-widget-image-box.elementor-vertical-align-top .elementor-image-box-wrapper{align-items:flex-start}.elementor-widget-image-box.elementor-vertical-align-middle .elementor-image-box-wrapper{align-items:center}.elementor-widget-image-box.elementor-vertical-align-bottom .elementor-image-box-wrapper{align-items:flex-end}}@media (max-width:767px){.elementor-widget-image-box .elementor-image-box-img{margin-left:auto!important;margin-right:auto!important;margin-bottom:15px}}.elementor-widget-image-box .elementor-image-box-img{display:inline-block}.elementor-widget-image-box .elementor-image-box-title a{color:inherit}.elementor-widget-image-box .elementor-image-box-wrapper{text-align:center}.elementor-widget-image-box .elementor-image-box-description{margin:0}<\/style><div class=\"elementor-image-box-wrapper\"><figure class=\"elementor-image-box-img\"><img decoding=\"async\" width=\"500\" height=\"440\" src=\"https:\/\/sundhedsspir.de\/wp-content\/uploads\/2023\/09\/Location-Icon-1.png\" class=\"attachment-full size-full wp-image-713\" alt=\"\" srcset=\"https:\/\/sundhedsspir.de\/wp-content\/uploads\/2023\/09\/Location-Icon-1.png 500w, https:\/\/sundhedsspir.de\/wp-content\/uploads\/2023\/09\/Location-Icon-1-300x264.png 300w, https:\/\/sundhedsspir.de\/wp-content\/uploads\/2023\/09\/Location-Icon-1-1x1.png 1w, https:\/\/sundhedsspir.de\/wp-content\/uploads\/2023\/09\/Location-Icon-1-10x10.png 10w\" sizes=\"(max-width: 500px) 100vw, 500px\" \/><\/figure><div class=\"elementor-image-box-content\"><h3 class=\"elementor-image-box-title\">Unser B\u00fcro<\/h3><p class=\"elementor-image-box-description\">Stroofstra\u00dfe 27, Frankfurt am Main, DE-BE - Germany, 65933<\/p><\/div><\/div>\t\t<\/div>\n\t\t\t\t<\/div>\n\t\t\t\t\t<\/div>\n\t\t<\/div>\n\t\t\t\t<div class=\"elementor-column elementor-col-33 elementor-inner-column elementor-element elementor-element-11b7288e\" data-id=\"11b7288e\" data-element_type=\"column\" data-settings=\"{&quot;background_background&quot;:&quot;classic&quot;}\">\n\t\t\t<div class=\"elementor-widget-wrap\">\n\t\t\t\t\t\t\t\t\t<\/div>\n\t\t<\/div>\n\t\t\t\t<div class=\"elementor-column elementor-col-33 elementor-inner-column elementor-element elementor-element-6998ed6d\" data-id=\"6998ed6d\" data-element_type=\"column\" data-settings=\"{&quot;background_background&quot;:&quot;classic&quot;}\">\n\t\t\t<div class=\"elementor-widget-wrap elementor-element-populated\">\n\t\t\t\t\t\t\t\t<div class=\"elementor-element elementor-element-1b790388 elementor-position-top elementor-widget elementor-widget-image-box\" data-id=\"1b790388\" data-element_type=\"widget\" data-widget_type=\"image-box.default\">\n\t\t\t\t<div class=\"elementor-widget-container\">\n\t\t\t<div class=\"elementor-image-box-wrapper\"><figure class=\"elementor-image-box-img\"><a href=\"mailto:info@sundhedsspir.de\" tabindex=\"-1\"><img decoding=\"async\" width=\"500\" height=\"440\" src=\"https:\/\/sundhedsspir.de\/wp-content\/uploads\/2023\/09\/Mail-icon-1.png\" class=\"attachment-full size-full wp-image-714\" alt=\"\" srcset=\"https:\/\/sundhedsspir.de\/wp-content\/uploads\/2023\/09\/Mail-icon-1.png 500w, https:\/\/sundhedsspir.de\/wp-content\/uploads\/2023\/09\/Mail-icon-1-300x264.png 300w, https:\/\/sundhedsspir.de\/wp-content\/uploads\/2023\/09\/Mail-icon-1-1x1.png 1w, https:\/\/sundhedsspir.de\/wp-content\/uploads\/2023\/09\/Mail-icon-1-10x10.png 10w\" sizes=\"(max-width: 500px) 100vw, 500px\" \/><\/a><\/figure><div class=\"elementor-image-box-content\"><h3 class=\"elementor-image-box-title\"><a href=\"mailto:info@sundhedsspir.de\">Schicken Sie uns eine Nachricht<\/a><\/h3><p class=\"elementor-image-box-description\">info@sundhedsspir.de<\/p><\/div><\/div>\t\t<\/div>\n\t\t\t\t<\/div>\n\t\t\t\t\t<\/div>\n\t\t<\/div>\n\t\t\t\t\t\t\t<\/div>\n\t\t<\/section>\n\t\t\t\t\t<\/div>\n\t\t<\/div>\n\t\t\t\t\t\t\t<\/div>\n\t\t<\/section>\n\t\t\t\t<section class=\"elementor-section elementor-top-section elementor-element elementor-element-490fe401 elementor-section-boxed elementor-section-height-default elementor-section-height-default\" data-id=\"490fe401\" data-element_type=\"section\" data-settings=\"{&quot;background_background&quot;:&quot;slideshow&quot;,&quot;shape_divider_top&quot;:&quot;waves&quot;,&quot;background_slideshow_gallery&quot;:[{&quot;id&quot;:44,&quot;url&quot;:&quot;https:\\\/\\\/sundhedsspir.de\\\/wp-content\\\/uploads\\\/2023\\\/09\\\/pexels-nipananlifestylecom-1581484-scaled.jpg&quot;}],&quot;background_slideshow_loop&quot;:&quot;yes&quot;,&quot;background_slideshow_slide_duration&quot;:5000,&quot;background_slideshow_slide_transition&quot;:&quot;fade&quot;,&quot;background_slideshow_transition_duration&quot;:500}\">\n\t\t\t\t\t\t\t<div class=\"elementor-background-overlay\"><\/div>\n\t\t\t\t\t\t<div class=\"elementor-shape elementor-shape-top\" data-negative=\"false\">\n\t\t\t<svg xmlns=\"http:\/\/www.w3.org\/2000\/svg\" viewbox=\"0 0 1000 100\" preserveaspectratio=\"none\">\n\t<path class=\"elementor-shape-fill\" d=\"M421.9,6.5c22.6-2.5,51.5,0.4,75.5,5.3c23.6,4.9,70.9,23.5,100.5,35.7c75.8,32.2,133.7,44.5,192.6,49.7\tc23.6,2.1,48.7,3.5,103.4-2.5c54.7-6,106.2-25.6,106.2-25.6V0H0v30.3c0,0,72,32.6,158.4,30.5c39.2-0.7,92.8-6.7,134-22.4\tc21.2-8.1,52.2-18.2,79.7-24.2C399.3,7.9,411.6,7.5,421.9,6.5z\"\/>\n<\/svg>\t\t<\/div>\n\t\t\t\t\t<div class=\"elementor-container elementor-column-gap-default\">\n\t\t\t\t\t<div class=\"elementor-column elementor-col-50 elementor-top-column elementor-element elementor-element-32669a37\" data-id=\"32669a37\" data-element_type=\"column\">\n\t\t\t<div class=\"elementor-widget-wrap elementor-element-populated\">\n\t\t\t\t\t\t\t\t<div class=\"elementor-element elementor-element-477e4491 elementor-widget elementor-widget-heading\" data-id=\"477e4491\" data-element_type=\"widget\" data-widget_type=\"heading.default\">\n\t\t\t\t<div class=\"elementor-widget-container\">\n\t\t\t<h4 class=\"elementor-heading-title elementor-size-default\">Erfahren Sie mehr \u00fcber Matcha-Tee.<\/h4>\t\t<\/div>\n\t\t\t\t<\/div>\n\t\t\t\t<div class=\"elementor-element elementor-element-7aef6b76 elementor-mobile-align-center elementor-widget elementor-widget-button\" data-id=\"7aef6b76\" data-element_type=\"widget\" data-widget_type=\"button.default\">\n\t\t\t\t<div class=\"elementor-widget-container\">\n\t\t\t\t\t<div class=\"elementor-button-wrapper\">\n\t\t\t<a class=\"elementor-button elementor-button-link elementor-size-md\" href=\"https:\/\/sundhedsspir.de\/de\/matcha\/\">\n\t\t\t\t\t\t<span class=\"elementor-button-content-wrapper\">\n\t\t\t\t\t\t<span class=\"elementor-button-icon elementor-align-icon-right\">\n\t\t\t\t<i aria-hidden=\"true\" class=\"fas fa-arrow-right\"><\/i>\t\t\t<\/span>\n\t\t\t\t\t\t<span class=\"elementor-button-text\">\u00dcber Matcha-Tee<\/span>\n\t\t<\/span>\n\t\t\t\t\t<\/a>\n\t\t<\/div>\n\t\t\t\t<\/div>\n\t\t\t\t<\/div>\n\t\t\t\t\t<\/div>\n\t\t<\/div>\n\t\t\t\t<div class=\"elementor-column elementor-col-50 elementor-top-column elementor-element elementor-element-4a16d5a9\" data-id=\"4a16d5a9\" data-element_type=\"column\">\n\t\t\t<div class=\"elementor-widget-wrap elementor-element-populated\">\n\t\t\t\t\t\t\t\t<div class=\"elementor-element elementor-element-12db3e74 elementor-widget elementor-widget-image\" data-id=\"12db3e74\" data-element_type=\"widget\" data-settings=\"{&quot;motion_fx_motion_fx_scrolling&quot;:&quot;yes&quot;,&quot;motion_fx_translateY_effect&quot;:&quot;yes&quot;,&quot;motion_fx_translateY_direction&quot;:&quot;negative&quot;,&quot;motion_fx_translateY_speed&quot;:{&quot;unit&quot;:&quot;px&quot;,&quot;size&quot;:&quot;1&quot;,&quot;sizes&quot;:[]},&quot;motion_fx_devices&quot;:[&quot;desktop&quot;,&quot;tablet&quot;],&quot;motion_fx_translateY_affectedRange&quot;:{&quot;unit&quot;:&quot;%&quot;,&quot;size&quot;:&quot;&quot;,&quot;sizes&quot;:{&quot;start&quot;:&quot;0&quot;,&quot;end&quot;:&quot;50&quot;}}}\" data-widget_type=\"image.default\">\n\t\t\t\t<div class=\"elementor-widget-container\">\n\t\t\t<style>\/*! elementor - v3.16.0 - 20-09-2023 *\/\n.elementor-widget-image{text-align:center}.elementor-widget-image a{display:inline-block}.elementor-widget-image a img[src$=\".svg\"]{width:48px}.elementor-widget-image img{vertical-align:middle;display:inline-block}<\/style>\t\t\t\t\t\t\t\t\t\t\t\t<img decoding=\"async\" width=\"541\" height=\"540\" src=\"https:\/\/sundhedsspir.de\/wp-content\/uploads\/2023\/09\/Screenshot-2023-09-08-at-01.39.33.png\" class=\"attachment-full size-full wp-image-198\" alt=\"\" srcset=\"https:\/\/sundhedsspir.de\/wp-content\/uploads\/2023\/09\/Screenshot-2023-09-08-at-01.39.33.png 541w, https:\/\/sundhedsspir.de\/wp-content\/uploads\/2023\/09\/Screenshot-2023-09-08-at-01.39.33-300x300.png 300w, https:\/\/sundhedsspir.de\/wp-content\/uploads\/2023\/09\/Screenshot-2023-09-08-at-01.39.33-150x150.png 150w, https:\/\/sundhedsspir.de\/wp-content\/uploads\/2023\/09\/Screenshot-2023-09-08-at-01.39.33-100x100.png 100w, https:\/\/sundhedsspir.de\/wp-content\/uploads\/2023\/09\/Screenshot-2023-09-08-at-01.39.33-1x1.png 1w, https:\/\/sundhedsspir.de\/wp-content\/uploads\/2023\/09\/Screenshot-2023-09-08-at-01.39.33-10x10.png 10w\" sizes=\"(max-width: 541px) 100vw, 541px\" \/>\t\t\t\t\t\t\t\t\t\t\t\t\t\t\t<\/div>\n\t\t\t\t<\/div>\n\t\t\t\t\t<\/div>\n\t\t<\/div>\n\t\t\t\t\t\t\t<\/div>\n\t\t<\/section>\n\t\t\t\t\t\t\t<\/div>","protected":false},"excerpt":{"rendered":"<p>\u00dcber uns Unser B\u00fcro Stroofstra\u00dfe 27, Frankfurt am Main, DE-BE &#8211; Germany, 65933 Schicken Sie uns eine Nachricht info@sundhedsspir.de Erfahren Sie mehr \u00fcber Matcha-Tee. \u00dcber Matcha-Tee<\/p>","protected":false},"author":1,"featured_media":0,"parent":0,"menu_order":0,"comment_status":"closed","ping_status":"closed","template":"elementor_header_footer","meta":{"inline_featured_image":false,"footnotes":""},"class_list":["post-21","page","type-page","status-publish","hentry"],"yoast_head":"<!-- This site is optimized with the Yoast SEO Premium plugin v21.4 (Yoast SEO v23.3) - https:\/\/yoast.com\/wordpress\/plugins\/seo\/ -->\n<title>Contact - Sundhedsspir<\/title>\n<meta name=\"robots\" content=\"index, follow, max-snippet:-1, max-image-preview:large, max-video-preview:-1\" \/>\n<link rel=\"canonical\" href=\"https:\/\/sundhedsspir.de\/de\/contact\/\" \/>\n<meta property=\"og:locale\" content=\"de_DE\" \/>\n<meta property=\"og:type\" content=\"article\" \/>\n<meta property=\"og:title\" content=\"Contact\" \/>\n<meta property=\"og:description\" content=\"\u00dcber uns Unser B\u00fcro Stroofstra\u00dfe 27, Frankfurt am Main, DE-BE &#8211; Germany, 65933 Schicken Sie uns eine Nachricht info@sundhedsspir.de Erfahren Sie mehr \u00fcber Matcha-Tee. \u00dcber Matcha-Tee\" \/>\n<meta property=\"og:url\" content=\"https:\/\/sundhedsspir.de\/de\/contact\/\" \/>\n<meta property=\"og:site_name\" content=\"Sundhedsspir\" \/>\n<meta property=\"article:modified_time\" content=\"2024-09-17T09:37:49+00:00\" \/>\n<meta property=\"og:image\" content=\"https:\/\/sundhedsspir.de\/wp-content\/uploads\/2023\/09\/Location-Icon-1.png\" \/>\n<meta name=\"twitter:card\" content=\"summary_large_image\" \/>\n<meta name=\"twitter:label1\" content=\"Gesch\u00e4tzte Lesezeit\" \/>\n\t<meta name=\"twitter:data1\" content=\"1\u00a0Minute\" \/>\n<script type=\"application\/ld+json\" class=\"yoast-schema-graph\">{\"@context\":\"https:\/\/schema.org\",\"@graph\":[{\"@type\":\"WebPage\",\"@id\":\"https:\/\/sundhedsspir.de\/contact\/\",\"url\":\"https:\/\/sundhedsspir.de\/contact\/\",\"name\":\"Contact - Sundhedsspir\",\"isPartOf\":{\"@id\":\"https:\/\/sundhedsspir.de\/#website\"},\"primaryImageOfPage\":{\"@id\":\"https:\/\/sundhedsspir.de\/contact\/#primaryimage\"},\"image\":{\"@id\":\"https:\/\/sundhedsspir.de\/contact\/#primaryimage\"},\"thumbnailUrl\":\"https:\/\/sundhedsspir.de\/wp-content\/uploads\/2023\/09\/Location-Icon-1.png\",\"datePublished\":\"2023-09-07T21:01:14+00:00\",\"dateModified\":\"2024-09-17T09:37:49+00:00\",\"breadcrumb\":{\"@id\":\"https:\/\/sundhedsspir.de\/contact\/#breadcrumb\"},\"inLanguage\":\"de\",\"potentialAction\":[{\"@type\":\"ReadAction\",\"target\":[\"https:\/\/sundhedsspir.de\/contact\/\"]}]},{\"@type\":\"ImageObject\",\"inLanguage\":\"de\",\"@id\":\"https:\/\/sundhedsspir.de\/contact\/#primaryimage\",\"url\":\"https:\/\/sundhedsspir.de\/wp-content\/uploads\/2023\/09\/Location-Icon-1.png\",\"contentUrl\":\"https:\/\/sundhedsspir.de\/wp-content\/uploads\/2023\/09\/Location-Icon-1.png\"},{\"@type\":\"BreadcrumbList\",\"@id\":\"https:\/\/sundhedsspir.de\/contact\/#breadcrumb\",\"itemListElement\":[{\"@type\":\"ListItem\",\"position\":1,\"name\":\"Home\",\"item\":\"https:\/\/sundhedsspir.de\/\"},{\"@type\":\"ListItem\",\"position\":2,\"name\":\"Contact\"}]},{\"@type\":\"WebSite\",\"@id\":\"https:\/\/sundhedsspir.de\/#website\",\"url\":\"https:\/\/sundhedsspir.de\/\",\"name\":\"Sundhedsspir\",\"description\":\"\",\"publisher\":{\"@id\":\"https:\/\/sundhedsspir.de\/#organization\"},\"potentialAction\":[{\"@type\":\"SearchAction\",\"target\":{\"@type\":\"EntryPoint\",\"urlTemplate\":\"https:\/\/sundhedsspir.de\/?s={search_term_string}\"},\"query-input\":\"required name=search_term_string\"}],\"inLanguage\":\"de\"},{\"@type\":\"Organization\",\"@id\":\"https:\/\/sundhedsspir.de\/#organization\",\"name\":\"Sundhedsspir\",\"url\":\"https:\/\/sundhedsspir.de\/\",\"logo\":{\"@type\":\"ImageObject\",\"inLanguage\":\"de\",\"@id\":\"https:\/\/sundhedsspir.de\/#\/schema\/logo\/image\/\",\"url\":\"https:\/\/sundhedsspir.de\/wp-content\/uploads\/2023\/09\/sundhed-logo.png\",\"contentUrl\":\"https:\/\/sundhedsspir.de\/wp-content\/uploads\/2023\/09\/sundhed-logo.png\",\"width\":1131,\"height\":1071,\"caption\":\"Sundhedsspir\"},\"image\":{\"@id\":\"https:\/\/sundhedsspir.de\/#\/schema\/logo\/image\/\"}}]}<\/script>\n<!-- \/ Yoast SEO Premium plugin. -->","yoast_head_json":{"title":"Contact - Sundhedsspir","robots":{"index":"index","follow":"follow","max-snippet":"max-snippet:-1","max-image-preview":"max-image-preview:large","max-video-preview":"max-video-preview:-1"},"canonical":"https:\/\/sundhedsspir.de\/de\/contact\/","og_locale":"de_DE","og_type":"article","og_title":"Contact","og_description":"\u00dcber uns Unser B\u00fcro Stroofstra\u00dfe 27, Frankfurt am Main, DE-BE &#8211; Germany, 65933 Schicken Sie uns eine Nachricht info@sundhedsspir.de Erfahren Sie mehr \u00fcber Matcha-Tee. \u00dcber Matcha-Tee","og_url":"https:\/\/sundhedsspir.de\/de\/contact\/","og_site_name":"Sundhedsspir","article_modified_time":"2024-09-17T09:37:49+00:00","og_image":[{"url":"https:\/\/sundhedsspir.de\/wp-content\/uploads\/2023\/09\/Location-Icon-1.png"}],"twitter_card":"summary_large_image","twitter_misc":{"Gesch\u00e4tzte Lesezeit":"1\u00a0Minute"},"schema":{"@context":"https:\/\/schema.org","@graph":[{"@type":"WebPage","@id":"https:\/\/sundhedsspir.de\/contact\/","url":"https:\/\/sundhedsspir.de\/contact\/","name":"Contact - Sundhedsspir","isPartOf":{"@id":"https:\/\/sundhedsspir.de\/#website"},"primaryImageOfPage":{"@id":"https:\/\/sundhedsspir.de\/contact\/#primaryimage"},"image":{"@id":"https:\/\/sundhedsspir.de\/contact\/#primaryimage"},"thumbnailUrl":"https:\/\/sundhedsspir.de\/wp-content\/uploads\/2023\/09\/Location-Icon-1.png","datePublished":"2023-09-07T21:01:14+00:00","dateModified":"2024-09-17T09:37:49+00:00","breadcrumb":{"@id":"https:\/\/sundhedsspir.de\/contact\/#breadcrumb"},"inLanguage":"de","potentialAction":[{"@type":"ReadAction","target":["https:\/\/sundhedsspir.de\/contact\/"]}]},{"@type":"ImageObject","inLanguage":"de","@id":"https:\/\/sundhedsspir.de\/contact\/#primaryimage","url":"https:\/\/sundhedsspir.de\/wp-content\/uploads\/2023\/09\/Location-Icon-1.png","contentUrl":"https:\/\/sundhedsspir.de\/wp-content\/uploads\/2023\/09\/Location-Icon-1.png"},{"@type":"BreadcrumbList","@id":"https:\/\/sundhedsspir.de\/contact\/#breadcrumb","itemListElement":[{"@type":"ListItem","position":1,"name":"Home","item":"https:\/\/sundhedsspir.de\/"},{"@type":"ListItem","position":2,"name":"Contact"}]},{"@type":"WebSite","@id":"https:\/\/sundhedsspir.de\/#website","url":"https:\/\/sundhedsspir.de\/","name":"Sundhedsspir","description":"","publisher":{"@id":"https:\/\/sundhedsspir.de\/#organization"},"potentialAction":[{"@type":"SearchAction","target":{"@type":"EntryPoint","urlTemplate":"https:\/\/sundhedsspir.de\/?s={search_term_string}"},"query-input":"required name=search_term_string"}],"inLanguage":"de"},{"@type":"Organization","@id":"https:\/\/sundhedsspir.de\/#organization","name":"Sundhedsspir","url":"https:\/\/sundhedsspir.de\/","logo":{"@type":"ImageObject","inLanguage":"de","@id":"https:\/\/sundhedsspir.de\/#\/schema\/logo\/image\/","url":"https:\/\/sundhedsspir.de\/wp-content\/uploads\/2023\/09\/sundhed-logo.png","contentUrl":"https:\/\/sundhedsspir.de\/wp-content\/uploads\/2023\/09\/sundhed-logo.png","width":1131,"height":1071,"caption":"Sundhedsspir"},"image":{"@id":"https:\/\/sundhedsspir.de\/#\/schema\/logo\/image\/"}}]}},"jetpack_sharing_enabled":true,"_links":{"self":[{"href":"https:\/\/sundhedsspir.de\/de\/wp-json\/wp\/v2\/pages\/21","targetHints":{"allow":["GET"]}}],"collection":[{"href":"https:\/\/sundhedsspir.de\/de\/wp-json\/wp\/v2\/pages"}],"about":[{"href":"https:\/\/sundhedsspir.de\/de\/wp-json\/wp\/v2\/types\/page"}],"author":[{"embeddable":true,"href":"https:\/\/sundhedsspir.de\/de\/wp-json\/wp\/v2\/users\/1"}],"replies":[{"embeddable":true,"href":"https:\/\/sundhedsspir.de\/de\/wp-json\/wp\/v2\/comments?post=21"}],"version-history":[{"count":12,"href":"https:\/\/sundhedsspir.de\/de\/wp-json\/wp\/v2\/pages\/21\/revisions"}],"predecessor-version":[{"id":2293,"href":"https:\/\/sundhedsspir.de\/de\/wp-json\/wp\/v2\/pages\/21\/revisions\/2293"}],"wp:attachment":[{"href":"https:\/\/sundhedsspir.de\/de\/wp-json\/wp\/v2\/media?parent=21"}],"curies":[{"name":"wp","href":"https:\/\/api.w.org\/{rel}","templated":true}]}}