{"id":136,"date":"2023-09-07T22:54:09","date_gmt":"2023-09-07T22:54:09","guid":{"rendered":"https:\/\/sundhedsspir.de\/?post_type=product&#038;p=136"},"modified":"2024-09-03T00:45:09","modified_gmt":"2024-09-02T22:45:09","slug":"groses-matcha-gruntee-pulver","status":"publish","type":"product","link":"https:\/\/sundhedsspir.de\/de\/product\/groses-matcha-gruntee-pulver\/","title":{"rendered":"\u00d6kologisches Matcha Gr\u00fcntee-Pulver"},"content":{"rendered":"<p><strong>\u00dcber diesen Matcha-Tee<\/strong><\/p>\n<p>Unser Matcha Gr\u00fcntee stammt von den zarten Gyokuro-Bl\u00e4ttern, die in ihrem jungen Stadium ausgew\u00e4hlt werden. Nach dem Dampfen werden die Bl\u00e4tter getrocknet und zu einem feinen Pulver gemahlen. Dieser Tee ist ein stolzes Beispiel aus der Uji-Region in Japan, bekannt f\u00fcr einige der renommiertesten Tees des Landes. Jede Portion dieses Tees zeugt von der Hingabe von der Plantage bis zur Tasse. Auf den historischen B\u00f6den von Uji angebaut, ist dieser Matcha-Tee eine Familientradition, in der Generation um Generation die Teepflanzen mit handwerklicher Expertise gepflegt und gehegt hat.<\/p>\n<p><strong>Zutaten:<\/strong><\/p>\n<p>Matcha Gr\u00fcntee-Pulver *\u00d6kologisch angebaut.<\/p>\n<p><strong>Zubereitungsvorschl\u00e4ge:<\/strong><\/p>\n<ul>\n<li><strong>Warmer Tee:<\/strong> F\u00fcgen Sie hei\u00dfes Wasser (70\u00b0C) hinzu und r\u00fchren Sie um. (1 Teel\u00f6ffel Matcha)<\/li>\n<li><strong>In Geb\u00e4ck:<\/strong> F\u00fcgen Sie Matcha in Rezepte wie Pfannkuchen, Kuchen oder Eis ein.<\/li>\n<li><strong>Kaltes Getr\u00e4nk:<\/strong> Mischen Sie mit Eiswasser oder Milch. (1 Teel\u00f6ffel Matcha)<\/li>\n<\/ul>\n<p><strong>Rezeptvorschl\u00e4ge:<\/strong><\/p>\n<p><strong>Kaltes Matcha Latte:<\/strong><\/p>\n<ul>\n<li>1 TL Matcha<\/li>\n<li>0,5 dl Wasser (80 Grad hei\u00df)<\/li>\n<li>Eisw\u00fcrfel<\/li>\n<li>Milch (wir verwenden Vanille-Sojadrink)<\/li>\n<li>Optional: Sirup<\/li>\n<\/ul>\n<p>Mischen Sie alle Zutaten gut und genie\u00dfen Sie Ihr erfrischendes Getr\u00e4nk!<\/p>","protected":false},"excerpt":{"rendered":"<p>Tonic &#8211; Getr\u00e4nke und kulinarische Zubereitungen. Dieser Matcha-Gr\u00fcntee wird aus ged\u00e4mpften, jungen Bl\u00e4ttern der Premium-Gyokuro-Tee-Pflanze hergestellt, die anschlie\u00dfend getrocknet und mit einem Steinmahlwerk zu Pulver gemahlen werden. Er regt den Geist auf vier Arten an: als hei\u00dfe Tasse, als Smoothie, als traditionell aufgeschlagener Matcha oder in Kuchen und Eis eingebaut.<\/p>\n<p>Hergestellt aus Bl\u00e4ttern der zweiten Ernte, wird er in beschatteten Plantagen produziert. Um den Anteil an Aminos\u00e4uren wie dem ber\u00fchmten L-Theanin zu erh\u00f6hen, werden die Teestr\u00e4ucher drei Wochen vor der Ernte im Schatten angebaut.<\/p>\n<p>In Uji, Japan, dem historischen Heimatort des japanischen Gr\u00fcntees, wird dieser Matcha-Gr\u00fcntee seit Generationen von Vater zu Sohn kultiviert: Handgefertigt, um das Wachstum der Teestr\u00e4ucher zu \u00fcberwachen.*<\/p>","protected":false},"featured_media":1322,"comment_status":"open","ping_status":"closed","template":"","meta":{"inline_featured_image":false},"product_cat":[31],"product_tag":[],"class_list":{"0":"post-136","1":"product","2":"type-product","3":"status-publish","4":"has-post-thumbnail","6":"product_cat-matcha","8":"first","9":"instock","10":"taxable","11":"shipping-taxable","12":"purchasable","13":"product-type-simple"},"yoast_head":"<!-- This site is optimized with the Yoast SEO Premium plugin v21.4 (Yoast SEO v23.3) - https:\/\/yoast.com\/wordpress\/plugins\/seo\/ -->\n<title>\u00d6kologisches Matcha Gr\u00fcntee-Pulver - Sundhedsspir<\/title>\n<meta name=\"description\" content=\"Authentisches Matcha Gr\u00fcntee-Pulver aus dem prestigetr\u00e4chtigen Terroir der Uji-Region. Reich an L-Theanin und perfekt f\u00fcr verschiedene Zubereitungen.\" \/>\n<meta name=\"robots\" content=\"index, follow, max-snippet:-1, max-image-preview:large, max-video-preview:-1\" \/>\n<link rel=\"canonical\" href=\"https:\/\/sundhedsspir.de\/de\/produkt\/groses-matcha-gruntee-pulver\/\" \/>\n<meta property=\"og:locale\" content=\"de_DE\" \/>\n<meta property=\"og:type\" content=\"article\" \/>\n<meta property=\"og:title\" content=\"\u00d6kologisches Matcha Gr\u00fcntee-Pulver\" \/>\n<meta property=\"og:description\" content=\"Authentisches Matcha Gr\u00fcntee-Pulver aus dem prestigetr\u00e4chtigen Terroir der Uji-Region. Reich an L-Theanin und perfekt f\u00fcr verschiedene Zubereitungen.\" \/>\n<meta property=\"og:url\" content=\"https:\/\/sundhedsspir.de\/de\/produkt\/groses-matcha-gruntee-pulver\/\" \/>\n<meta property=\"og:site_name\" content=\"Sundhedsspir\" \/>\n<meta property=\"article:modified_time\" content=\"2024-09-02T22:45:09+00:00\" \/>\n<meta property=\"og:image\" content=\"https:\/\/sundhedsspir.de\/wp-content\/uploads\/2023\/09\/matcha-same-1-min.png\" \/>\n\t<meta property=\"og:image:width\" content=\"3618\" \/>\n\t<meta property=\"og:image:height\" content=\"4100\" \/>\n\t<meta property=\"og:image:type\" content=\"image\/png\" \/>\n<meta name=\"twitter:card\" content=\"summary_large_image\" \/>\n<meta name=\"twitter:label1\" content=\"Gesch\u00e4tzte Lesezeit\" \/>\n\t<meta name=\"twitter:data1\" content=\"2\u00a0Minuten\" \/>\n<script type=\"application\/ld+json\" class=\"yoast-schema-graph\">{\"@context\":\"https:\/\/schema.org\",\"@graph\":[{\"@type\":\"WebPage\",\"@id\":\"https:\/\/sundhedsspir.de\/vare\/groses-matcha-gruntee-pulver\/\",\"url\":\"https:\/\/sundhedsspir.de\/vare\/groses-matcha-gruntee-pulver\/\",\"name\":\"\u00d6kologisches Matcha Gr\u00fcntee-Pulver - Sundhedsspir\",\"isPartOf\":{\"@id\":\"https:\/\/sundhedsspir.de\/#website\"},\"primaryImageOfPage\":{\"@id\":\"https:\/\/sundhedsspir.de\/vare\/groses-matcha-gruntee-pulver\/#primaryimage\"},\"image\":{\"@id\":\"https:\/\/sundhedsspir.de\/vare\/groses-matcha-gruntee-pulver\/#primaryimage\"},\"thumbnailUrl\":\"https:\/\/sundhedsspir.de\/wp-content\/uploads\/2023\/09\/matcha-same-1-min.png\",\"datePublished\":\"2023-09-07T22:54:09+00:00\",\"dateModified\":\"2024-09-02T22:45:09+00:00\",\"description\":\"Authentisches Matcha Gr\u00fcntee-Pulver aus dem prestigetr\u00e4chtigen Terroir der Uji-Region. Reich an L-Theanin und perfekt f\u00fcr verschiedene Zubereitungen.\",\"breadcrumb\":{\"@id\":\"https:\/\/sundhedsspir.de\/vare\/groses-matcha-gruntee-pulver\/#breadcrumb\"},\"inLanguage\":\"de\",\"potentialAction\":[{\"@type\":\"ReadAction\",\"target\":[\"https:\/\/sundhedsspir.de\/vare\/groses-matcha-gruntee-pulver\/\"]}]},{\"@type\":\"ImageObject\",\"inLanguage\":\"de\",\"@id\":\"https:\/\/sundhedsspir.de\/vare\/groses-matcha-gruntee-pulver\/#primaryimage\",\"url\":\"https:\/\/sundhedsspir.de\/wp-content\/uploads\/2023\/09\/matcha-same-1-min.png\",\"contentUrl\":\"https:\/\/sundhedsspir.de\/wp-content\/uploads\/2023\/09\/matcha-same-1-min.png\",\"width\":3618,\"height\":4100,\"caption\":\"Matcha pulver\"},{\"@type\":\"BreadcrumbList\",\"@id\":\"https:\/\/sundhedsspir.de\/vare\/groses-matcha-gruntee-pulver\/#breadcrumb\",\"itemListElement\":[{\"@type\":\"ListItem\",\"position\":1,\"name\":\"Home\",\"item\":\"https:\/\/sundhedsspir.de\/\"},{\"@type\":\"ListItem\",\"position\":2,\"name\":\"Shop\",\"item\":\"https:\/\/sundhedsspir.de\/shop\/\"},{\"@type\":\"ListItem\",\"position\":3,\"name\":\"\u00d6kologisches Matcha Gr\u00fcntee-Pulver\"}]},{\"@type\":\"WebSite\",\"@id\":\"https:\/\/sundhedsspir.de\/#website\",\"url\":\"https:\/\/sundhedsspir.de\/\",\"name\":\"Sundhedsspir\",\"description\":\"\",\"publisher\":{\"@id\":\"https:\/\/sundhedsspir.de\/#organization\"},\"potentialAction\":[{\"@type\":\"SearchAction\",\"target\":{\"@type\":\"EntryPoint\",\"urlTemplate\":\"https:\/\/sundhedsspir.de\/?s={search_term_string}\"},\"query-input\":\"required name=search_term_string\"}],\"inLanguage\":\"de\"},{\"@type\":\"Organization\",\"@id\":\"https:\/\/sundhedsspir.de\/#organization\",\"name\":\"Sundhedsspir\",\"url\":\"https:\/\/sundhedsspir.de\/\",\"logo\":{\"@type\":\"ImageObject\",\"inLanguage\":\"de\",\"@id\":\"https:\/\/sundhedsspir.de\/#\/schema\/logo\/image\/\",\"url\":\"https:\/\/sundhedsspir.de\/wp-content\/uploads\/2023\/09\/sundhed-logo.png\",\"contentUrl\":\"https:\/\/sundhedsspir.de\/wp-content\/uploads\/2023\/09\/sundhed-logo.png\",\"width\":1131,\"height\":1071,\"caption\":\"Sundhedsspir\"},\"image\":{\"@id\":\"https:\/\/sundhedsspir.de\/#\/schema\/logo\/image\/\"}}]}<\/script>\n<!-- \/ Yoast SEO Premium plugin. -->","yoast_head_json":{"title":"\u00d6kologisches Matcha Gr\u00fcntee-Pulver - Sundhedsspir","description":"Authentisches Matcha Gr\u00fcntee-Pulver aus dem prestigetr\u00e4chtigen Terroir der Uji-Region. Reich an L-Theanin und perfekt f\u00fcr verschiedene Zubereitungen.","robots":{"index":"index","follow":"follow","max-snippet":"max-snippet:-1","max-image-preview":"max-image-preview:large","max-video-preview":"max-video-preview:-1"},"canonical":"https:\/\/sundhedsspir.de\/de\/produkt\/groses-matcha-gruntee-pulver\/","og_locale":"de_DE","og_type":"article","og_title":"\u00d6kologisches Matcha Gr\u00fcntee-Pulver","og_description":"Authentisches Matcha Gr\u00fcntee-Pulver aus dem prestigetr\u00e4chtigen Terroir der Uji-Region. Reich an L-Theanin und perfekt f\u00fcr verschiedene Zubereitungen.","og_url":"https:\/\/sundhedsspir.de\/de\/produkt\/groses-matcha-gruntee-pulver\/","og_site_name":"Sundhedsspir","article_modified_time":"2024-09-02T22:45:09+00:00","og_image":[{"width":3618,"height":4100,"url":"https:\/\/sundhedsspir.de\/wp-content\/uploads\/2023\/09\/matcha-same-1-min.png","type":"image\/png"}],"twitter_card":"summary_large_image","twitter_misc":{"Gesch\u00e4tzte Lesezeit":"2\u00a0Minuten"},"schema":{"@context":"https:\/\/schema.org","@graph":[{"@type":"WebPage","@id":"https:\/\/sundhedsspir.de\/vare\/groses-matcha-gruntee-pulver\/","url":"https:\/\/sundhedsspir.de\/vare\/groses-matcha-gruntee-pulver\/","name":"\u00d6kologisches Matcha Gr\u00fcntee-Pulver - Sundhedsspir","isPartOf":{"@id":"https:\/\/sundhedsspir.de\/#website"},"primaryImageOfPage":{"@id":"https:\/\/sundhedsspir.de\/vare\/groses-matcha-gruntee-pulver\/#primaryimage"},"image":{"@id":"https:\/\/sundhedsspir.de\/vare\/groses-matcha-gruntee-pulver\/#primaryimage"},"thumbnailUrl":"https:\/\/sundhedsspir.de\/wp-content\/uploads\/2023\/09\/matcha-same-1-min.png","datePublished":"2023-09-07T22:54:09+00:00","dateModified":"2024-09-02T22:45:09+00:00","description":"Authentisches Matcha Gr\u00fcntee-Pulver aus dem prestigetr\u00e4chtigen Terroir der Uji-Region. Reich an L-Theanin und perfekt f\u00fcr verschiedene Zubereitungen.","breadcrumb":{"@id":"https:\/\/sundhedsspir.de\/vare\/groses-matcha-gruntee-pulver\/#breadcrumb"},"inLanguage":"de","potentialAction":[{"@type":"ReadAction","target":["https:\/\/sundhedsspir.de\/vare\/groses-matcha-gruntee-pulver\/"]}]},{"@type":"ImageObject","inLanguage":"de","@id":"https:\/\/sundhedsspir.de\/vare\/groses-matcha-gruntee-pulver\/#primaryimage","url":"https:\/\/sundhedsspir.de\/wp-content\/uploads\/2023\/09\/matcha-same-1-min.png","contentUrl":"https:\/\/sundhedsspir.de\/wp-content\/uploads\/2023\/09\/matcha-same-1-min.png","width":3618,"height":4100,"caption":"Matcha pulver"},{"@type":"BreadcrumbList","@id":"https:\/\/sundhedsspir.de\/vare\/groses-matcha-gruntee-pulver\/#breadcrumb","itemListElement":[{"@type":"ListItem","position":1,"name":"Home","item":"https:\/\/sundhedsspir.de\/"},{"@type":"ListItem","position":2,"name":"Shop","item":"https:\/\/sundhedsspir.de\/shop\/"},{"@type":"ListItem","position":3,"name":"\u00d6kologisches Matcha Gr\u00fcntee-Pulver"}]},{"@type":"WebSite","@id":"https:\/\/sundhedsspir.de\/#website","url":"https:\/\/sundhedsspir.de\/","name":"Sundhedsspir","description":"","publisher":{"@id":"https:\/\/sundhedsspir.de\/#organization"},"potentialAction":[{"@type":"SearchAction","target":{"@type":"EntryPoint","urlTemplate":"https:\/\/sundhedsspir.de\/?s={search_term_string}"},"query-input":"required name=search_term_string"}],"inLanguage":"de"},{"@type":"Organization","@id":"https:\/\/sundhedsspir.de\/#organization","name":"Sundhedsspir","url":"https:\/\/sundhedsspir.de\/","logo":{"@type":"ImageObject","inLanguage":"de","@id":"https:\/\/sundhedsspir.de\/#\/schema\/logo\/image\/","url":"https:\/\/sundhedsspir.de\/wp-content\/uploads\/2023\/09\/sundhed-logo.png","contentUrl":"https:\/\/sundhedsspir.de\/wp-content\/uploads\/2023\/09\/sundhed-logo.png","width":1131,"height":1071,"caption":"Sundhedsspir"},"image":{"@id":"https:\/\/sundhedsspir.de\/#\/schema\/logo\/image\/"}}]}},"jetpack_sharing_enabled":true,"_links":{"self":[{"href":"https:\/\/sundhedsspir.de\/de\/wp-json\/wp\/v2\/product\/136","targetHints":{"allow":["GET"]}}],"collection":[{"href":"https:\/\/sundhedsspir.de\/de\/wp-json\/wp\/v2\/product"}],"about":[{"href":"https:\/\/sundhedsspir.de\/de\/wp-json\/wp\/v2\/types\/product"}],"replies":[{"embeddable":true,"href":"https:\/\/sundhedsspir.de\/de\/wp-json\/wp\/v2\/comments?post=136"}],"wp:featuredmedia":[{"embeddable":true,"href":"https:\/\/sundhedsspir.de\/de\/wp-json\/wp\/v2\/media\/1322"}],"wp:attachment":[{"href":"https:\/\/sundhedsspir.de\/de\/wp-json\/wp\/v2\/media?parent=136"}],"wp:term":[{"taxonomy":"product_cat","embeddable":true,"href":"https:\/\/sundhedsspir.de\/de\/wp-json\/wp\/v2\/product_cat?post=136"},{"taxonomy":"product_tag","embeddable":true,"href":"https:\/\/sundhedsspir.de\/de\/wp-json\/wp\/v2\/product_tag?post=136"}],"curies":[{"name":"wp","href":"https:\/\/api.w.org\/{rel}","templated":true}]}}