{"id":157,"date":"2023-09-07T23:15:14","date_gmt":"2023-09-07T23:15:14","guid":{"rendered":"https:\/\/sundhedsspir.de\/?post_type=product&#038;p=157"},"modified":"2024-09-03T00:35:30","modified_gmt":"2024-09-02T22:35:30","slug":"kokos-matcha","status":"publish","type":"product","link":"https:\/\/sundhedsspir.de\/de\/product\/kokos-matcha\/","title":{"rendered":"Bio Instant Matcha Latte mit Kokos"},"content":{"rendered":"<p><strong>Zutaten:<\/strong><\/p>\n<ul>\n<li>56,7% Kokosmilchpulver (65% Kokos, Maltodextrin)<\/li>\n<li>Agavensirup<\/li>\n<li>10% Matcha-Tee-Pulver<\/li>\n<\/ul>\n<p><em>Alle Zutaten sind biologisch angebaut.<\/em><\/p>\n<p><strong>Anwendung:<\/strong><\/p>\n<p>Mischen Sie 2 Teel\u00f6ffel Matcha Coco in einer Tasse und f\u00fcgen Sie entweder hei\u00dfes oder kaltes Wasser hinzu. R\u00fchren Sie etwa 2 Minuten lang um. Dieser Matcha ist nat\u00fcrlich ges\u00fc\u00dft mit Kokos- und Agavenzucker \u2013 ideal f\u00fcr den Morgen oder als Erfrischung im B\u00fcro. Genie\u00dfen Sie ihn mit Wasser, Milch, pflanzlicher Milch, in Smoothie-Bowls oder in einem gemischten Frucht- und Gem\u00fcse-Saft.<\/p>\n<p><strong>\u00dcber Matcha Coco:<\/strong><\/p>\n<p>Matcha-Tee stammt aus der renommierten Region Uji, die f\u00fcr die Produktion einiger der besten Tees Japans bekannt ist.<\/p>\n<p><strong>Rezeptvorschlag:<\/strong><\/p>\n<p><strong>Matcha Shake:<\/strong><\/p>\n<ul>\n<li>2 Essl\u00f6ffel Matcha Coco<\/li>\n<li>150 ml Wasser<\/li>\n<li>3 Eisw\u00fcrfel<\/li>\n<\/ul>\n<p>Mischen Sie die Zutaten in einem gro\u00dfen Glas, und voil\u00e0! Erw\u00e4gen Sie, eine Kugel Vanilleeis f\u00fcr zus\u00e4tzlichen Geschmack hinzuzuf\u00fcgen.<\/p>","protected":false},"excerpt":{"rendered":"<p><strong>Leckerer Matcha-Latt\u00e9 mit Kokosgeschmack \u2013 einfach und blitzschnell!<\/strong> Das gr\u00fcne Wesen des Matchapulvers harmoniert perfekt mit der S\u00fc\u00dfe der Kokosnuss und schafft ein unwiderstehliches Getr\u00e4nk.<\/p>\n<p>Ideal, um deinen Tag zu beginnen oder als Begleiter im B\u00fcro.<\/p>\n<p>Mit Aromandise wird es ganz einfach. Mische das Pulver mit Wasser, pflanzlichem Getr\u00e4nk oder Milch. Probiere es auch in deinem Smoothie-Bowl oder in Saft mit Obst und Gem\u00fcse.<\/p>\n<p>Eine erfrischende Abwechslung zu deinem t\u00e4glichen Morgengetr\u00e4nk. Ein Muss f\u00fcr alle Matcha-Liebhaber!<\/p>","protected":false},"featured_media":1320,"comment_status":"open","ping_status":"closed","template":"","meta":{"inline_featured_image":false},"product_cat":[31],"product_tag":[],"class_list":{"0":"post-157","1":"product","2":"type-product","3":"status-publish","4":"has-post-thumbnail","6":"product_cat-matcha","8":"first","9":"instock","10":"taxable","11":"shipping-taxable","12":"purchasable","13":"product-type-simple"},"yoast_head":"<!-- This site is optimized with the Yoast SEO Premium plugin v21.4 (Yoast SEO v23.3) - https:\/\/yoast.com\/wordpress\/plugins\/seo\/ -->\n<title>Bio Instant Matcha Latte mit Kokos - Sundhedsspir<\/title>\n<meta name=\"description\" content=\"Ein fertig gemischtes Getr\u00e4nk, das die Frische von Matcha mit der S\u00fc\u00dfe von Kokos kombiniert. Hergestellt aus erstklassigen Gyokuro-Teebl\u00e4ttern.\" \/>\n<meta name=\"robots\" content=\"index, follow, max-snippet:-1, max-image-preview:large, max-video-preview:-1\" \/>\n<link rel=\"canonical\" href=\"https:\/\/sundhedsspir.de\/de\/produkt\/kokos-matcha\/\" \/>\n<meta property=\"og:locale\" content=\"de_DE\" \/>\n<meta property=\"og:type\" content=\"article\" \/>\n<meta property=\"og:title\" content=\"Bio Instant Matcha Latte mit Kokos\" \/>\n<meta property=\"og:description\" content=\"Ein fertig gemischtes Getr\u00e4nk, das die Frische von Matcha mit der S\u00fc\u00dfe von Kokos kombiniert. Hergestellt aus erstklassigen Gyokuro-Teebl\u00e4ttern.\" \/>\n<meta property=\"og:url\" content=\"https:\/\/sundhedsspir.de\/de\/produkt\/kokos-matcha\/\" \/>\n<meta property=\"og:site_name\" content=\"Sundhedsspir\" \/>\n<meta property=\"article:modified_time\" content=\"2024-09-02T22:35:30+00:00\" \/>\n<meta property=\"og:image\" content=\"https:\/\/sundhedsspir.de\/wp-content\/uploads\/2023\/09\/coco-2-min.png\" \/>\n\t<meta property=\"og:image:width\" content=\"3618\" \/>\n\t<meta property=\"og:image:height\" content=\"4100\" \/>\n\t<meta property=\"og:image:type\" content=\"image\/png\" \/>\n<meta name=\"twitter:card\" content=\"summary_large_image\" \/>\n<meta name=\"twitter:label1\" content=\"Gesch\u00e4tzte Lesezeit\" \/>\n\t<meta name=\"twitter:data1\" content=\"1\u00a0Minute\" \/>\n<script type=\"application\/ld+json\" class=\"yoast-schema-graph\">{\"@context\":\"https:\/\/schema.org\",\"@graph\":[{\"@type\":\"WebPage\",\"@id\":\"https:\/\/sundhedsspir.de\/vare\/kokos-matcha\/\",\"url\":\"https:\/\/sundhedsspir.de\/vare\/kokos-matcha\/\",\"name\":\"Bio Instant Matcha Latte mit Kokos - Sundhedsspir\",\"isPartOf\":{\"@id\":\"https:\/\/sundhedsspir.de\/#website\"},\"primaryImageOfPage\":{\"@id\":\"https:\/\/sundhedsspir.de\/vare\/kokos-matcha\/#primaryimage\"},\"image\":{\"@id\":\"https:\/\/sundhedsspir.de\/vare\/kokos-matcha\/#primaryimage\"},\"thumbnailUrl\":\"https:\/\/sundhedsspir.de\/wp-content\/uploads\/2023\/09\/coco-2-min.png\",\"datePublished\":\"2023-09-07T23:15:14+00:00\",\"dateModified\":\"2024-09-02T22:35:30+00:00\",\"description\":\"Ein fertig gemischtes Getr\u00e4nk, das die Frische von Matcha mit der S\u00fc\u00dfe von Kokos kombiniert. Hergestellt aus erstklassigen Gyokuro-Teebl\u00e4ttern.\",\"breadcrumb\":{\"@id\":\"https:\/\/sundhedsspir.de\/vare\/kokos-matcha\/#breadcrumb\"},\"inLanguage\":\"de\",\"potentialAction\":[{\"@type\":\"ReadAction\",\"target\":[\"https:\/\/sundhedsspir.de\/vare\/kokos-matcha\/\"]}]},{\"@type\":\"ImageObject\",\"inLanguage\":\"de\",\"@id\":\"https:\/\/sundhedsspir.de\/vare\/kokos-matcha\/#primaryimage\",\"url\":\"https:\/\/sundhedsspir.de\/wp-content\/uploads\/2023\/09\/coco-2-min.png\",\"contentUrl\":\"https:\/\/sundhedsspir.de\/wp-content\/uploads\/2023\/09\/coco-2-min.png\",\"width\":3618,\"height\":4100},{\"@type\":\"BreadcrumbList\",\"@id\":\"https:\/\/sundhedsspir.de\/vare\/kokos-matcha\/#breadcrumb\",\"itemListElement\":[{\"@type\":\"ListItem\",\"position\":1,\"name\":\"Home\",\"item\":\"https:\/\/sundhedsspir.de\/\"},{\"@type\":\"ListItem\",\"position\":2,\"name\":\"Shop\",\"item\":\"https:\/\/sundhedsspir.de\/shop\/\"},{\"@type\":\"ListItem\",\"position\":3,\"name\":\"Bio Instant Matcha Latte mit Kokos\"}]},{\"@type\":\"WebSite\",\"@id\":\"https:\/\/sundhedsspir.de\/#website\",\"url\":\"https:\/\/sundhedsspir.de\/\",\"name\":\"Sundhedsspir\",\"description\":\"\",\"publisher\":{\"@id\":\"https:\/\/sundhedsspir.de\/#organization\"},\"potentialAction\":[{\"@type\":\"SearchAction\",\"target\":{\"@type\":\"EntryPoint\",\"urlTemplate\":\"https:\/\/sundhedsspir.de\/?s={search_term_string}\"},\"query-input\":\"required name=search_term_string\"}],\"inLanguage\":\"de\"},{\"@type\":\"Organization\",\"@id\":\"https:\/\/sundhedsspir.de\/#organization\",\"name\":\"Sundhedsspir\",\"url\":\"https:\/\/sundhedsspir.de\/\",\"logo\":{\"@type\":\"ImageObject\",\"inLanguage\":\"de\",\"@id\":\"https:\/\/sundhedsspir.de\/#\/schema\/logo\/image\/\",\"url\":\"https:\/\/sundhedsspir.de\/wp-content\/uploads\/2023\/09\/sundhed-logo.png\",\"contentUrl\":\"https:\/\/sundhedsspir.de\/wp-content\/uploads\/2023\/09\/sundhed-logo.png\",\"width\":1131,\"height\":1071,\"caption\":\"Sundhedsspir\"},\"image\":{\"@id\":\"https:\/\/sundhedsspir.de\/#\/schema\/logo\/image\/\"}}]}<\/script>\n<!-- \/ Yoast SEO Premium plugin. -->","yoast_head_json":{"title":"Bio Instant Matcha Latte mit Kokos - Sundhedsspir","description":"Ein fertig gemischtes Getr\u00e4nk, das die Frische von Matcha mit der S\u00fc\u00dfe von Kokos kombiniert. Hergestellt aus erstklassigen Gyokuro-Teebl\u00e4ttern.","robots":{"index":"index","follow":"follow","max-snippet":"max-snippet:-1","max-image-preview":"max-image-preview:large","max-video-preview":"max-video-preview:-1"},"canonical":"https:\/\/sundhedsspir.de\/de\/produkt\/kokos-matcha\/","og_locale":"de_DE","og_type":"article","og_title":"Bio Instant Matcha Latte mit Kokos","og_description":"Ein fertig gemischtes Getr\u00e4nk, das die Frische von Matcha mit der S\u00fc\u00dfe von Kokos kombiniert. Hergestellt aus erstklassigen Gyokuro-Teebl\u00e4ttern.","og_url":"https:\/\/sundhedsspir.de\/de\/produkt\/kokos-matcha\/","og_site_name":"Sundhedsspir","article_modified_time":"2024-09-02T22:35:30+00:00","og_image":[{"width":3618,"height":4100,"url":"https:\/\/sundhedsspir.de\/wp-content\/uploads\/2023\/09\/coco-2-min.png","type":"image\/png"}],"twitter_card":"summary_large_image","twitter_misc":{"Gesch\u00e4tzte Lesezeit":"1\u00a0Minute"},"schema":{"@context":"https:\/\/schema.org","@graph":[{"@type":"WebPage","@id":"https:\/\/sundhedsspir.de\/vare\/kokos-matcha\/","url":"https:\/\/sundhedsspir.de\/vare\/kokos-matcha\/","name":"Bio Instant Matcha Latte mit Kokos - Sundhedsspir","isPartOf":{"@id":"https:\/\/sundhedsspir.de\/#website"},"primaryImageOfPage":{"@id":"https:\/\/sundhedsspir.de\/vare\/kokos-matcha\/#primaryimage"},"image":{"@id":"https:\/\/sundhedsspir.de\/vare\/kokos-matcha\/#primaryimage"},"thumbnailUrl":"https:\/\/sundhedsspir.de\/wp-content\/uploads\/2023\/09\/coco-2-min.png","datePublished":"2023-09-07T23:15:14+00:00","dateModified":"2024-09-02T22:35:30+00:00","description":"Ein fertig gemischtes Getr\u00e4nk, das die Frische von Matcha mit der S\u00fc\u00dfe von Kokos kombiniert. Hergestellt aus erstklassigen Gyokuro-Teebl\u00e4ttern.","breadcrumb":{"@id":"https:\/\/sundhedsspir.de\/vare\/kokos-matcha\/#breadcrumb"},"inLanguage":"de","potentialAction":[{"@type":"ReadAction","target":["https:\/\/sundhedsspir.de\/vare\/kokos-matcha\/"]}]},{"@type":"ImageObject","inLanguage":"de","@id":"https:\/\/sundhedsspir.de\/vare\/kokos-matcha\/#primaryimage","url":"https:\/\/sundhedsspir.de\/wp-content\/uploads\/2023\/09\/coco-2-min.png","contentUrl":"https:\/\/sundhedsspir.de\/wp-content\/uploads\/2023\/09\/coco-2-min.png","width":3618,"height":4100},{"@type":"BreadcrumbList","@id":"https:\/\/sundhedsspir.de\/vare\/kokos-matcha\/#breadcrumb","itemListElement":[{"@type":"ListItem","position":1,"name":"Home","item":"https:\/\/sundhedsspir.de\/"},{"@type":"ListItem","position":2,"name":"Shop","item":"https:\/\/sundhedsspir.de\/shop\/"},{"@type":"ListItem","position":3,"name":"Bio Instant Matcha Latte mit Kokos"}]},{"@type":"WebSite","@id":"https:\/\/sundhedsspir.de\/#website","url":"https:\/\/sundhedsspir.de\/","name":"Sundhedsspir","description":"","publisher":{"@id":"https:\/\/sundhedsspir.de\/#organization"},"potentialAction":[{"@type":"SearchAction","target":{"@type":"EntryPoint","urlTemplate":"https:\/\/sundhedsspir.de\/?s={search_term_string}"},"query-input":"required name=search_term_string"}],"inLanguage":"de"},{"@type":"Organization","@id":"https:\/\/sundhedsspir.de\/#organization","name":"Sundhedsspir","url":"https:\/\/sundhedsspir.de\/","logo":{"@type":"ImageObject","inLanguage":"de","@id":"https:\/\/sundhedsspir.de\/#\/schema\/logo\/image\/","url":"https:\/\/sundhedsspir.de\/wp-content\/uploads\/2023\/09\/sundhed-logo.png","contentUrl":"https:\/\/sundhedsspir.de\/wp-content\/uploads\/2023\/09\/sundhed-logo.png","width":1131,"height":1071,"caption":"Sundhedsspir"},"image":{"@id":"https:\/\/sundhedsspir.de\/#\/schema\/logo\/image\/"}}]}},"jetpack_sharing_enabled":true,"_links":{"self":[{"href":"https:\/\/sundhedsspir.de\/de\/wp-json\/wp\/v2\/product\/157","targetHints":{"allow":["GET"]}}],"collection":[{"href":"https:\/\/sundhedsspir.de\/de\/wp-json\/wp\/v2\/product"}],"about":[{"href":"https:\/\/sundhedsspir.de\/de\/wp-json\/wp\/v2\/types\/product"}],"replies":[{"embeddable":true,"href":"https:\/\/sundhedsspir.de\/de\/wp-json\/wp\/v2\/comments?post=157"}],"wp:featuredmedia":[{"embeddable":true,"href":"https:\/\/sundhedsspir.de\/de\/wp-json\/wp\/v2\/media\/1320"}],"wp:attachment":[{"href":"https:\/\/sundhedsspir.de\/de\/wp-json\/wp\/v2\/media?parent=157"}],"wp:term":[{"taxonomy":"product_cat","embeddable":true,"href":"https:\/\/sundhedsspir.de\/de\/wp-json\/wp\/v2\/product_cat?post=157"},{"taxonomy":"product_tag","embeddable":true,"href":"https:\/\/sundhedsspir.de\/de\/wp-json\/wp\/v2\/product_tag?post=157"}],"curies":[{"name":"wp","href":"https:\/\/api.w.org\/{rel}","templated":true}]}}