{"id":161,"date":"2023-09-07T23:17:11","date_gmt":"2023-09-07T23:17:11","guid":{"rendered":"https:\/\/sundhedsspir.de\/?post_type=product&#038;p=161"},"modified":"2024-09-03T00:33:20","modified_gmt":"2024-09-02T22:33:20","slug":"sweet-matcha","status":"publish","type":"product","link":"https:\/\/sundhedsspir.de\/de\/product\/sweet-matcha\/","title":{"rendered":"S\u00fc\u00dfer Instant Matcha Latte &#8211; Bio"},"content":{"rendered":"<p><strong>Zutaten:<\/strong><\/p>\n<ul>\n<li>Agavensirup<\/li>\n<li>Kokoszucker<\/li>\n<li>Agavenfasern<\/li>\n<li>18% Matcha-Tee-Pulver<\/li>\n<\/ul>\n<p>*Alle Zutaten sind biologischen Ursprungs.<\/p>\n<p><strong>Anwendungshinweise:<\/strong><\/p>\n<p>Mischen Sie 2 Teel\u00f6ffel Matcha Douceur in einer Tasse. F\u00fcgen Sie Wasser, Milch oder pflanzliche Milch (kalt oder warm) hinzu und r\u00fchren Sie etwa 2 Minuten lang um. Sie k\u00f6nnen auch einen Matcha-Tee-Shake zubereiten.<\/p>\n<p><strong>Rezeptvorschl\u00e4ge:<\/strong><\/p>\n<p><strong>Matcha \u00e0 la Vienne:<\/strong><\/p>\n<ul>\n<li>200 ml pflanzliche Milch<\/li>\n<li>2 Essl\u00f6ffel Matcha Douceur<\/li>\n<\/ul>\n<p>Erw\u00e4rmen Sie die Milch und vermengen Sie sie mit Matcha Douceur. Gie\u00dfen Sie die Mischung in eine Tasse und toppen Sie sie mit Schlagsahne. Streuen Sie etwas Matcha Douceur dar\u00fcber, und Ihr Getr\u00e4nk ist servierfertig!<\/p>\n<p><strong>Matcha Shake:<\/strong><\/p>\n<ul>\n<li>2 Essl\u00f6ffel Matcha Douceur<\/li>\n<li>1 Kugel Vanilleeis<\/li>\n<li>150 ml pflanzliche Milch<\/li>\n<li>3 Eisw\u00fcrfel<\/li>\n<\/ul>\n<p>Geben Sie alle Zutaten in einen Mixer, gut vermischen und sofort servieren!<\/p>","protected":false},"excerpt":{"rendered":"<p>Einfaches und nachhaltiges Matcha-Latte! Mild ges\u00fc\u00dft mit Kokosbl\u00fctenzucker und Agave. Ideal f\u00fcr die fr\u00fchen Stunden oder als Begleiter im B\u00fcro.<\/p>\n<p>Mit Aromandise ist die Zubereitung spielend leicht. Mischen Sie das Pulver mit Wasser, pflanzlichem Getr\u00e4nk oder Milch. Es schmeckt auch wunderbar in einem Smoothie oder kombiniert mit Gem\u00fcse- und Fruchts\u00e4ften.<\/p>\n<p>Eine sch\u00f6ne Abwechslung zu Ihrem normalen Morgengetr\u00e4nk. F\u00fcr alle, die eine Leidenschaft f\u00fcr Matcha haben<\/p>","protected":false},"featured_media":1319,"comment_status":"open","ping_status":"closed","template":"","meta":{"inline_featured_image":false},"product_cat":[31],"product_tag":[],"class_list":{"0":"post-161","1":"product","2":"type-product","3":"status-publish","4":"has-post-thumbnail","6":"product_cat-matcha","8":"first","9":"instock","10":"taxable","11":"shipping-taxable","12":"purchasable","13":"product-type-simple"},"yoast_head":"<!-- This site is optimized with the Yoast SEO Premium plugin v21.4 (Yoast SEO v23.3) - https:\/\/yoast.com\/wordpress\/plugins\/seo\/ -->\n<title>S\u00fc\u00dfer Instant Matcha Latte - Bio - Sundhedsspir<\/title>\n<meta name=\"description\" content=\"Fertiger, ges\u00fc\u00dfter Matcha mit Agavenzucker, ideal f\u00fcr den Morgen oder die Kaffeepause. Mischen Sie es mit Ihrer Lieblingsfl\u00fcssigkeit oder in Smoothies\" \/>\n<meta name=\"robots\" content=\"index, follow, max-snippet:-1, max-image-preview:large, max-video-preview:-1\" \/>\n<link rel=\"canonical\" href=\"https:\/\/sundhedsspir.de\/de\/produkt\/sweet-matcha\/\" \/>\n<meta property=\"og:locale\" content=\"de_DE\" \/>\n<meta property=\"og:type\" content=\"article\" \/>\n<meta property=\"og:title\" content=\"S\u00fc\u00dfer Instant Matcha Latte - Bio\" \/>\n<meta property=\"og:description\" content=\"Fertiger, ges\u00fc\u00dfter Matcha mit Agavenzucker, ideal f\u00fcr den Morgen oder die Kaffeepause. Mischen Sie es mit Ihrer Lieblingsfl\u00fcssigkeit oder in Smoothies\" \/>\n<meta property=\"og:url\" content=\"https:\/\/sundhedsspir.de\/de\/produkt\/sweet-matcha\/\" \/>\n<meta property=\"og:site_name\" content=\"Sundhedsspir\" \/>\n<meta property=\"article:modified_time\" content=\"2024-09-02T22:33:20+00:00\" \/>\n<meta property=\"og:image\" content=\"https:\/\/sundhedsspir.de\/wp-content\/uploads\/2023\/09\/douceher-1-min.png\" \/>\n\t<meta property=\"og:image:width\" content=\"3618\" \/>\n\t<meta property=\"og:image:height\" content=\"4100\" \/>\n\t<meta property=\"og:image:type\" content=\"image\/png\" \/>\n<meta name=\"twitter:card\" content=\"summary_large_image\" \/>\n<meta name=\"twitter:label1\" content=\"Gesch\u00e4tzte Lesezeit\" \/>\n\t<meta name=\"twitter:data1\" content=\"1\u00a0Minute\" \/>\n<script type=\"application\/ld+json\" class=\"yoast-schema-graph\">{\"@context\":\"https:\/\/schema.org\",\"@graph\":[{\"@type\":\"WebPage\",\"@id\":\"https:\/\/sundhedsspir.de\/vare\/sweet-matcha\/\",\"url\":\"https:\/\/sundhedsspir.de\/vare\/sweet-matcha\/\",\"name\":\"S\u00fc\u00dfer Instant Matcha Latte - Bio - Sundhedsspir\",\"isPartOf\":{\"@id\":\"https:\/\/sundhedsspir.de\/#website\"},\"primaryImageOfPage\":{\"@id\":\"https:\/\/sundhedsspir.de\/vare\/sweet-matcha\/#primaryimage\"},\"image\":{\"@id\":\"https:\/\/sundhedsspir.de\/vare\/sweet-matcha\/#primaryimage\"},\"thumbnailUrl\":\"https:\/\/sundhedsspir.de\/wp-content\/uploads\/2023\/09\/douceher-1-min.png\",\"datePublished\":\"2023-09-07T23:17:11+00:00\",\"dateModified\":\"2024-09-02T22:33:20+00:00\",\"description\":\"Fertiger, ges\u00fc\u00dfter Matcha mit Agavenzucker, ideal f\u00fcr den Morgen oder die Kaffeepause. Mischen Sie es mit Ihrer Lieblingsfl\u00fcssigkeit oder in Smoothies\",\"breadcrumb\":{\"@id\":\"https:\/\/sundhedsspir.de\/vare\/sweet-matcha\/#breadcrumb\"},\"inLanguage\":\"de\",\"potentialAction\":[{\"@type\":\"ReadAction\",\"target\":[\"https:\/\/sundhedsspir.de\/vare\/sweet-matcha\/\"]}]},{\"@type\":\"ImageObject\",\"inLanguage\":\"de\",\"@id\":\"https:\/\/sundhedsspir.de\/vare\/sweet-matcha\/#primaryimage\",\"url\":\"https:\/\/sundhedsspir.de\/wp-content\/uploads\/2023\/09\/douceher-1-min.png\",\"contentUrl\":\"https:\/\/sundhedsspir.de\/wp-content\/uploads\/2023\/09\/douceher-1-min.png\",\"width\":3618,\"height\":4100,\"caption\":\"S\u00f8d Instant Matcha latt\u00e9 - \u00d8kologisk\"},{\"@type\":\"BreadcrumbList\",\"@id\":\"https:\/\/sundhedsspir.de\/vare\/sweet-matcha\/#breadcrumb\",\"itemListElement\":[{\"@type\":\"ListItem\",\"position\":1,\"name\":\"Home\",\"item\":\"https:\/\/sundhedsspir.de\/\"},{\"@type\":\"ListItem\",\"position\":2,\"name\":\"Shop\",\"item\":\"https:\/\/sundhedsspir.de\/shop\/\"},{\"@type\":\"ListItem\",\"position\":3,\"name\":\"S\u00fc\u00dfer Instant Matcha Latte &#8211; Bio\"}]},{\"@type\":\"WebSite\",\"@id\":\"https:\/\/sundhedsspir.de\/#website\",\"url\":\"https:\/\/sundhedsspir.de\/\",\"name\":\"Sundhedsspir\",\"description\":\"\",\"publisher\":{\"@id\":\"https:\/\/sundhedsspir.de\/#organization\"},\"potentialAction\":[{\"@type\":\"SearchAction\",\"target\":{\"@type\":\"EntryPoint\",\"urlTemplate\":\"https:\/\/sundhedsspir.de\/?s={search_term_string}\"},\"query-input\":\"required name=search_term_string\"}],\"inLanguage\":\"de\"},{\"@type\":\"Organization\",\"@id\":\"https:\/\/sundhedsspir.de\/#organization\",\"name\":\"Sundhedsspir\",\"url\":\"https:\/\/sundhedsspir.de\/\",\"logo\":{\"@type\":\"ImageObject\",\"inLanguage\":\"de\",\"@id\":\"https:\/\/sundhedsspir.de\/#\/schema\/logo\/image\/\",\"url\":\"https:\/\/sundhedsspir.de\/wp-content\/uploads\/2023\/09\/sundhed-logo.png\",\"contentUrl\":\"https:\/\/sundhedsspir.de\/wp-content\/uploads\/2023\/09\/sundhed-logo.png\",\"width\":1131,\"height\":1071,\"caption\":\"Sundhedsspir\"},\"image\":{\"@id\":\"https:\/\/sundhedsspir.de\/#\/schema\/logo\/image\/\"}}]}<\/script>\n<!-- \/ Yoast SEO Premium plugin. -->","yoast_head_json":{"title":"S\u00fc\u00dfer Instant Matcha Latte - Bio - Sundhedsspir","description":"Fertiger, ges\u00fc\u00dfter Matcha mit Agavenzucker, ideal f\u00fcr den Morgen oder die Kaffeepause. Mischen Sie es mit Ihrer Lieblingsfl\u00fcssigkeit oder in Smoothies","robots":{"index":"index","follow":"follow","max-snippet":"max-snippet:-1","max-image-preview":"max-image-preview:large","max-video-preview":"max-video-preview:-1"},"canonical":"https:\/\/sundhedsspir.de\/de\/produkt\/sweet-matcha\/","og_locale":"de_DE","og_type":"article","og_title":"S\u00fc\u00dfer Instant Matcha Latte - Bio","og_description":"Fertiger, ges\u00fc\u00dfter Matcha mit Agavenzucker, ideal f\u00fcr den Morgen oder die Kaffeepause. Mischen Sie es mit Ihrer Lieblingsfl\u00fcssigkeit oder in Smoothies","og_url":"https:\/\/sundhedsspir.de\/de\/produkt\/sweet-matcha\/","og_site_name":"Sundhedsspir","article_modified_time":"2024-09-02T22:33:20+00:00","og_image":[{"width":3618,"height":4100,"url":"https:\/\/sundhedsspir.de\/wp-content\/uploads\/2023\/09\/douceher-1-min.png","type":"image\/png"}],"twitter_card":"summary_large_image","twitter_misc":{"Gesch\u00e4tzte Lesezeit":"1\u00a0Minute"},"schema":{"@context":"https:\/\/schema.org","@graph":[{"@type":"WebPage","@id":"https:\/\/sundhedsspir.de\/vare\/sweet-matcha\/","url":"https:\/\/sundhedsspir.de\/vare\/sweet-matcha\/","name":"S\u00fc\u00dfer Instant Matcha Latte - Bio - Sundhedsspir","isPartOf":{"@id":"https:\/\/sundhedsspir.de\/#website"},"primaryImageOfPage":{"@id":"https:\/\/sundhedsspir.de\/vare\/sweet-matcha\/#primaryimage"},"image":{"@id":"https:\/\/sundhedsspir.de\/vare\/sweet-matcha\/#primaryimage"},"thumbnailUrl":"https:\/\/sundhedsspir.de\/wp-content\/uploads\/2023\/09\/douceher-1-min.png","datePublished":"2023-09-07T23:17:11+00:00","dateModified":"2024-09-02T22:33:20+00:00","description":"Fertiger, ges\u00fc\u00dfter Matcha mit Agavenzucker, ideal f\u00fcr den Morgen oder die Kaffeepause. Mischen Sie es mit Ihrer Lieblingsfl\u00fcssigkeit oder in Smoothies","breadcrumb":{"@id":"https:\/\/sundhedsspir.de\/vare\/sweet-matcha\/#breadcrumb"},"inLanguage":"de","potentialAction":[{"@type":"ReadAction","target":["https:\/\/sundhedsspir.de\/vare\/sweet-matcha\/"]}]},{"@type":"ImageObject","inLanguage":"de","@id":"https:\/\/sundhedsspir.de\/vare\/sweet-matcha\/#primaryimage","url":"https:\/\/sundhedsspir.de\/wp-content\/uploads\/2023\/09\/douceher-1-min.png","contentUrl":"https:\/\/sundhedsspir.de\/wp-content\/uploads\/2023\/09\/douceher-1-min.png","width":3618,"height":4100,"caption":"S\u00f8d Instant Matcha latt\u00e9 - \u00d8kologisk"},{"@type":"BreadcrumbList","@id":"https:\/\/sundhedsspir.de\/vare\/sweet-matcha\/#breadcrumb","itemListElement":[{"@type":"ListItem","position":1,"name":"Home","item":"https:\/\/sundhedsspir.de\/"},{"@type":"ListItem","position":2,"name":"Shop","item":"https:\/\/sundhedsspir.de\/shop\/"},{"@type":"ListItem","position":3,"name":"S\u00fc\u00dfer Instant Matcha Latte &#8211; Bio"}]},{"@type":"WebSite","@id":"https:\/\/sundhedsspir.de\/#website","url":"https:\/\/sundhedsspir.de\/","name":"Sundhedsspir","description":"","publisher":{"@id":"https:\/\/sundhedsspir.de\/#organization"},"potentialAction":[{"@type":"SearchAction","target":{"@type":"EntryPoint","urlTemplate":"https:\/\/sundhedsspir.de\/?s={search_term_string}"},"query-input":"required name=search_term_string"}],"inLanguage":"de"},{"@type":"Organization","@id":"https:\/\/sundhedsspir.de\/#organization","name":"Sundhedsspir","url":"https:\/\/sundhedsspir.de\/","logo":{"@type":"ImageObject","inLanguage":"de","@id":"https:\/\/sundhedsspir.de\/#\/schema\/logo\/image\/","url":"https:\/\/sundhedsspir.de\/wp-content\/uploads\/2023\/09\/sundhed-logo.png","contentUrl":"https:\/\/sundhedsspir.de\/wp-content\/uploads\/2023\/09\/sundhed-logo.png","width":1131,"height":1071,"caption":"Sundhedsspir"},"image":{"@id":"https:\/\/sundhedsspir.de\/#\/schema\/logo\/image\/"}}]}},"jetpack_sharing_enabled":true,"_links":{"self":[{"href":"https:\/\/sundhedsspir.de\/de\/wp-json\/wp\/v2\/product\/161","targetHints":{"allow":["GET"]}}],"collection":[{"href":"https:\/\/sundhedsspir.de\/de\/wp-json\/wp\/v2\/product"}],"about":[{"href":"https:\/\/sundhedsspir.de\/de\/wp-json\/wp\/v2\/types\/product"}],"replies":[{"embeddable":true,"href":"https:\/\/sundhedsspir.de\/de\/wp-json\/wp\/v2\/comments?post=161"}],"wp:featuredmedia":[{"embeddable":true,"href":"https:\/\/sundhedsspir.de\/de\/wp-json\/wp\/v2\/media\/1319"}],"wp:attachment":[{"href":"https:\/\/sundhedsspir.de\/de\/wp-json\/wp\/v2\/media?parent=161"}],"wp:term":[{"taxonomy":"product_cat","embeddable":true,"href":"https:\/\/sundhedsspir.de\/de\/wp-json\/wp\/v2\/product_cat?post=161"},{"taxonomy":"product_tag","embeddable":true,"href":"https:\/\/sundhedsspir.de\/de\/wp-json\/wp\/v2\/product_tag?post=161"}],"curies":[{"name":"wp","href":"https:\/\/api.w.org\/{rel}","templated":true}]}}