{"id":1859,"date":"2023-10-19T23:41:19","date_gmt":"2023-10-19T21:41:19","guid":{"rendered":"https:\/\/sundhedsspir.de\/?post_type=product&#038;p=1859"},"modified":"2024-09-03T00:27:32","modified_gmt":"2024-09-02T22:27:32","slug":"matcha-premium-qualitat-zeremonial","status":"publish","type":"product","link":"https:\/\/sundhedsspir.de\/de\/product\/matcha-premium-qualitat-zeremonial\/","title":{"rendered":"Matcha Premium Qualit\u00e4t Zeremonial"},"content":{"rendered":"<p><strong>\u00dcber Premium Matcha:<\/strong><\/p>\n<p><strong>Geschmackserlebnis:<\/strong> Unser exquisiter Matcha Premium de C\u00e9r\u00e9monie Tee bietet eine kulinarische Reise, bei der Tradition auf Raffinesse trifft. Dieses zarte gr\u00fcne Pulver, das im Licht funkelt, besitzt ein tiefes Chlorophyll-Aroma, das an frische Fr\u00fchlingsbl\u00e4tter erinnert, kombiniert mit einem reichen, samtigen Geschmack, der einen anhaltenden Nachgeschmack auf dem Gaumen hinterl\u00e4sst. Dieser besondere Tee wird ausschlie\u00dflich aus den feinsten Gyokuro-Bl\u00e4ttern der ersten Fr\u00fchlingsernte hergestellt. Diese Bl\u00e4tter sind f\u00fcr ihre \u00fcberlegene Qualit\u00e4t bekannt und werden unter sch\u00fctzenden Schattennetzen im renommierten und historisch reichen Uji-Terroir angebaut. Diese Methode stellt sicher, dass die Bl\u00e4tter ihre tiefgr\u00fcne Farbe bewahren und ihre nat\u00fcrlichen Geschmacksprofile verst\u00e4rkt werden. Nach der Ernte werden die Bl\u00e4tter sorgf\u00e4ltig ausgew\u00e4hlt, liebevoll von ihren Stielen getrennt und langsam gemahlen, um ihre feine Struktur und Aroma zu erhalten. Um sicherzustellen, dass jede Portion Tee in ihrer frischesten und authentischsten Form geliefert wird, ist die Verpackung mit einem speziellen Siegel gesch\u00fctzt, das gegen Manipulation sch\u00fctzt. Dies garantiert, dass du immer die gleiche Frische erlebst wie am Tag der Verpackung. Nach dem \u00d6ffnen wird dringend empfohlen, das Pulver im K\u00fchlschrank aufzubewahren, um die Qualit\u00e4t zu erhalten. Dieses Matcha-Pulver ist so konzipiert, dass es sich leicht aufsch\u00e4umen und perfekt mit Wasser vermischen l\u00e4sst, insbesondere wenn es mit dem traditionellen Bambusbesen, Chasen, aufgeschlagen wird, was die Teezubereitung zu einem wahren Zeremonie-Erlebnis macht.<\/p>\n<p><strong>Zutaten:<\/strong> Matcha Premium Pulver<\/p>\n<p><strong>Anwendung:<\/strong> Matcha-Gr\u00fcntee zur Geschmacksprobe. 4 Teel\u00f6ffel Matcha-Tee in eine Schale geben. Wasser bei 70\u00b0C hinzuf\u00fcgen und mit dem Chasen aufschlagen.<\/p>","protected":false},"excerpt":{"rendered":"<div class=\"flex max-w-full flex-col flex-grow\">\n<div class=\"min-h-[20px] text-message flex w-full flex-col items-end gap-2 break-words [.text-message+&amp;]:mt-5 overflow-x-auto whitespace-normal\" dir=\"auto\" data-message-author-role=\"assistant\" data-message-id=\"6b510117-f753-42bc-bfdf-3f2589eb561a\">\n<div class=\"flex w-full flex-col gap-1 empty:hidden first:pt-[3px]\">\n<div class=\"markdown prose w-full break-words dark:prose-invert dark\">\n<p><strong>Geschmack:<\/strong> Unser exquisiter Matcha Premium de C\u00e9r\u00e9monie Tee ist die reine Essenz von Vitalit\u00e4t und Geschmackserlebnis. Dieses zarte gr\u00fcne Pulver besitzt ein tiefes Chlorophyll-Aroma und einen reichen, samtigen Geschmack. Es wird nur aus den feinsten Gyokuro-Bl\u00e4ttern der ersten Fr\u00fchjahrsernte hergestellt, die im Schatten des renommierten Uji-Terroirs gez\u00fcchtet werden. Die Bl\u00e4tter werden sorgf\u00e4ltig ausgew\u00e4hlt, von den Stielen getrennt und bei niedriger Geschwindigkeit sanft gemahlen. Die Verpackung ist mit einem Siegel versehen, das vor Manipulation sch\u00fctzt und die Frische des Produkts gew\u00e4hrleistet. Nach dem \u00d6ffnen sollte das Pulver im K\u00fchlschrank aufbewahrt werden. Dieses Matcha-Pulver l\u00e4sst sich leicht mit dem traditionellen Bambusbesen, dem Chasen, aufsch\u00e4umen.<\/p>\n<\/div>\n<\/div>\n<\/div>\n<\/div>\n<div class=\"mt-1 flex gap-3 empty:hidden -ml-2\">\n<div class=\"items-center justify-start rounded-xl p-1 flex\">\n<div class=\"flex items-center\">\n<div class=\"flex\"><\/div>\n<div class=\"flex items-center pb-0\">\n<div class=\"[&amp;_svg]:h-full [&amp;_svg]:w-full icon-md h-4 w-4\"><\/div>\n<\/div>\n<\/div>\n<\/div>\n<\/div>","protected":false},"featured_media":1872,"comment_status":"open","ping_status":"closed","template":"","meta":{"inline_featured_image":false},"product_cat":[31],"product_tag":[],"class_list":{"0":"post-1859","1":"product","2":"type-product","3":"status-publish","4":"has-post-thumbnail","6":"product_cat-matcha","8":"first","9":"instock","10":"taxable","11":"shipping-taxable","12":"purchasable","13":"product-type-simple"},"yoast_head":"<!-- This site is optimized with the Yoast SEO Premium plugin v21.4 (Yoast SEO v23.3) - https:\/\/yoast.com\/wordpress\/plugins\/seo\/ -->\n<title>Matcha Premium Qualit\u00e4t Zeremonial - Sundhedsspir<\/title>\n<meta name=\"description\" content=\"Entdecken Sie unseren Premium-Matcha aus Uji-Terroir und erfahren Sie mehr \u00fcber die Qualit\u00e4t und Verarbeitung der besten Gyokuro-Bl\u00e4tter.\" \/>\n<meta name=\"robots\" content=\"index, follow, max-snippet:-1, max-image-preview:large, max-video-preview:-1\" \/>\n<link rel=\"canonical\" href=\"https:\/\/sundhedsspir.de\/de\/produkt\/matcha-premium-qualitat-zeremonial\/\" \/>\n<meta property=\"og:locale\" content=\"de_DE\" \/>\n<meta property=\"og:type\" content=\"article\" \/>\n<meta property=\"og:title\" content=\"Matcha Premium Qualit\u00e4t Zeremonial\" \/>\n<meta property=\"og:description\" content=\"Entdecken Sie unseren Premium-Matcha aus Uji-Terroir und erfahren Sie mehr \u00fcber die Qualit\u00e4t und Verarbeitung der besten Gyokuro-Bl\u00e4tter.\" \/>\n<meta property=\"og:url\" content=\"https:\/\/sundhedsspir.de\/de\/produkt\/matcha-premium-qualitat-zeremonial\/\" \/>\n<meta property=\"og:site_name\" content=\"Sundhedsspir\" \/>\n<meta property=\"article:modified_time\" content=\"2024-09-02T22:27:32+00:00\" \/>\n<meta property=\"og:image\" content=\"https:\/\/sundhedsspir.de\/wp-content\/uploads\/2023\/10\/Matcha-premium.png\" \/>\n\t<meta property=\"og:image:width\" content=\"768\" \/>\n\t<meta property=\"og:image:height\" content=\"870\" \/>\n\t<meta property=\"og:image:type\" content=\"image\/png\" \/>\n<meta name=\"twitter:card\" content=\"summary_large_image\" \/>\n<meta name=\"twitter:label1\" content=\"Gesch\u00e4tzte Lesezeit\" \/>\n\t<meta name=\"twitter:data1\" content=\"2\u00a0Minuten\" \/>\n<script type=\"application\/ld+json\" class=\"yoast-schema-graph\">{\"@context\":\"https:\/\/schema.org\",\"@graph\":[{\"@type\":\"WebPage\",\"@id\":\"https:\/\/sundhedsspir.de\/vare\/matcha-premium-qualitat-zeremonial\/\",\"url\":\"https:\/\/sundhedsspir.de\/vare\/matcha-premium-qualitat-zeremonial\/\",\"name\":\"Matcha Premium Qualit\u00e4t Zeremonial - Sundhedsspir\",\"isPartOf\":{\"@id\":\"https:\/\/sundhedsspir.de\/#website\"},\"primaryImageOfPage\":{\"@id\":\"https:\/\/sundhedsspir.de\/vare\/matcha-premium-qualitat-zeremonial\/#primaryimage\"},\"image\":{\"@id\":\"https:\/\/sundhedsspir.de\/vare\/matcha-premium-qualitat-zeremonial\/#primaryimage\"},\"thumbnailUrl\":\"https:\/\/sundhedsspir.de\/wp-content\/uploads\/2023\/10\/Matcha-premium.png\",\"datePublished\":\"2023-10-19T21:41:19+00:00\",\"dateModified\":\"2024-09-02T22:27:32+00:00\",\"description\":\"Entdecken Sie unseren Premium-Matcha aus Uji-Terroir und erfahren Sie mehr \u00fcber die Qualit\u00e4t und Verarbeitung der besten Gyokuro-Bl\u00e4tter.\",\"breadcrumb\":{\"@id\":\"https:\/\/sundhedsspir.de\/vare\/matcha-premium-qualitat-zeremonial\/#breadcrumb\"},\"inLanguage\":\"de\",\"potentialAction\":[{\"@type\":\"ReadAction\",\"target\":[\"https:\/\/sundhedsspir.de\/vare\/matcha-premium-qualitat-zeremonial\/\"]}]},{\"@type\":\"ImageObject\",\"inLanguage\":\"de\",\"@id\":\"https:\/\/sundhedsspir.de\/vare\/matcha-premium-qualitat-zeremonial\/#primaryimage\",\"url\":\"https:\/\/sundhedsspir.de\/wp-content\/uploads\/2023\/10\/Matcha-premium.png\",\"contentUrl\":\"https:\/\/sundhedsspir.de\/wp-content\/uploads\/2023\/10\/Matcha-premium.png\",\"width\":768,\"height\":870},{\"@type\":\"BreadcrumbList\",\"@id\":\"https:\/\/sundhedsspir.de\/vare\/matcha-premium-qualitat-zeremonial\/#breadcrumb\",\"itemListElement\":[{\"@type\":\"ListItem\",\"position\":1,\"name\":\"Home\",\"item\":\"https:\/\/sundhedsspir.de\/\"},{\"@type\":\"ListItem\",\"position\":2,\"name\":\"Shop\",\"item\":\"https:\/\/sundhedsspir.de\/shop\/\"},{\"@type\":\"ListItem\",\"position\":3,\"name\":\"Matcha Premium Qualit\u00e4t Zeremonial\"}]},{\"@type\":\"WebSite\",\"@id\":\"https:\/\/sundhedsspir.de\/#website\",\"url\":\"https:\/\/sundhedsspir.de\/\",\"name\":\"Sundhedsspir\",\"description\":\"\",\"publisher\":{\"@id\":\"https:\/\/sundhedsspir.de\/#organization\"},\"potentialAction\":[{\"@type\":\"SearchAction\",\"target\":{\"@type\":\"EntryPoint\",\"urlTemplate\":\"https:\/\/sundhedsspir.de\/?s={search_term_string}\"},\"query-input\":\"required name=search_term_string\"}],\"inLanguage\":\"de\"},{\"@type\":\"Organization\",\"@id\":\"https:\/\/sundhedsspir.de\/#organization\",\"name\":\"Sundhedsspir\",\"url\":\"https:\/\/sundhedsspir.de\/\",\"logo\":{\"@type\":\"ImageObject\",\"inLanguage\":\"de\",\"@id\":\"https:\/\/sundhedsspir.de\/#\/schema\/logo\/image\/\",\"url\":\"https:\/\/sundhedsspir.de\/wp-content\/uploads\/2023\/09\/sundhed-logo.png\",\"contentUrl\":\"https:\/\/sundhedsspir.de\/wp-content\/uploads\/2023\/09\/sundhed-logo.png\",\"width\":1131,\"height\":1071,\"caption\":\"Sundhedsspir\"},\"image\":{\"@id\":\"https:\/\/sundhedsspir.de\/#\/schema\/logo\/image\/\"}}]}<\/script>\n<!-- \/ Yoast SEO Premium plugin. -->","yoast_head_json":{"title":"Matcha Premium Qualit\u00e4t Zeremonial - Sundhedsspir","description":"Entdecken Sie unseren Premium-Matcha aus Uji-Terroir und erfahren Sie mehr \u00fcber die Qualit\u00e4t und Verarbeitung der besten Gyokuro-Bl\u00e4tter.","robots":{"index":"index","follow":"follow","max-snippet":"max-snippet:-1","max-image-preview":"max-image-preview:large","max-video-preview":"max-video-preview:-1"},"canonical":"https:\/\/sundhedsspir.de\/de\/produkt\/matcha-premium-qualitat-zeremonial\/","og_locale":"de_DE","og_type":"article","og_title":"Matcha Premium Qualit\u00e4t Zeremonial","og_description":"Entdecken Sie unseren Premium-Matcha aus Uji-Terroir und erfahren Sie mehr \u00fcber die Qualit\u00e4t und Verarbeitung der besten Gyokuro-Bl\u00e4tter.","og_url":"https:\/\/sundhedsspir.de\/de\/produkt\/matcha-premium-qualitat-zeremonial\/","og_site_name":"Sundhedsspir","article_modified_time":"2024-09-02T22:27:32+00:00","og_image":[{"width":768,"height":870,"url":"https:\/\/sundhedsspir.de\/wp-content\/uploads\/2023\/10\/Matcha-premium.png","type":"image\/png"}],"twitter_card":"summary_large_image","twitter_misc":{"Gesch\u00e4tzte Lesezeit":"2\u00a0Minuten"},"schema":{"@context":"https:\/\/schema.org","@graph":[{"@type":"WebPage","@id":"https:\/\/sundhedsspir.de\/vare\/matcha-premium-qualitat-zeremonial\/","url":"https:\/\/sundhedsspir.de\/vare\/matcha-premium-qualitat-zeremonial\/","name":"Matcha Premium Qualit\u00e4t Zeremonial - Sundhedsspir","isPartOf":{"@id":"https:\/\/sundhedsspir.de\/#website"},"primaryImageOfPage":{"@id":"https:\/\/sundhedsspir.de\/vare\/matcha-premium-qualitat-zeremonial\/#primaryimage"},"image":{"@id":"https:\/\/sundhedsspir.de\/vare\/matcha-premium-qualitat-zeremonial\/#primaryimage"},"thumbnailUrl":"https:\/\/sundhedsspir.de\/wp-content\/uploads\/2023\/10\/Matcha-premium.png","datePublished":"2023-10-19T21:41:19+00:00","dateModified":"2024-09-02T22:27:32+00:00","description":"Entdecken Sie unseren Premium-Matcha aus Uji-Terroir und erfahren Sie mehr \u00fcber die Qualit\u00e4t und Verarbeitung der besten Gyokuro-Bl\u00e4tter.","breadcrumb":{"@id":"https:\/\/sundhedsspir.de\/vare\/matcha-premium-qualitat-zeremonial\/#breadcrumb"},"inLanguage":"de","potentialAction":[{"@type":"ReadAction","target":["https:\/\/sundhedsspir.de\/vare\/matcha-premium-qualitat-zeremonial\/"]}]},{"@type":"ImageObject","inLanguage":"de","@id":"https:\/\/sundhedsspir.de\/vare\/matcha-premium-qualitat-zeremonial\/#primaryimage","url":"https:\/\/sundhedsspir.de\/wp-content\/uploads\/2023\/10\/Matcha-premium.png","contentUrl":"https:\/\/sundhedsspir.de\/wp-content\/uploads\/2023\/10\/Matcha-premium.png","width":768,"height":870},{"@type":"BreadcrumbList","@id":"https:\/\/sundhedsspir.de\/vare\/matcha-premium-qualitat-zeremonial\/#breadcrumb","itemListElement":[{"@type":"ListItem","position":1,"name":"Home","item":"https:\/\/sundhedsspir.de\/"},{"@type":"ListItem","position":2,"name":"Shop","item":"https:\/\/sundhedsspir.de\/shop\/"},{"@type":"ListItem","position":3,"name":"Matcha Premium Qualit\u00e4t Zeremonial"}]},{"@type":"WebSite","@id":"https:\/\/sundhedsspir.de\/#website","url":"https:\/\/sundhedsspir.de\/","name":"Sundhedsspir","description":"","publisher":{"@id":"https:\/\/sundhedsspir.de\/#organization"},"potentialAction":[{"@type":"SearchAction","target":{"@type":"EntryPoint","urlTemplate":"https:\/\/sundhedsspir.de\/?s={search_term_string}"},"query-input":"required name=search_term_string"}],"inLanguage":"de"},{"@type":"Organization","@id":"https:\/\/sundhedsspir.de\/#organization","name":"Sundhedsspir","url":"https:\/\/sundhedsspir.de\/","logo":{"@type":"ImageObject","inLanguage":"de","@id":"https:\/\/sundhedsspir.de\/#\/schema\/logo\/image\/","url":"https:\/\/sundhedsspir.de\/wp-content\/uploads\/2023\/09\/sundhed-logo.png","contentUrl":"https:\/\/sundhedsspir.de\/wp-content\/uploads\/2023\/09\/sundhed-logo.png","width":1131,"height":1071,"caption":"Sundhedsspir"},"image":{"@id":"https:\/\/sundhedsspir.de\/#\/schema\/logo\/image\/"}}]}},"jetpack_sharing_enabled":true,"_links":{"self":[{"href":"https:\/\/sundhedsspir.de\/de\/wp-json\/wp\/v2\/product\/1859","targetHints":{"allow":["GET"]}}],"collection":[{"href":"https:\/\/sundhedsspir.de\/de\/wp-json\/wp\/v2\/product"}],"about":[{"href":"https:\/\/sundhedsspir.de\/de\/wp-json\/wp\/v2\/types\/product"}],"replies":[{"embeddable":true,"href":"https:\/\/sundhedsspir.de\/de\/wp-json\/wp\/v2\/comments?post=1859"}],"wp:featuredmedia":[{"embeddable":true,"href":"https:\/\/sundhedsspir.de\/de\/wp-json\/wp\/v2\/media\/1872"}],"wp:attachment":[{"href":"https:\/\/sundhedsspir.de\/de\/wp-json\/wp\/v2\/media?parent=1859"}],"wp:term":[{"taxonomy":"product_cat","embeddable":true,"href":"https:\/\/sundhedsspir.de\/de\/wp-json\/wp\/v2\/product_cat?post=1859"},{"taxonomy":"product_tag","embeddable":true,"href":"https:\/\/sundhedsspir.de\/de\/wp-json\/wp\/v2\/product_tag?post=1859"}],"curies":[{"name":"wp","href":"https:\/\/api.w.org\/{rel}","templated":true}]}}