{"id":1877,"date":"2023-10-20T01:15:11","date_gmt":"2023-10-19T23:15:11","guid":{"rendered":"https:\/\/sundhedsspir.de\/?post_type=product&#038;p=1877"},"modified":"2024-09-03T00:19:40","modified_gmt":"2024-09-02T22:19:40","slug":"yerba-mate-te","status":"publish","type":"product","link":"https:\/\/sundhedsspir.de\/de\/product\/yerba-mate-te\/","title":{"rendered":"Yerba Mate Tasse 230 ml"},"content":{"rendered":"<p><strong>\u00dcber Premium Matcha:<\/strong><\/p>\n<p>Mate zu trinken ist eine t\u00e4gliche Tradition in Lateinamerika (Rio de la Plata). Es ist der ideale Begleiter f\u00fcr Momente der Ruhe, des Teilens und der Gem\u00fctlichkeit. Es bietet eine erfrischende, belebende Pause, vergleichbar mit unserer Kaffeepause. Diese doppelwandige Edelstahl-Kalebasse h\u00e4lt die W\u00e4rme innen, ohne Ihre Finger zu verbrennen. Das spezielle Bombilla-Strohhalm ist mit einem Filter ausgestattet. Seine l\u00f6ffelartige Form schafft eine Vertiefung in dem hydratisierten Mate, um die Infusion aufzunehmen.<\/p>\n<p><strong>Material:<\/strong> Edelstahl<\/p>\n<p><strong>Anwendung:<\/strong> F\u00fcllen Sie die Kalebasse zu 2\/3 mit Mate. Schieben Sie den Mate auf eine Seite. Gie\u00dfen Sie das hei\u00dfe Wasser entlang der Bombilla, w\u00e4hrend ein Teil des Mate trocken bleibt (der hervorstehende Teil). Wiederholen Sie diesen Vorgang nach Belieben, bis der Geschmack ersch\u00f6pft ist (ca. 10 bis 15 Mal!).<\/p>","protected":false},"excerpt":{"rendered":"<p>Mate trinken ist eine t\u00e4gliche Tradition in Lateinamerika (Rio de la Plata). Es ist der ideale Begleiter f\u00fcr Momente der Ruhe, des Teilens und des Wohlbefindens. Es ist eine erfrischende, belebende Pause, vergleichbar mit unserer Kaffeepause. Diese doppelwandige Edelstahl-Kalebasse h\u00e4lt die W\u00e4rme innen, ohne Ihre Finger zu verbrennen. Der spezielle Bombilla-Strohhalm ist mit einem Filter ausgestattet. Seine l\u00f6ffelartige Form schafft eine Vertiefung im hydratisierten Mate, um die Infusion aufzunehmen.<\/p>","protected":false},"featured_media":1878,"comment_status":"open","ping_status":"closed","template":"","meta":{"inline_featured_image":false},"product_cat":[32],"product_tag":[],"class_list":{"0":"post-1877","1":"product","2":"type-product","3":"status-publish","4":"has-post-thumbnail","6":"product_cat-mate","8":"first","9":"instock","10":"taxable","11":"shipping-taxable","12":"purchasable","13":"product-type-simple"},"yoast_head":"<!-- This site is optimized with the Yoast SEO Premium plugin v21.4 (Yoast SEO v23.3) - https:\/\/yoast.com\/wordpress\/plugins\/seo\/ -->\n<title>Yerba Mate Tasse 230 ml - Sundhedsspir<\/title>\n<meta name=\"description\" content=\"Entdecken Sie Yerba Mate \u2013 das traditionelle belebende Getr\u00e4nk aus Lateinamerika. Mit unserer doppelwandigen Stahlkalebasse und dem gefilterten Bombilla-Strohhalm wird jeder Schluck zu einem authentischen Genuss.\" \/>\n<meta name=\"robots\" content=\"index, follow, max-snippet:-1, max-image-preview:large, max-video-preview:-1\" \/>\n<link rel=\"canonical\" href=\"https:\/\/sundhedsspir.de\/de\/produkt\/yerba-mate-te\/\" \/>\n<meta property=\"og:locale\" content=\"de_DE\" \/>\n<meta property=\"og:type\" content=\"article\" \/>\n<meta property=\"og:title\" content=\"Yerba Mate Tasse 230 ml\" \/>\n<meta property=\"og:description\" content=\"Entdecken Sie Yerba Mate \u2013 das traditionelle belebende Getr\u00e4nk aus Lateinamerika. Mit unserer doppelwandigen Stahlkalebasse und dem gefilterten Bombilla-Strohhalm wird jeder Schluck zu einem authentischen Genuss.\" \/>\n<meta property=\"og:url\" content=\"https:\/\/sundhedsspir.de\/de\/produkt\/yerba-mate-te\/\" \/>\n<meta property=\"og:site_name\" content=\"Sundhedsspir\" \/>\n<meta property=\"article:modified_time\" content=\"2024-09-02T22:19:40+00:00\" \/>\n<meta property=\"og:image\" content=\"https:\/\/sundhedsspir.de\/wp-content\/uploads\/2023\/10\/mate-yerba.png\" \/>\n\t<meta property=\"og:image:width\" content=\"768\" \/>\n\t<meta property=\"og:image:height\" content=\"870\" \/>\n\t<meta property=\"og:image:type\" content=\"image\/png\" \/>\n<meta name=\"twitter:card\" content=\"summary_large_image\" \/>\n<meta name=\"twitter:label1\" content=\"Gesch\u00e4tzte Lesezeit\" \/>\n\t<meta name=\"twitter:data1\" content=\"1\u00a0Minute\" \/>\n<script type=\"application\/ld+json\" class=\"yoast-schema-graph\">{\"@context\":\"https:\/\/schema.org\",\"@graph\":[{\"@type\":\"WebPage\",\"@id\":\"https:\/\/sundhedsspir.de\/vare\/yerba-mate-te\/\",\"url\":\"https:\/\/sundhedsspir.de\/vare\/yerba-mate-te\/\",\"name\":\"Yerba Mate Tasse 230 ml - Sundhedsspir\",\"isPartOf\":{\"@id\":\"https:\/\/sundhedsspir.de\/#website\"},\"primaryImageOfPage\":{\"@id\":\"https:\/\/sundhedsspir.de\/vare\/yerba-mate-te\/#primaryimage\"},\"image\":{\"@id\":\"https:\/\/sundhedsspir.de\/vare\/yerba-mate-te\/#primaryimage\"},\"thumbnailUrl\":\"https:\/\/sundhedsspir.de\/wp-content\/uploads\/2023\/10\/mate-yerba.png\",\"datePublished\":\"2023-10-19T23:15:11+00:00\",\"dateModified\":\"2024-09-02T22:19:40+00:00\",\"description\":\"Entdecken Sie Yerba Mate \u2013 das traditionelle belebende Getr\u00e4nk aus Lateinamerika. Mit unserer doppelwandigen Stahlkalebasse und dem gefilterten Bombilla-Strohhalm wird jeder Schluck zu einem authentischen Genuss.\",\"breadcrumb\":{\"@id\":\"https:\/\/sundhedsspir.de\/vare\/yerba-mate-te\/#breadcrumb\"},\"inLanguage\":\"de\",\"potentialAction\":[{\"@type\":\"ReadAction\",\"target\":[\"https:\/\/sundhedsspir.de\/vare\/yerba-mate-te\/\"]}]},{\"@type\":\"ImageObject\",\"inLanguage\":\"de\",\"@id\":\"https:\/\/sundhedsspir.de\/vare\/yerba-mate-te\/#primaryimage\",\"url\":\"https:\/\/sundhedsspir.de\/wp-content\/uploads\/2023\/10\/mate-yerba.png\",\"contentUrl\":\"https:\/\/sundhedsspir.de\/wp-content\/uploads\/2023\/10\/mate-yerba.png\",\"width\":768,\"height\":870},{\"@type\":\"BreadcrumbList\",\"@id\":\"https:\/\/sundhedsspir.de\/vare\/yerba-mate-te\/#breadcrumb\",\"itemListElement\":[{\"@type\":\"ListItem\",\"position\":1,\"name\":\"Home\",\"item\":\"https:\/\/sundhedsspir.de\/\"},{\"@type\":\"ListItem\",\"position\":2,\"name\":\"Shop\",\"item\":\"https:\/\/sundhedsspir.de\/shop\/\"},{\"@type\":\"ListItem\",\"position\":3,\"name\":\"Yerba Mate Tasse 230 ml\"}]},{\"@type\":\"WebSite\",\"@id\":\"https:\/\/sundhedsspir.de\/#website\",\"url\":\"https:\/\/sundhedsspir.de\/\",\"name\":\"Sundhedsspir\",\"description\":\"\",\"publisher\":{\"@id\":\"https:\/\/sundhedsspir.de\/#organization\"},\"potentialAction\":[{\"@type\":\"SearchAction\",\"target\":{\"@type\":\"EntryPoint\",\"urlTemplate\":\"https:\/\/sundhedsspir.de\/?s={search_term_string}\"},\"query-input\":\"required name=search_term_string\"}],\"inLanguage\":\"de\"},{\"@type\":\"Organization\",\"@id\":\"https:\/\/sundhedsspir.de\/#organization\",\"name\":\"Sundhedsspir\",\"url\":\"https:\/\/sundhedsspir.de\/\",\"logo\":{\"@type\":\"ImageObject\",\"inLanguage\":\"de\",\"@id\":\"https:\/\/sundhedsspir.de\/#\/schema\/logo\/image\/\",\"url\":\"https:\/\/sundhedsspir.de\/wp-content\/uploads\/2023\/09\/sundhed-logo.png\",\"contentUrl\":\"https:\/\/sundhedsspir.de\/wp-content\/uploads\/2023\/09\/sundhed-logo.png\",\"width\":1131,\"height\":1071,\"caption\":\"Sundhedsspir\"},\"image\":{\"@id\":\"https:\/\/sundhedsspir.de\/#\/schema\/logo\/image\/\"}}]}<\/script>\n<!-- \/ Yoast SEO Premium plugin. -->","yoast_head_json":{"title":"Yerba Mate Tasse 230 ml - Sundhedsspir","description":"Entdecken Sie Yerba Mate \u2013 das traditionelle belebende Getr\u00e4nk aus Lateinamerika. Mit unserer doppelwandigen Stahlkalebasse und dem gefilterten Bombilla-Strohhalm wird jeder Schluck zu einem authentischen Genuss.","robots":{"index":"index","follow":"follow","max-snippet":"max-snippet:-1","max-image-preview":"max-image-preview:large","max-video-preview":"max-video-preview:-1"},"canonical":"https:\/\/sundhedsspir.de\/de\/produkt\/yerba-mate-te\/","og_locale":"de_DE","og_type":"article","og_title":"Yerba Mate Tasse 230 ml","og_description":"Entdecken Sie Yerba Mate \u2013 das traditionelle belebende Getr\u00e4nk aus Lateinamerika. Mit unserer doppelwandigen Stahlkalebasse und dem gefilterten Bombilla-Strohhalm wird jeder Schluck zu einem authentischen Genuss.","og_url":"https:\/\/sundhedsspir.de\/de\/produkt\/yerba-mate-te\/","og_site_name":"Sundhedsspir","article_modified_time":"2024-09-02T22:19:40+00:00","og_image":[{"width":768,"height":870,"url":"https:\/\/sundhedsspir.de\/wp-content\/uploads\/2023\/10\/mate-yerba.png","type":"image\/png"}],"twitter_card":"summary_large_image","twitter_misc":{"Gesch\u00e4tzte Lesezeit":"1\u00a0Minute"},"schema":{"@context":"https:\/\/schema.org","@graph":[{"@type":"WebPage","@id":"https:\/\/sundhedsspir.de\/vare\/yerba-mate-te\/","url":"https:\/\/sundhedsspir.de\/vare\/yerba-mate-te\/","name":"Yerba Mate Tasse 230 ml - Sundhedsspir","isPartOf":{"@id":"https:\/\/sundhedsspir.de\/#website"},"primaryImageOfPage":{"@id":"https:\/\/sundhedsspir.de\/vare\/yerba-mate-te\/#primaryimage"},"image":{"@id":"https:\/\/sundhedsspir.de\/vare\/yerba-mate-te\/#primaryimage"},"thumbnailUrl":"https:\/\/sundhedsspir.de\/wp-content\/uploads\/2023\/10\/mate-yerba.png","datePublished":"2023-10-19T23:15:11+00:00","dateModified":"2024-09-02T22:19:40+00:00","description":"Entdecken Sie Yerba Mate \u2013 das traditionelle belebende Getr\u00e4nk aus Lateinamerika. Mit unserer doppelwandigen Stahlkalebasse und dem gefilterten Bombilla-Strohhalm wird jeder Schluck zu einem authentischen Genuss.","breadcrumb":{"@id":"https:\/\/sundhedsspir.de\/vare\/yerba-mate-te\/#breadcrumb"},"inLanguage":"de","potentialAction":[{"@type":"ReadAction","target":["https:\/\/sundhedsspir.de\/vare\/yerba-mate-te\/"]}]},{"@type":"ImageObject","inLanguage":"de","@id":"https:\/\/sundhedsspir.de\/vare\/yerba-mate-te\/#primaryimage","url":"https:\/\/sundhedsspir.de\/wp-content\/uploads\/2023\/10\/mate-yerba.png","contentUrl":"https:\/\/sundhedsspir.de\/wp-content\/uploads\/2023\/10\/mate-yerba.png","width":768,"height":870},{"@type":"BreadcrumbList","@id":"https:\/\/sundhedsspir.de\/vare\/yerba-mate-te\/#breadcrumb","itemListElement":[{"@type":"ListItem","position":1,"name":"Home","item":"https:\/\/sundhedsspir.de\/"},{"@type":"ListItem","position":2,"name":"Shop","item":"https:\/\/sundhedsspir.de\/shop\/"},{"@type":"ListItem","position":3,"name":"Yerba Mate Tasse 230 ml"}]},{"@type":"WebSite","@id":"https:\/\/sundhedsspir.de\/#website","url":"https:\/\/sundhedsspir.de\/","name":"Sundhedsspir","description":"","publisher":{"@id":"https:\/\/sundhedsspir.de\/#organization"},"potentialAction":[{"@type":"SearchAction","target":{"@type":"EntryPoint","urlTemplate":"https:\/\/sundhedsspir.de\/?s={search_term_string}"},"query-input":"required name=search_term_string"}],"inLanguage":"de"},{"@type":"Organization","@id":"https:\/\/sundhedsspir.de\/#organization","name":"Sundhedsspir","url":"https:\/\/sundhedsspir.de\/","logo":{"@type":"ImageObject","inLanguage":"de","@id":"https:\/\/sundhedsspir.de\/#\/schema\/logo\/image\/","url":"https:\/\/sundhedsspir.de\/wp-content\/uploads\/2023\/09\/sundhed-logo.png","contentUrl":"https:\/\/sundhedsspir.de\/wp-content\/uploads\/2023\/09\/sundhed-logo.png","width":1131,"height":1071,"caption":"Sundhedsspir"},"image":{"@id":"https:\/\/sundhedsspir.de\/#\/schema\/logo\/image\/"}}]}},"jetpack_sharing_enabled":true,"_links":{"self":[{"href":"https:\/\/sundhedsspir.de\/de\/wp-json\/wp\/v2\/product\/1877","targetHints":{"allow":["GET"]}}],"collection":[{"href":"https:\/\/sundhedsspir.de\/de\/wp-json\/wp\/v2\/product"}],"about":[{"href":"https:\/\/sundhedsspir.de\/de\/wp-json\/wp\/v2\/types\/product"}],"replies":[{"embeddable":true,"href":"https:\/\/sundhedsspir.de\/de\/wp-json\/wp\/v2\/comments?post=1877"}],"wp:featuredmedia":[{"embeddable":true,"href":"https:\/\/sundhedsspir.de\/de\/wp-json\/wp\/v2\/media\/1878"}],"wp:attachment":[{"href":"https:\/\/sundhedsspir.de\/de\/wp-json\/wp\/v2\/media?parent=1877"}],"wp:term":[{"taxonomy":"product_cat","embeddable":true,"href":"https:\/\/sundhedsspir.de\/de\/wp-json\/wp\/v2\/product_cat?post=1877"},{"taxonomy":"product_tag","embeddable":true,"href":"https:\/\/sundhedsspir.de\/de\/wp-json\/wp\/v2\/product_tag?post=1877"}],"curies":[{"name":"wp","href":"https:\/\/api.w.org\/{rel}","templated":true}]}}