{"id":2006,"date":"2023-12-01T16:17:26","date_gmt":"2023-12-01T14:17:26","guid":{"rendered":"https:\/\/sundhedsspir.de\/?post_type=product&#038;p=2006"},"modified":"2024-09-03T00:07:39","modified_gmt":"2024-09-02T22:07:39","slug":"matcha-zeremonie-set-schale-in-weis","status":"publish","type":"product","link":"https:\/\/sundhedsspir.de\/de\/product\/matcha-zeremonie-set-schale-in-weis\/","title":{"rendered":"Matcha-Zeremonie-Set \u2013 Schale in Wei\u00df"},"content":{"rendered":"<p><strong>In der Box finden Sie:<\/strong><\/p>\n<p>\u2013 Bio Ceremonial Grade Matcha aus den \u00fcppigen Regionen von Uji in Japan, 30 g<\/p>\n<p>\u2013 Eine einzigartig handgefertigte keramische Matcha-Schale<\/p>\n<p>\u2013 Ein Bambusbesen mit 100 Borsten, geschnitzt aus einem einzigen Bambusrohr<\/p>\n<p>\u2013 Ein praktischer Matcha-Bambusl\u00f6ffel<\/p>\n<p>Ceremonial Matcha ist ein zartes, fein gemahlenes Pulver in einem sanften Gr\u00fcnton mit einem kr\u00e4ftigen, samtigen Chlorophyll-Geschmack.<\/p>\n<p>Dieses exklusive Pulver wird ausschlie\u00dflich aus den feinsten, im Fr\u00fchling geernteten Tencha-Bl\u00e4ttern hergestellt, ausgew\u00e4hlt aus der ersten Ernte und von der renommierten Gyokuro-Qualit\u00e4t. Die Zeremonielle Matcha f\u00e4ngt die Essenz eines erstklassigen Tees ein: bekannt als Koicha, ist dies die Matcha, die in den traditionellen japanischen Teezermonien verwendet wird. Anbau in Uji, einem Gebiet, das f\u00fcr seinen au\u00dfergew\u00f6hnlichen Tee ber\u00fchmt ist, gew\u00e4hrleistet eine Tee von herausragender Qualit\u00e4t.<\/p>\n<p>F\u00fcr das authentische Erlebnis ist der Chasen, der Matcha-Besen, unverzichtbar. Unser Chasen ist aus einem einzigen St\u00fcck feinem Bambus handgefertigt und stellt ein Kunstwerk mit 100 Borsten dar, das entwickelt wurde, um Matcha perfekt zu vermischen.<\/p>\n<p>Der traditionelle Matcha-L\u00f6ffel, Chashaku, ist speziell f\u00fcr Matcha-Pulver entworfen. Ein Chashaku-L\u00f6ffel ist die ideale Menge f\u00fcr eine Person und macht ihn zu einem unverzichtbaren Werkzeug, nicht nur f\u00fcr Zeremonien, sondern auch f\u00fcr Ihr t\u00e4gliches Matcha-Ritual.<\/p>\n<p>Zu guter Letzt ist die Chawan, die zeremonielle Teeschale, ein wichtiger Bestandteil der japanischen Chanoyu-Teezeremonie. Die Schale ist aus Ton und Keramik handgefertigt und hat eine benutzerfreundliche Form f\u00fcr eine komfortable Handhabung. Diese elegante wei\u00dfe Schale kann verwendet werden, um Ihren Matcha zu genie\u00dfen, oder als stilvolle Alternative zu Ihrer t\u00e4glichen Schale.<\/p>","protected":false},"excerpt":{"rendered":"<p><strong>Ein ultimatives Geschenkset f\u00fcr Fans der japanischen Teetradition!<\/strong><\/p>\n<p>Perfekt f\u00fcr Matcha-Tee-Enthusiasten umfasst dieses Set unseren exklusiven Premium Matcha Tee in Zeremonialqualit\u00e4t aus der renommierten Region Uji, unseren authentischen Chasen Matcha-Schneebesen mit 100 Borsten, eine zeremonielle Chawan-Tasse in Wei\u00df mit zarten blauen Mustern sowie einen Matcha-Ma\u00dfl\u00f6ffel, Chashaku.<\/p>\n<p>Dieses Set ist eine vollst\u00e4ndige Sammlung der notwendigen Ausr\u00fcstung, um Gourmet-Matcha-Tee zu genie\u00dfen, und ist das ideale Starterkit f\u00fcr diejenigen, die die edle japanische Teezeremonie erkunden m\u00f6chten.<\/p>","protected":false},"featured_media":2012,"comment_status":"open","ping_status":"closed","template":"","meta":{"inline_featured_image":false},"product_cat":[31],"product_tag":[],"class_list":{"0":"post-2006","1":"product","2":"type-product","3":"status-publish","4":"has-post-thumbnail","6":"product_cat-matcha","8":"first","9":"instock","10":"taxable","11":"shipping-taxable","12":"purchasable","13":"product-type-simple"},"yoast_head":"<!-- This site is optimized with the Yoast SEO Premium plugin v21.4 (Yoast SEO v23.3) - https:\/\/yoast.com\/wordpress\/plugins\/seo\/ -->\n<title>Matcha-Zeremonie-Set \u2013 Schale in Wei\u00df - Sundhedsspir<\/title>\n<meta name=\"description\" content=\"Erleben Sie die japanische Teezeremonie mit unserem biologischen Ceremonial Grade Matcha aus Uji und handgefertigten Utensilien.\" \/>\n<meta name=\"robots\" content=\"index, follow, max-snippet:-1, max-image-preview:large, max-video-preview:-1\" \/>\n<link rel=\"canonical\" href=\"https:\/\/sundhedsspir.de\/de\/produkt\/matcha-zeremonie-set-schale-in-weis\/\" \/>\n<meta property=\"og:locale\" content=\"de_DE\" \/>\n<meta property=\"og:type\" content=\"article\" \/>\n<meta property=\"og:title\" content=\"Matcha-Zeremonie-Set \u2013 Schale in Wei\u00df\" \/>\n<meta property=\"og:description\" content=\"Erleben Sie die japanische Teezeremonie mit unserem biologischen Ceremonial Grade Matcha aus Uji und handgefertigten Utensilien.\" \/>\n<meta property=\"og:url\" content=\"https:\/\/sundhedsspir.de\/de\/produkt\/matcha-zeremonie-set-schale-in-weis\/\" \/>\n<meta property=\"og:site_name\" content=\"Sundhedsspir\" \/>\n<meta property=\"article:modified_time\" content=\"2024-09-02T22:07:39+00:00\" \/>\n<meta property=\"og:image\" content=\"https:\/\/sundhedsspir.de\/wp-content\/uploads\/2023\/12\/matcha-set.png\" \/>\n\t<meta property=\"og:image:width\" content=\"768\" \/>\n\t<meta property=\"og:image:height\" content=\"870\" \/>\n\t<meta property=\"og:image:type\" content=\"image\/png\" \/>\n<meta name=\"twitter:card\" content=\"summary_large_image\" \/>\n<meta name=\"twitter:label1\" content=\"Gesch\u00e4tzte Lesezeit\" \/>\n\t<meta name=\"twitter:data1\" content=\"2\u00a0Minuten\" \/>\n<script type=\"application\/ld+json\" class=\"yoast-schema-graph\">{\"@context\":\"https:\/\/schema.org\",\"@graph\":[{\"@type\":\"WebPage\",\"@id\":\"https:\/\/sundhedsspir.de\/vare\/matcha-zeremonie-set-schale-in-weis\/\",\"url\":\"https:\/\/sundhedsspir.de\/vare\/matcha-zeremonie-set-schale-in-weis\/\",\"name\":\"Matcha-Zeremonie-Set \u2013 Schale in Wei\u00df - Sundhedsspir\",\"isPartOf\":{\"@id\":\"https:\/\/sundhedsspir.de\/#website\"},\"primaryImageOfPage\":{\"@id\":\"https:\/\/sundhedsspir.de\/vare\/matcha-zeremonie-set-schale-in-weis\/#primaryimage\"},\"image\":{\"@id\":\"https:\/\/sundhedsspir.de\/vare\/matcha-zeremonie-set-schale-in-weis\/#primaryimage\"},\"thumbnailUrl\":\"https:\/\/sundhedsspir.de\/wp-content\/uploads\/2023\/12\/matcha-set.png\",\"datePublished\":\"2023-12-01T14:17:26+00:00\",\"dateModified\":\"2024-09-02T22:07:39+00:00\",\"description\":\"Erleben Sie die japanische Teezeremonie mit unserem biologischen Ceremonial Grade Matcha aus Uji und handgefertigten Utensilien.\",\"breadcrumb\":{\"@id\":\"https:\/\/sundhedsspir.de\/vare\/matcha-zeremonie-set-schale-in-weis\/#breadcrumb\"},\"inLanguage\":\"de\",\"potentialAction\":[{\"@type\":\"ReadAction\",\"target\":[\"https:\/\/sundhedsspir.de\/vare\/matcha-zeremonie-set-schale-in-weis\/\"]}]},{\"@type\":\"ImageObject\",\"inLanguage\":\"de\",\"@id\":\"https:\/\/sundhedsspir.de\/vare\/matcha-zeremonie-set-schale-in-weis\/#primaryimage\",\"url\":\"https:\/\/sundhedsspir.de\/wp-content\/uploads\/2023\/12\/matcha-set.png\",\"contentUrl\":\"https:\/\/sundhedsspir.de\/wp-content\/uploads\/2023\/12\/matcha-set.png\",\"width\":768,\"height\":870},{\"@type\":\"BreadcrumbList\",\"@id\":\"https:\/\/sundhedsspir.de\/vare\/matcha-zeremonie-set-schale-in-weis\/#breadcrumb\",\"itemListElement\":[{\"@type\":\"ListItem\",\"position\":1,\"name\":\"Home\",\"item\":\"https:\/\/sundhedsspir.de\/\"},{\"@type\":\"ListItem\",\"position\":2,\"name\":\"Shop\",\"item\":\"https:\/\/sundhedsspir.de\/shop\/\"},{\"@type\":\"ListItem\",\"position\":3,\"name\":\"Matcha-Zeremonie-Set \u2013 Schale in Wei\u00df\"}]},{\"@type\":\"WebSite\",\"@id\":\"https:\/\/sundhedsspir.de\/#website\",\"url\":\"https:\/\/sundhedsspir.de\/\",\"name\":\"Sundhedsspir\",\"description\":\"\",\"publisher\":{\"@id\":\"https:\/\/sundhedsspir.de\/#organization\"},\"potentialAction\":[{\"@type\":\"SearchAction\",\"target\":{\"@type\":\"EntryPoint\",\"urlTemplate\":\"https:\/\/sundhedsspir.de\/?s={search_term_string}\"},\"query-input\":\"required name=search_term_string\"}],\"inLanguage\":\"de\"},{\"@type\":\"Organization\",\"@id\":\"https:\/\/sundhedsspir.de\/#organization\",\"name\":\"Sundhedsspir\",\"url\":\"https:\/\/sundhedsspir.de\/\",\"logo\":{\"@type\":\"ImageObject\",\"inLanguage\":\"de\",\"@id\":\"https:\/\/sundhedsspir.de\/#\/schema\/logo\/image\/\",\"url\":\"https:\/\/sundhedsspir.de\/wp-content\/uploads\/2023\/09\/sundhed-logo.png\",\"contentUrl\":\"https:\/\/sundhedsspir.de\/wp-content\/uploads\/2023\/09\/sundhed-logo.png\",\"width\":1131,\"height\":1071,\"caption\":\"Sundhedsspir\"},\"image\":{\"@id\":\"https:\/\/sundhedsspir.de\/#\/schema\/logo\/image\/\"}}]}<\/script>\n<!-- \/ Yoast SEO Premium plugin. -->","yoast_head_json":{"title":"Matcha-Zeremonie-Set \u2013 Schale in Wei\u00df - Sundhedsspir","description":"Erleben Sie die japanische Teezeremonie mit unserem biologischen Ceremonial Grade Matcha aus Uji und handgefertigten Utensilien.","robots":{"index":"index","follow":"follow","max-snippet":"max-snippet:-1","max-image-preview":"max-image-preview:large","max-video-preview":"max-video-preview:-1"},"canonical":"https:\/\/sundhedsspir.de\/de\/produkt\/matcha-zeremonie-set-schale-in-weis\/","og_locale":"de_DE","og_type":"article","og_title":"Matcha-Zeremonie-Set \u2013 Schale in Wei\u00df","og_description":"Erleben Sie die japanische Teezeremonie mit unserem biologischen Ceremonial Grade Matcha aus Uji und handgefertigten Utensilien.","og_url":"https:\/\/sundhedsspir.de\/de\/produkt\/matcha-zeremonie-set-schale-in-weis\/","og_site_name":"Sundhedsspir","article_modified_time":"2024-09-02T22:07:39+00:00","og_image":[{"width":768,"height":870,"url":"https:\/\/sundhedsspir.de\/wp-content\/uploads\/2023\/12\/matcha-set.png","type":"image\/png"}],"twitter_card":"summary_large_image","twitter_misc":{"Gesch\u00e4tzte Lesezeit":"2\u00a0Minuten"},"schema":{"@context":"https:\/\/schema.org","@graph":[{"@type":"WebPage","@id":"https:\/\/sundhedsspir.de\/vare\/matcha-zeremonie-set-schale-in-weis\/","url":"https:\/\/sundhedsspir.de\/vare\/matcha-zeremonie-set-schale-in-weis\/","name":"Matcha-Zeremonie-Set \u2013 Schale in Wei\u00df - Sundhedsspir","isPartOf":{"@id":"https:\/\/sundhedsspir.de\/#website"},"primaryImageOfPage":{"@id":"https:\/\/sundhedsspir.de\/vare\/matcha-zeremonie-set-schale-in-weis\/#primaryimage"},"image":{"@id":"https:\/\/sundhedsspir.de\/vare\/matcha-zeremonie-set-schale-in-weis\/#primaryimage"},"thumbnailUrl":"https:\/\/sundhedsspir.de\/wp-content\/uploads\/2023\/12\/matcha-set.png","datePublished":"2023-12-01T14:17:26+00:00","dateModified":"2024-09-02T22:07:39+00:00","description":"Erleben Sie die japanische Teezeremonie mit unserem biologischen Ceremonial Grade Matcha aus Uji und handgefertigten Utensilien.","breadcrumb":{"@id":"https:\/\/sundhedsspir.de\/vare\/matcha-zeremonie-set-schale-in-weis\/#breadcrumb"},"inLanguage":"de","potentialAction":[{"@type":"ReadAction","target":["https:\/\/sundhedsspir.de\/vare\/matcha-zeremonie-set-schale-in-weis\/"]}]},{"@type":"ImageObject","inLanguage":"de","@id":"https:\/\/sundhedsspir.de\/vare\/matcha-zeremonie-set-schale-in-weis\/#primaryimage","url":"https:\/\/sundhedsspir.de\/wp-content\/uploads\/2023\/12\/matcha-set.png","contentUrl":"https:\/\/sundhedsspir.de\/wp-content\/uploads\/2023\/12\/matcha-set.png","width":768,"height":870},{"@type":"BreadcrumbList","@id":"https:\/\/sundhedsspir.de\/vare\/matcha-zeremonie-set-schale-in-weis\/#breadcrumb","itemListElement":[{"@type":"ListItem","position":1,"name":"Home","item":"https:\/\/sundhedsspir.de\/"},{"@type":"ListItem","position":2,"name":"Shop","item":"https:\/\/sundhedsspir.de\/shop\/"},{"@type":"ListItem","position":3,"name":"Matcha-Zeremonie-Set \u2013 Schale in Wei\u00df"}]},{"@type":"WebSite","@id":"https:\/\/sundhedsspir.de\/#website","url":"https:\/\/sundhedsspir.de\/","name":"Sundhedsspir","description":"","publisher":{"@id":"https:\/\/sundhedsspir.de\/#organization"},"potentialAction":[{"@type":"SearchAction","target":{"@type":"EntryPoint","urlTemplate":"https:\/\/sundhedsspir.de\/?s={search_term_string}"},"query-input":"required name=search_term_string"}],"inLanguage":"de"},{"@type":"Organization","@id":"https:\/\/sundhedsspir.de\/#organization","name":"Sundhedsspir","url":"https:\/\/sundhedsspir.de\/","logo":{"@type":"ImageObject","inLanguage":"de","@id":"https:\/\/sundhedsspir.de\/#\/schema\/logo\/image\/","url":"https:\/\/sundhedsspir.de\/wp-content\/uploads\/2023\/09\/sundhed-logo.png","contentUrl":"https:\/\/sundhedsspir.de\/wp-content\/uploads\/2023\/09\/sundhed-logo.png","width":1131,"height":1071,"caption":"Sundhedsspir"},"image":{"@id":"https:\/\/sundhedsspir.de\/#\/schema\/logo\/image\/"}}]}},"jetpack_sharing_enabled":true,"_links":{"self":[{"href":"https:\/\/sundhedsspir.de\/de\/wp-json\/wp\/v2\/product\/2006","targetHints":{"allow":["GET"]}}],"collection":[{"href":"https:\/\/sundhedsspir.de\/de\/wp-json\/wp\/v2\/product"}],"about":[{"href":"https:\/\/sundhedsspir.de\/de\/wp-json\/wp\/v2\/types\/product"}],"replies":[{"embeddable":true,"href":"https:\/\/sundhedsspir.de\/de\/wp-json\/wp\/v2\/comments?post=2006"}],"wp:featuredmedia":[{"embeddable":true,"href":"https:\/\/sundhedsspir.de\/de\/wp-json\/wp\/v2\/media\/2012"}],"wp:attachment":[{"href":"https:\/\/sundhedsspir.de\/de\/wp-json\/wp\/v2\/media?parent=2006"}],"wp:term":[{"taxonomy":"product_cat","embeddable":true,"href":"https:\/\/sundhedsspir.de\/de\/wp-json\/wp\/v2\/product_cat?post=2006"},{"taxonomy":"product_tag","embeddable":true,"href":"https:\/\/sundhedsspir.de\/de\/wp-json\/wp\/v2\/product_tag?post=2006"}],"curies":[{"name":"wp","href":"https:\/\/api.w.org\/{rel}","templated":true}]}}