{"id":2011,"date":"2023-12-01T16:30:12","date_gmt":"2023-12-01T14:30:12","guid":{"rendered":"https:\/\/sundhedsspir.de\/?post_type=product&#038;p=2011"},"modified":"2024-09-03T00:04:23","modified_gmt":"2024-09-02T22:04:23","slug":"matcha-zeremonie-set-schale-in-blau","status":"publish","type":"product","link":"https:\/\/sundhedsspir.de\/de\/product\/matcha-zeremonie-set-schale-in-blau\/","title":{"rendered":"Matcha-Zeremonie-Set \u2013 Schale in Blau"},"content":{"rendered":"<div class=\"flex-shrink-0 flex flex-col relative items-end\">\n<div>\n<div class=\"pt-0\">\n<div class=\"gizmo-bot-avatar flex h-8 w-8 items-center justify-center overflow-hidden rounded-full\">\n<div class=\"relative p-1 rounded-sm flex items-center justify-center bg-token-main-surface-primary text-token-text-primary h-8 w-8\"><\/div>\n<\/div>\n<\/div>\n<\/div>\n<\/div>\n<div class=\"group\/conversation-turn relative flex w-full min-w-0 flex-col agent-turn\">\n<div class=\"flex-col gap-1 md:gap-3\">\n<div class=\"flex max-w-full flex-col flex-grow\">\n<div class=\"min-h-[20px] text-message flex w-full flex-col items-end gap-2 break-words [.text-message+&amp;]:mt-5 overflow-x-auto whitespace-normal\" dir=\"auto\" data-message-author-role=\"assistant\" data-message-id=\"87792ca6-24b6-4427-88c8-34270246fde3\">\n<div class=\"flex w-full flex-col gap-1 empty:hidden first:pt-[3px]\">\n<div class=\"markdown prose w-full break-words dark:prose-invert dark\">\n<p><strong>Matcha-Zeremonie-Set \u2013 Schale in Blau<\/strong><\/p>\n<p>In der Box finden Sie:<\/p>\n<p>\u2013 <strong>Bio-Ceremonial Grade Matcha<\/strong> aus den fruchtbaren Regionen Ujis in Japan, 30 g<\/p>\n<p>\u2013 Eine einzigartig handgeformte keramische Matcha-Schale<\/p>\n<p>\u2013 Ein Bambus-Pinsel mit 100 Borsten, geschnitzt aus einem einzigen Bambusst\u00e4ngel<\/p>\n<p>\u2013 Ein praktischer Matcha-Bambusl\u00f6ffel<\/p>\n<p>Ceremonial Matcha ist ein zartes, fein gemahlenes Pulver in einem sanften Gr\u00fcnton mit einem kr\u00e4ftigen, samtigen Chlorophyllgeschmack.<\/p>\n<p>Dieses exklusive Pulver wird ausschlie\u00dflich aus den besten im Fr\u00fchling geernteten Tencha-Bl\u00e4ttern hergestellt, die aus der ersten Ernte und der renommierten Gyokuro-Qualit\u00e4t ausgew\u00e4hlt werden. Die Ceremonial Matcha verk\u00f6rpert die Essenz einer Premium-Tee: Bekannt als Koicha, ist dies die Matcha, die in den traditionellen Teezeremonien Japans verwendet wird. Angebaut in Uji, einem Gebiet ber\u00fchmt f\u00fcr seinen au\u00dfergew\u00f6hnlichen Tee, garantiert diese Umgebung einen Tee von herausragender Qualit\u00e4t.<\/p>\n<p>F\u00fcr das authentische Erlebnis ist der Chasen, der Matcha-Pinsel, unerl\u00e4sslich. Unser Chasen wird aus einem einzigen St\u00fcck feinstem Bambus handgefertigt und ist ein Kunstwerk mit 100 Borsten, entworfen, um Matcha zur Perfektion zu mischen.<\/p>\n<p>Der traditionelle Matcha-L\u00f6ffel, Chashaku, ist speziell f\u00fcr Matcha-Pulver gestaltet. Ein Chashaku-L\u00f6ffel ist die ideale Menge f\u00fcr eine Person und macht ihn zu einem unverzichtbaren Werkzeug, nicht nur f\u00fcr Zeremonien, sondern auch f\u00fcr Ihr t\u00e4gliches Matcha-Ritual.<\/p>\n<p>Abschlie\u00dfend ist der Chawan, die zeremonielle Teeschale, ein wichtiger Bestandteil der japanischen Chanoyu-Teezeremonie. Die Schale ist aus Ton und Keramik gefertigt und hat eine benutzerfreundliche Form f\u00fcr komfortables Handling. Diese elegante blaue Schale kann verwendet werden, um Ihren Matcha zu genie\u00dfen oder als stilvolle Alternative zu Ihrer t\u00e4glichen Schale.<\/p>\n<\/div>\n<\/div>\n<\/div>\n<\/div>\n<\/div>\n<\/div>","protected":false},"excerpt":{"rendered":"<p><strong>Ein ultimatives Geschenkset f\u00fcr Liebhaber der japanischen Teetradition!<\/strong><\/p>\n<p>Perfekt f\u00fcr Matcha-Tee-Enthusiasten, umfasst dieses Set unseren exklusiven Premium Matcha Tee in zeremonieller Qualit\u00e4t aus der renommierten Region Uji, unseren authentischen Chasen Matcha-Pe whisk mit 100 Borsten, eine zeremonielle Chawan Teeschale in Wei\u00df mit zarten blauen Mustern sowie einen Matcha-Messl\u00f6ffel, Chashaku.<\/p>\n<p>Dieses Set ist eine komplette Sammlung der notwendigen Ausr\u00fcstung, um Gourmet Matcha Tee zu genie\u00dfen, und ist das ideale Starterkit f\u00fcr diejenigen, die die edle japanische Teezeremonie erkunden m\u00f6chten.<\/p>","protected":false},"featured_media":2013,"comment_status":"open","ping_status":"closed","template":"","meta":{"inline_featured_image":false},"product_cat":[31],"product_tag":[],"class_list":{"0":"post-2011","1":"product","2":"type-product","3":"status-publish","4":"has-post-thumbnail","6":"product_cat-matcha","8":"first","9":"instock","10":"taxable","11":"shipping-taxable","12":"purchasable","13":"product-type-simple"},"yoast_head":"<!-- This site is optimized with the Yoast SEO Premium plugin v21.4 (Yoast SEO v23.3) - https:\/\/yoast.com\/wordpress\/plugins\/seo\/ -->\n<title>Matcha-Zeremonie-Set \u2013 Schale in Blau - Sundhedsspir<\/title>\n<meta name=\"description\" content=\"Erleben Sie die echte japanische Teezeremonie mit unserem biologischen Ceremonial Grade Matcha aus Uji. Unser Set enth\u00e4lt handgefertigte Utensilien f\u00fcr ein authentisches Ritual.Har denne samtale v\u00e6ret nyttig indtil nu?\" \/>\n<meta name=\"robots\" content=\"index, follow, max-snippet:-1, max-image-preview:large, max-video-preview:-1\" \/>\n<link rel=\"canonical\" href=\"https:\/\/sundhedsspir.de\/de\/produkt\/matcha-zeremonie-set-schale-in-blau\/\" \/>\n<meta property=\"og:locale\" content=\"de_DE\" \/>\n<meta property=\"og:type\" content=\"article\" \/>\n<meta property=\"og:title\" content=\"Matcha-Zeremonie-Set \u2013 Schale in Blau\" \/>\n<meta property=\"og:description\" content=\"Erleben Sie die echte japanische Teezeremonie mit unserem biologischen Ceremonial Grade Matcha aus Uji. Unser Set enth\u00e4lt handgefertigte Utensilien f\u00fcr ein authentisches Ritual.Har denne samtale v\u00e6ret nyttig indtil nu?\" \/>\n<meta property=\"og:url\" content=\"https:\/\/sundhedsspir.de\/de\/produkt\/matcha-zeremonie-set-schale-in-blau\/\" \/>\n<meta property=\"og:site_name\" content=\"Sundhedsspir\" \/>\n<meta property=\"article:modified_time\" content=\"2024-09-02T22:04:23+00:00\" \/>\n<meta property=\"og:image\" content=\"https:\/\/sundhedsspir.de\/wp-content\/uploads\/2023\/12\/matcha-set-bla.png\" \/>\n\t<meta property=\"og:image:width\" content=\"768\" \/>\n\t<meta property=\"og:image:height\" content=\"870\" \/>\n\t<meta property=\"og:image:type\" content=\"image\/png\" \/>\n<meta name=\"twitter:card\" content=\"summary_large_image\" \/>\n<meta name=\"twitter:label1\" content=\"Gesch\u00e4tzte Lesezeit\" \/>\n\t<meta name=\"twitter:data1\" content=\"2\u00a0Minuten\" \/>\n<script type=\"application\/ld+json\" class=\"yoast-schema-graph\">{\"@context\":\"https:\/\/schema.org\",\"@graph\":[{\"@type\":\"WebPage\",\"@id\":\"https:\/\/sundhedsspir.de\/vare\/matcha-zeremonie-set-schale-in-blau\/\",\"url\":\"https:\/\/sundhedsspir.de\/vare\/matcha-zeremonie-set-schale-in-blau\/\",\"name\":\"Matcha-Zeremonie-Set \u2013 Schale in Blau - Sundhedsspir\",\"isPartOf\":{\"@id\":\"https:\/\/sundhedsspir.de\/#website\"},\"primaryImageOfPage\":{\"@id\":\"https:\/\/sundhedsspir.de\/vare\/matcha-zeremonie-set-schale-in-blau\/#primaryimage\"},\"image\":{\"@id\":\"https:\/\/sundhedsspir.de\/vare\/matcha-zeremonie-set-schale-in-blau\/#primaryimage\"},\"thumbnailUrl\":\"https:\/\/sundhedsspir.de\/wp-content\/uploads\/2023\/12\/matcha-set-bla.png\",\"datePublished\":\"2023-12-01T14:30:12+00:00\",\"dateModified\":\"2024-09-02T22:04:23+00:00\",\"description\":\"Erleben Sie die echte japanische Teezeremonie mit unserem biologischen Ceremonial Grade Matcha aus Uji. Unser Set enth\u00e4lt handgefertigte Utensilien f\u00fcr ein authentisches Ritual.Har denne samtale v\u00e6ret nyttig indtil nu?\",\"breadcrumb\":{\"@id\":\"https:\/\/sundhedsspir.de\/vare\/matcha-zeremonie-set-schale-in-blau\/#breadcrumb\"},\"inLanguage\":\"de\",\"potentialAction\":[{\"@type\":\"ReadAction\",\"target\":[\"https:\/\/sundhedsspir.de\/vare\/matcha-zeremonie-set-schale-in-blau\/\"]}]},{\"@type\":\"ImageObject\",\"inLanguage\":\"de\",\"@id\":\"https:\/\/sundhedsspir.de\/vare\/matcha-zeremonie-set-schale-in-blau\/#primaryimage\",\"url\":\"https:\/\/sundhedsspir.de\/wp-content\/uploads\/2023\/12\/matcha-set-bla.png\",\"contentUrl\":\"https:\/\/sundhedsspir.de\/wp-content\/uploads\/2023\/12\/matcha-set-bla.png\",\"width\":768,\"height\":870},{\"@type\":\"BreadcrumbList\",\"@id\":\"https:\/\/sundhedsspir.de\/vare\/matcha-zeremonie-set-schale-in-blau\/#breadcrumb\",\"itemListElement\":[{\"@type\":\"ListItem\",\"position\":1,\"name\":\"Home\",\"item\":\"https:\/\/sundhedsspir.de\/\"},{\"@type\":\"ListItem\",\"position\":2,\"name\":\"Shop\",\"item\":\"https:\/\/sundhedsspir.de\/shop\/\"},{\"@type\":\"ListItem\",\"position\":3,\"name\":\"Matcha-Zeremonie-Set \u2013 Schale in Blau\"}]},{\"@type\":\"WebSite\",\"@id\":\"https:\/\/sundhedsspir.de\/#website\",\"url\":\"https:\/\/sundhedsspir.de\/\",\"name\":\"Sundhedsspir\",\"description\":\"\",\"publisher\":{\"@id\":\"https:\/\/sundhedsspir.de\/#organization\"},\"potentialAction\":[{\"@type\":\"SearchAction\",\"target\":{\"@type\":\"EntryPoint\",\"urlTemplate\":\"https:\/\/sundhedsspir.de\/?s={search_term_string}\"},\"query-input\":\"required name=search_term_string\"}],\"inLanguage\":\"de\"},{\"@type\":\"Organization\",\"@id\":\"https:\/\/sundhedsspir.de\/#organization\",\"name\":\"Sundhedsspir\",\"url\":\"https:\/\/sundhedsspir.de\/\",\"logo\":{\"@type\":\"ImageObject\",\"inLanguage\":\"de\",\"@id\":\"https:\/\/sundhedsspir.de\/#\/schema\/logo\/image\/\",\"url\":\"https:\/\/sundhedsspir.de\/wp-content\/uploads\/2023\/09\/sundhed-logo.png\",\"contentUrl\":\"https:\/\/sundhedsspir.de\/wp-content\/uploads\/2023\/09\/sundhed-logo.png\",\"width\":1131,\"height\":1071,\"caption\":\"Sundhedsspir\"},\"image\":{\"@id\":\"https:\/\/sundhedsspir.de\/#\/schema\/logo\/image\/\"}}]}<\/script>\n<!-- \/ Yoast SEO Premium plugin. -->","yoast_head_json":{"title":"Matcha-Zeremonie-Set \u2013 Schale in Blau - Sundhedsspir","description":"Erleben Sie die echte japanische Teezeremonie mit unserem biologischen Ceremonial Grade Matcha aus Uji. Unser Set enth\u00e4lt handgefertigte Utensilien f\u00fcr ein authentisches Ritual.Har denne samtale v\u00e6ret nyttig indtil nu?","robots":{"index":"index","follow":"follow","max-snippet":"max-snippet:-1","max-image-preview":"max-image-preview:large","max-video-preview":"max-video-preview:-1"},"canonical":"https:\/\/sundhedsspir.de\/de\/produkt\/matcha-zeremonie-set-schale-in-blau\/","og_locale":"de_DE","og_type":"article","og_title":"Matcha-Zeremonie-Set \u2013 Schale in Blau","og_description":"Erleben Sie die echte japanische Teezeremonie mit unserem biologischen Ceremonial Grade Matcha aus Uji. Unser Set enth\u00e4lt handgefertigte Utensilien f\u00fcr ein authentisches Ritual.Har denne samtale v\u00e6ret nyttig indtil nu?","og_url":"https:\/\/sundhedsspir.de\/de\/produkt\/matcha-zeremonie-set-schale-in-blau\/","og_site_name":"Sundhedsspir","article_modified_time":"2024-09-02T22:04:23+00:00","og_image":[{"width":768,"height":870,"url":"https:\/\/sundhedsspir.de\/wp-content\/uploads\/2023\/12\/matcha-set-bla.png","type":"image\/png"}],"twitter_card":"summary_large_image","twitter_misc":{"Gesch\u00e4tzte Lesezeit":"2\u00a0Minuten"},"schema":{"@context":"https:\/\/schema.org","@graph":[{"@type":"WebPage","@id":"https:\/\/sundhedsspir.de\/vare\/matcha-zeremonie-set-schale-in-blau\/","url":"https:\/\/sundhedsspir.de\/vare\/matcha-zeremonie-set-schale-in-blau\/","name":"Matcha-Zeremonie-Set \u2013 Schale in Blau - Sundhedsspir","isPartOf":{"@id":"https:\/\/sundhedsspir.de\/#website"},"primaryImageOfPage":{"@id":"https:\/\/sundhedsspir.de\/vare\/matcha-zeremonie-set-schale-in-blau\/#primaryimage"},"image":{"@id":"https:\/\/sundhedsspir.de\/vare\/matcha-zeremonie-set-schale-in-blau\/#primaryimage"},"thumbnailUrl":"https:\/\/sundhedsspir.de\/wp-content\/uploads\/2023\/12\/matcha-set-bla.png","datePublished":"2023-12-01T14:30:12+00:00","dateModified":"2024-09-02T22:04:23+00:00","description":"Erleben Sie die echte japanische Teezeremonie mit unserem biologischen Ceremonial Grade Matcha aus Uji. Unser Set enth\u00e4lt handgefertigte Utensilien f\u00fcr ein authentisches Ritual.Har denne samtale v\u00e6ret nyttig indtil nu?","breadcrumb":{"@id":"https:\/\/sundhedsspir.de\/vare\/matcha-zeremonie-set-schale-in-blau\/#breadcrumb"},"inLanguage":"de","potentialAction":[{"@type":"ReadAction","target":["https:\/\/sundhedsspir.de\/vare\/matcha-zeremonie-set-schale-in-blau\/"]}]},{"@type":"ImageObject","inLanguage":"de","@id":"https:\/\/sundhedsspir.de\/vare\/matcha-zeremonie-set-schale-in-blau\/#primaryimage","url":"https:\/\/sundhedsspir.de\/wp-content\/uploads\/2023\/12\/matcha-set-bla.png","contentUrl":"https:\/\/sundhedsspir.de\/wp-content\/uploads\/2023\/12\/matcha-set-bla.png","width":768,"height":870},{"@type":"BreadcrumbList","@id":"https:\/\/sundhedsspir.de\/vare\/matcha-zeremonie-set-schale-in-blau\/#breadcrumb","itemListElement":[{"@type":"ListItem","position":1,"name":"Home","item":"https:\/\/sundhedsspir.de\/"},{"@type":"ListItem","position":2,"name":"Shop","item":"https:\/\/sundhedsspir.de\/shop\/"},{"@type":"ListItem","position":3,"name":"Matcha-Zeremonie-Set \u2013 Schale in Blau"}]},{"@type":"WebSite","@id":"https:\/\/sundhedsspir.de\/#website","url":"https:\/\/sundhedsspir.de\/","name":"Sundhedsspir","description":"","publisher":{"@id":"https:\/\/sundhedsspir.de\/#organization"},"potentialAction":[{"@type":"SearchAction","target":{"@type":"EntryPoint","urlTemplate":"https:\/\/sundhedsspir.de\/?s={search_term_string}"},"query-input":"required name=search_term_string"}],"inLanguage":"de"},{"@type":"Organization","@id":"https:\/\/sundhedsspir.de\/#organization","name":"Sundhedsspir","url":"https:\/\/sundhedsspir.de\/","logo":{"@type":"ImageObject","inLanguage":"de","@id":"https:\/\/sundhedsspir.de\/#\/schema\/logo\/image\/","url":"https:\/\/sundhedsspir.de\/wp-content\/uploads\/2023\/09\/sundhed-logo.png","contentUrl":"https:\/\/sundhedsspir.de\/wp-content\/uploads\/2023\/09\/sundhed-logo.png","width":1131,"height":1071,"caption":"Sundhedsspir"},"image":{"@id":"https:\/\/sundhedsspir.de\/#\/schema\/logo\/image\/"}}]}},"jetpack_sharing_enabled":true,"_links":{"self":[{"href":"https:\/\/sundhedsspir.de\/de\/wp-json\/wp\/v2\/product\/2011","targetHints":{"allow":["GET"]}}],"collection":[{"href":"https:\/\/sundhedsspir.de\/de\/wp-json\/wp\/v2\/product"}],"about":[{"href":"https:\/\/sundhedsspir.de\/de\/wp-json\/wp\/v2\/types\/product"}],"replies":[{"embeddable":true,"href":"https:\/\/sundhedsspir.de\/de\/wp-json\/wp\/v2\/comments?post=2011"}],"wp:featuredmedia":[{"embeddable":true,"href":"https:\/\/sundhedsspir.de\/de\/wp-json\/wp\/v2\/media\/2013"}],"wp:attachment":[{"href":"https:\/\/sundhedsspir.de\/de\/wp-json\/wp\/v2\/media?parent=2011"}],"wp:term":[{"taxonomy":"product_cat","embeddable":true,"href":"https:\/\/sundhedsspir.de\/de\/wp-json\/wp\/v2\/product_cat?post=2011"},{"taxonomy":"product_tag","embeddable":true,"href":"https:\/\/sundhedsspir.de\/de\/wp-json\/wp\/v2\/product_tag?post=2011"}],"curies":[{"name":"wp","href":"https:\/\/api.w.org\/{rel}","templated":true}]}}