{"id":2014,"date":"2023-12-01T17:43:05","date_gmt":"2023-12-01T15:43:05","guid":{"rendered":"https:\/\/sundhedsspir.de\/?post_type=product&#038;p=2014"},"modified":"2024-09-03T00:00:27","modified_gmt":"2024-09-02T22:00:27","slug":"matcha-box-entdecken","status":"publish","type":"product","link":"https:\/\/sundhedsspir.de\/de\/product\/matcha-box-entdecken\/","title":{"rendered":"Matcha-Box &#8211; Entdecken"},"content":{"rendered":"<p>Matcha ist ein besonders feines, weiches gr\u00fcnes Pulver mit einem tiefen, cremigen Chlorophyllgeschmack.<\/p>\n<p>Hergestellt ausschlie\u00dflich aus den edelsten Tencha-Bl\u00e4ttern, die im Fr\u00fchling geerntet werden und von der erlesenen Gyokuro-Qualit\u00e4t stammen, f\u00e4ngt dieser zeremonielle Matcha die Essenz von Spitzen-Tee ein: Auch bekannt als Koicha, ist es diese Art von Matcha, die in traditionellen japanischen Teeceremonien verwendet wird. Angebaut in Uji, Japan, einem Gebiet, das f\u00fcr seine au\u00dfergew\u00f6hnliche Qualit\u00e4t der Teebl\u00e4tter bekannt ist.<\/p>\n<p>Chasen, unser Matcha-Schneebesen, ist unverzichtbar f\u00fcr die japanische Teeceremonie und essentiell, um einen luftigen, schaumigen Matcha-Tee zuzubereiten. Unser Schneebesen ist handgefertigt aus einem einzigen St\u00fcck des feinsten Bambus und verf\u00fcgt \u00fcber 100 B\u00fcrsten, die eine optimale und gleichm\u00e4\u00dfige Mischung des Matchas gew\u00e4hrleisten.<\/p>","protected":false},"excerpt":{"rendered":"<div class=\"flex-shrink-0 flex flex-col relative items-end\">\n<div>\n<div class=\"pt-0\">\n<div class=\"gizmo-bot-avatar flex h-8 w-8 items-center justify-center overflow-hidden rounded-full\">\n<div class=\"relative p-1 rounded-sm flex items-center justify-center bg-token-main-surface-primary text-token-text-primary h-8 w-8\"><strong>Eine elegante Geschenkbox, perfekt f\u00fcr Liebhaber japanischen Tees!<\/strong><\/div>\n<\/div>\n<\/div>\n<\/div>\n<\/div>\n<div class=\"group\/conversation-turn relative flex w-full min-w-0 flex-col agent-turn\">\n<div class=\"flex-col gap-1 md:gap-3\">\n<div class=\"flex max-w-full flex-col flex-grow\">\n<div class=\"min-h-[20px] text-message flex w-full flex-col items-end gap-2 break-words [.text-message+&amp;]:mt-5 overflow-x-auto whitespace-normal\" dir=\"auto\" data-message-author-role=\"assistant\" data-message-id=\"ad17b298-30b3-4ce1-ab1e-640867e33d25\">\n<div class=\"flex w-full flex-col gap-1 empty:hidden first:pt-[3px]\">\n<div class=\"markdown prose w-full break-words dark:prose-invert dark\">\n<p>Diese Box ist ein Schatz f\u00fcr alle, die die Welt des Matcha-Tees sch\u00e4tzen oder entdecken m\u00f6chten. Sie enth\u00e4lt unser erlesenes Premium Matcha-Tee von zeremonieller Qualit\u00e4t, bezogen aus dem renommierten Uji-Distrikt, sowie einen handgefertigten Chasen (Matcha-Besen) aus goldenem Bambus mit 100 feinen Borsten.<\/p>\n<p>Ein ideales Set, um behutsam in die Teekultur eingef\u00fchrt zu werden und die Freude an einem k\u00f6stlichen, fein aufgeschlagenen und vollmundigen Matcha-Tee zu erleben.<\/p>\n<\/div>\n<\/div>\n<\/div>\n<\/div>\n<\/div>\n<\/div>","protected":false},"featured_media":2015,"comment_status":"open","ping_status":"closed","template":"","meta":{"inline_featured_image":false},"product_cat":[31],"product_tag":[],"class_list":{"0":"post-2014","1":"product","2":"type-product","3":"status-publish","4":"has-post-thumbnail","6":"product_cat-matcha","8":"first","9":"instock","10":"taxable","11":"shipping-taxable","12":"purchasable","13":"product-type-simple"},"yoast_head":"<!-- This site is optimized with the Yoast SEO Premium plugin v21.4 (Yoast SEO v23.3) - https:\/\/yoast.com\/wordpress\/plugins\/seo\/ -->\n<title>Matcha-Box - Entdecken - Sundhedsspir<\/title>\n<meta name=\"description\" content=\"Entdecken Sie Aromandise Ceremonial Matcha: ein ultrafeines, weiches gr\u00fcnes Teepulver mit einem reichen, cremigen Chlorophyllgeschmack. Unser Premium-Matcha wird sorgf\u00e4ltig in Uji angebaut...\" \/>\n<meta name=\"robots\" content=\"index, follow, max-snippet:-1, max-image-preview:large, max-video-preview:-1\" \/>\n<link rel=\"canonical\" href=\"https:\/\/sundhedsspir.de\/de\/produkt\/matcha-box-entdecken\/\" \/>\n<meta property=\"og:locale\" content=\"de_DE\" \/>\n<meta property=\"og:type\" content=\"article\" \/>\n<meta property=\"og:title\" content=\"Matcha-Box - Entdecken\" \/>\n<meta property=\"og:description\" content=\"Entdecken Sie Aromandise Ceremonial Matcha: ein ultrafeines, weiches gr\u00fcnes Teepulver mit einem reichen, cremigen Chlorophyllgeschmack. Unser Premium-Matcha wird sorgf\u00e4ltig in Uji angebaut...\" \/>\n<meta property=\"og:url\" content=\"https:\/\/sundhedsspir.de\/de\/produkt\/matcha-box-entdecken\/\" \/>\n<meta property=\"og:site_name\" content=\"Sundhedsspir\" \/>\n<meta property=\"article:modified_time\" content=\"2024-09-02T22:00:27+00:00\" \/>\n<meta property=\"og:image\" content=\"https:\/\/sundhedsspir.de\/wp-content\/uploads\/2023\/12\/matcha-box.png\" \/>\n\t<meta property=\"og:image:width\" content=\"768\" \/>\n\t<meta property=\"og:image:height\" content=\"870\" \/>\n\t<meta property=\"og:image:type\" content=\"image\/png\" \/>\n<meta name=\"twitter:card\" content=\"summary_large_image\" \/>\n<meta name=\"twitter:label1\" content=\"Gesch\u00e4tzte Lesezeit\" \/>\n\t<meta name=\"twitter:data1\" content=\"1\u00a0Minute\" \/>\n<script type=\"application\/ld+json\" class=\"yoast-schema-graph\">{\"@context\":\"https:\/\/schema.org\",\"@graph\":[{\"@type\":\"WebPage\",\"@id\":\"https:\/\/sundhedsspir.de\/vare\/matcha-box-entdecken\/\",\"url\":\"https:\/\/sundhedsspir.de\/vare\/matcha-box-entdecken\/\",\"name\":\"Matcha-Box - Entdecken - Sundhedsspir\",\"isPartOf\":{\"@id\":\"https:\/\/sundhedsspir.de\/#website\"},\"primaryImageOfPage\":{\"@id\":\"https:\/\/sundhedsspir.de\/vare\/matcha-box-entdecken\/#primaryimage\"},\"image\":{\"@id\":\"https:\/\/sundhedsspir.de\/vare\/matcha-box-entdecken\/#primaryimage\"},\"thumbnailUrl\":\"https:\/\/sundhedsspir.de\/wp-content\/uploads\/2023\/12\/matcha-box.png\",\"datePublished\":\"2023-12-01T15:43:05+00:00\",\"dateModified\":\"2024-09-02T22:00:27+00:00\",\"description\":\"Entdecken Sie Aromandise Ceremonial Matcha: ein ultrafeines, weiches gr\u00fcnes Teepulver mit einem reichen, cremigen Chlorophyllgeschmack. Unser Premium-Matcha wird sorgf\u00e4ltig in Uji angebaut...\",\"breadcrumb\":{\"@id\":\"https:\/\/sundhedsspir.de\/vare\/matcha-box-entdecken\/#breadcrumb\"},\"inLanguage\":\"de\",\"potentialAction\":[{\"@type\":\"ReadAction\",\"target\":[\"https:\/\/sundhedsspir.de\/vare\/matcha-box-entdecken\/\"]}]},{\"@type\":\"ImageObject\",\"inLanguage\":\"de\",\"@id\":\"https:\/\/sundhedsspir.de\/vare\/matcha-box-entdecken\/#primaryimage\",\"url\":\"https:\/\/sundhedsspir.de\/wp-content\/uploads\/2023\/12\/matcha-box.png\",\"contentUrl\":\"https:\/\/sundhedsspir.de\/wp-content\/uploads\/2023\/12\/matcha-box.png\",\"width\":768,\"height\":870},{\"@type\":\"BreadcrumbList\",\"@id\":\"https:\/\/sundhedsspir.de\/vare\/matcha-box-entdecken\/#breadcrumb\",\"itemListElement\":[{\"@type\":\"ListItem\",\"position\":1,\"name\":\"Home\",\"item\":\"https:\/\/sundhedsspir.de\/\"},{\"@type\":\"ListItem\",\"position\":2,\"name\":\"Shop\",\"item\":\"https:\/\/sundhedsspir.de\/shop\/\"},{\"@type\":\"ListItem\",\"position\":3,\"name\":\"Matcha-Box &#8211; Entdecken\"}]},{\"@type\":\"WebSite\",\"@id\":\"https:\/\/sundhedsspir.de\/#website\",\"url\":\"https:\/\/sundhedsspir.de\/\",\"name\":\"Sundhedsspir\",\"description\":\"\",\"publisher\":{\"@id\":\"https:\/\/sundhedsspir.de\/#organization\"},\"potentialAction\":[{\"@type\":\"SearchAction\",\"target\":{\"@type\":\"EntryPoint\",\"urlTemplate\":\"https:\/\/sundhedsspir.de\/?s={search_term_string}\"},\"query-input\":\"required name=search_term_string\"}],\"inLanguage\":\"de\"},{\"@type\":\"Organization\",\"@id\":\"https:\/\/sundhedsspir.de\/#organization\",\"name\":\"Sundhedsspir\",\"url\":\"https:\/\/sundhedsspir.de\/\",\"logo\":{\"@type\":\"ImageObject\",\"inLanguage\":\"de\",\"@id\":\"https:\/\/sundhedsspir.de\/#\/schema\/logo\/image\/\",\"url\":\"https:\/\/sundhedsspir.de\/wp-content\/uploads\/2023\/09\/sundhed-logo.png\",\"contentUrl\":\"https:\/\/sundhedsspir.de\/wp-content\/uploads\/2023\/09\/sundhed-logo.png\",\"width\":1131,\"height\":1071,\"caption\":\"Sundhedsspir\"},\"image\":{\"@id\":\"https:\/\/sundhedsspir.de\/#\/schema\/logo\/image\/\"}}]}<\/script>\n<!-- \/ Yoast SEO Premium plugin. -->","yoast_head_json":{"title":"Matcha-Box - Entdecken - Sundhedsspir","description":"Entdecken Sie Aromandise Ceremonial Matcha: ein ultrafeines, weiches gr\u00fcnes Teepulver mit einem reichen, cremigen Chlorophyllgeschmack. Unser Premium-Matcha wird sorgf\u00e4ltig in Uji angebaut...","robots":{"index":"index","follow":"follow","max-snippet":"max-snippet:-1","max-image-preview":"max-image-preview:large","max-video-preview":"max-video-preview:-1"},"canonical":"https:\/\/sundhedsspir.de\/de\/produkt\/matcha-box-entdecken\/","og_locale":"de_DE","og_type":"article","og_title":"Matcha-Box - Entdecken","og_description":"Entdecken Sie Aromandise Ceremonial Matcha: ein ultrafeines, weiches gr\u00fcnes Teepulver mit einem reichen, cremigen Chlorophyllgeschmack. Unser Premium-Matcha wird sorgf\u00e4ltig in Uji angebaut...","og_url":"https:\/\/sundhedsspir.de\/de\/produkt\/matcha-box-entdecken\/","og_site_name":"Sundhedsspir","article_modified_time":"2024-09-02T22:00:27+00:00","og_image":[{"width":768,"height":870,"url":"https:\/\/sundhedsspir.de\/wp-content\/uploads\/2023\/12\/matcha-box.png","type":"image\/png"}],"twitter_card":"summary_large_image","twitter_misc":{"Gesch\u00e4tzte Lesezeit":"1\u00a0Minute"},"schema":{"@context":"https:\/\/schema.org","@graph":[{"@type":"WebPage","@id":"https:\/\/sundhedsspir.de\/vare\/matcha-box-entdecken\/","url":"https:\/\/sundhedsspir.de\/vare\/matcha-box-entdecken\/","name":"Matcha-Box - Entdecken - Sundhedsspir","isPartOf":{"@id":"https:\/\/sundhedsspir.de\/#website"},"primaryImageOfPage":{"@id":"https:\/\/sundhedsspir.de\/vare\/matcha-box-entdecken\/#primaryimage"},"image":{"@id":"https:\/\/sundhedsspir.de\/vare\/matcha-box-entdecken\/#primaryimage"},"thumbnailUrl":"https:\/\/sundhedsspir.de\/wp-content\/uploads\/2023\/12\/matcha-box.png","datePublished":"2023-12-01T15:43:05+00:00","dateModified":"2024-09-02T22:00:27+00:00","description":"Entdecken Sie Aromandise Ceremonial Matcha: ein ultrafeines, weiches gr\u00fcnes Teepulver mit einem reichen, cremigen Chlorophyllgeschmack. Unser Premium-Matcha wird sorgf\u00e4ltig in Uji angebaut...","breadcrumb":{"@id":"https:\/\/sundhedsspir.de\/vare\/matcha-box-entdecken\/#breadcrumb"},"inLanguage":"de","potentialAction":[{"@type":"ReadAction","target":["https:\/\/sundhedsspir.de\/vare\/matcha-box-entdecken\/"]}]},{"@type":"ImageObject","inLanguage":"de","@id":"https:\/\/sundhedsspir.de\/vare\/matcha-box-entdecken\/#primaryimage","url":"https:\/\/sundhedsspir.de\/wp-content\/uploads\/2023\/12\/matcha-box.png","contentUrl":"https:\/\/sundhedsspir.de\/wp-content\/uploads\/2023\/12\/matcha-box.png","width":768,"height":870},{"@type":"BreadcrumbList","@id":"https:\/\/sundhedsspir.de\/vare\/matcha-box-entdecken\/#breadcrumb","itemListElement":[{"@type":"ListItem","position":1,"name":"Home","item":"https:\/\/sundhedsspir.de\/"},{"@type":"ListItem","position":2,"name":"Shop","item":"https:\/\/sundhedsspir.de\/shop\/"},{"@type":"ListItem","position":3,"name":"Matcha-Box &#8211; Entdecken"}]},{"@type":"WebSite","@id":"https:\/\/sundhedsspir.de\/#website","url":"https:\/\/sundhedsspir.de\/","name":"Sundhedsspir","description":"","publisher":{"@id":"https:\/\/sundhedsspir.de\/#organization"},"potentialAction":[{"@type":"SearchAction","target":{"@type":"EntryPoint","urlTemplate":"https:\/\/sundhedsspir.de\/?s={search_term_string}"},"query-input":"required name=search_term_string"}],"inLanguage":"de"},{"@type":"Organization","@id":"https:\/\/sundhedsspir.de\/#organization","name":"Sundhedsspir","url":"https:\/\/sundhedsspir.de\/","logo":{"@type":"ImageObject","inLanguage":"de","@id":"https:\/\/sundhedsspir.de\/#\/schema\/logo\/image\/","url":"https:\/\/sundhedsspir.de\/wp-content\/uploads\/2023\/09\/sundhed-logo.png","contentUrl":"https:\/\/sundhedsspir.de\/wp-content\/uploads\/2023\/09\/sundhed-logo.png","width":1131,"height":1071,"caption":"Sundhedsspir"},"image":{"@id":"https:\/\/sundhedsspir.de\/#\/schema\/logo\/image\/"}}]}},"jetpack_sharing_enabled":true,"_links":{"self":[{"href":"https:\/\/sundhedsspir.de\/de\/wp-json\/wp\/v2\/product\/2014","targetHints":{"allow":["GET"]}}],"collection":[{"href":"https:\/\/sundhedsspir.de\/de\/wp-json\/wp\/v2\/product"}],"about":[{"href":"https:\/\/sundhedsspir.de\/de\/wp-json\/wp\/v2\/types\/product"}],"replies":[{"embeddable":true,"href":"https:\/\/sundhedsspir.de\/de\/wp-json\/wp\/v2\/comments?post=2014"}],"wp:featuredmedia":[{"embeddable":true,"href":"https:\/\/sundhedsspir.de\/de\/wp-json\/wp\/v2\/media\/2015"}],"wp:attachment":[{"href":"https:\/\/sundhedsspir.de\/de\/wp-json\/wp\/v2\/media?parent=2014"}],"wp:term":[{"taxonomy":"product_cat","embeddable":true,"href":"https:\/\/sundhedsspir.de\/de\/wp-json\/wp\/v2\/product_cat?post=2014"},{"taxonomy":"product_tag","embeddable":true,"href":"https:\/\/sundhedsspir.de\/de\/wp-json\/wp\/v2\/product_tag?post=2014"}],"curies":[{"name":"wp","href":"https:\/\/api.w.org\/{rel}","templated":true}]}}