{"id":2047,"date":"2023-12-21T18:30:17","date_gmt":"2023-12-21T16:30:17","guid":{"rendered":"https:\/\/sundhedsspir.de\/?post_type=product&#038;p=2047"},"modified":"2024-09-02T23:56:57","modified_gmt":"2024-09-02T21:56:57","slug":"instant-matcha-gruntee-sticks","status":"publish","type":"product","link":"https:\/\/sundhedsspir.de\/de\/product\/instant-matcha-gruntee-sticks\/","title":{"rendered":"Instant Matcha Gr\u00fcntee-Sticks"},"content":{"rendered":"<p>Unsere exklusiven Matcha-Tee-Sticks repr\u00e4sentieren eine Revolution in der Welt der Teeliebhaber. Diese innovative Kreation beginnt ihren Weg mit sorgf\u00e4ltig ausgew\u00e4hlten, jungen Gyokuro-Teebl\u00e4ttern, die f\u00fcr ihren tiefen, umami-reichen Geschmack bekannt sind. Diese Bl\u00e4tter, die aus den geneigten Teefeldern der fruchtbarsten Regionen geerntet werden, werden sorgf\u00e4ltig ged\u00e4mpft, um ihre gr\u00fcne Farbe und n\u00e4hrstoffreichen Eigenschaften zu bewahren. Nach dem D\u00e4mpfen werden die Bl\u00e4tter schonend zu feinem Pulver zwischen den schweren Steinen einer traditionellen Steinm\u00fchle gemahlen, einem Handwerk, das \u00fcber Generationen perfektioniert wurde.<\/p>\n<p>Im Gegensatz zu herk\u00f6mmlichen Teeinfusionen, bei denen die Essenz nur teilweise extrahiert wird, bieten unsere Matcha-Tee-Sticks die gesamte Kraft des Blattes. Wenn sich das Pulver aufl\u00f6st, nehmen Sie das gesamte Spektrum an Vitaminen, Antioxidantien und Aminos\u00e4uren des Blattes auf, was eine vollkommene Geschmacks- und Gesundheits-Erfahrung garantiert.<\/p>\n<p>Dieser Matcha-Tee-Stick bricht mit der Tradition und bietet eine moderne, bequeme M\u00f6glichkeit, Matcha zu genie\u00dfen. Ob im B\u00fcro, im Fitnessstudio oder in der Natur \u2013 Sie k\u00f6nnen Ihre Matcha problemlos mitnehmen. Der Stick sorgt f\u00fcr eine perfekte Dosierung jedes Mal, was die Zubereitung einfach und Ihre Teeerfahrung fehlerfrei macht.<\/p>\n<p>Erleben Sie die reine, energiegebende Essenz von Matcha mit einer einfachen, tragbaren und stilvollen L\u00f6sung, die zu der schnellen Lebensweise des 21. Jahrhunderts passt.<\/p>","protected":false},"excerpt":{"rendered":"<div class=\"flex-shrink-0 flex flex-col relative items-end\">\n<div>\n<div class=\"pt-0\">\n<div class=\"gizmo-bot-avatar flex h-8 w-8 items-center justify-center overflow-hidden rounded-full\">\n<div class=\"relative p-1 rounded-sm flex items-center justify-center bg-token-main-surface-primary text-token-text-primary h-8 w-8\">Unser exklusiver Matcha-Tee-Stick stellt eine Revolution in der Welt der Teeliebhaber dar. Dieses innovative Produkt beginnt seine Reise als sorgf\u00e4ltig ausgew\u00e4hlte, junge Gyokuro-Teebl\u00e4tter, bekannt f\u00fcr ihren tiefen, umami-reichen Geschmack. Diese Bl\u00e4tter, geerntet von steilen Teefeldern in den fruchtbarsten Regionen, werden sorgf\u00e4ltig ged\u00e4mpft, um ihre gr\u00fcne Farbe und n\u00e4hrenden Eigenschaften zu bewahren. Nach dem D\u00e4mpfen werden die Bl\u00e4tter sanft zu einem feinen Pulver zwischen den schweren Steinen einer traditionellen Steinm\u00fchle vermahlen \u2013 ein Handwerk, das \u00fcber Generationen perfektioniert wurde.<\/div>\n<\/div>\n<\/div>\n<\/div>\n<\/div>","protected":false},"featured_media":2049,"comment_status":"open","ping_status":"closed","template":"","meta":{"inline_featured_image":false},"product_cat":[31],"product_tag":[],"class_list":{"0":"post-2047","1":"product","2":"type-product","3":"status-publish","4":"has-post-thumbnail","6":"product_cat-matcha","8":"first","9":"instock","10":"taxable","11":"shipping-taxable","12":"purchasable","13":"product-type-simple"},"yoast_head":"<!-- This site is optimized with the Yoast SEO Premium plugin v21.4 (Yoast SEO v23.3) - https:\/\/yoast.com\/wordpress\/plugins\/seo\/ -->\n<title>Instant Matcha Gr\u00fcntee-Sticks - Sundhedsspir<\/title>\n<meta name=\"description\" content=\"Unsere exklusiven Matcha-Tee-Sticks ... Der Stick sorgt f\u00fcr eine perfekte Dosierung jedes Mal, was die Zubereitung einfach und Ihre Teeerfahrung makellos macht.\" \/>\n<meta name=\"robots\" content=\"index, follow, max-snippet:-1, max-image-preview:large, max-video-preview:-1\" \/>\n<link rel=\"canonical\" href=\"https:\/\/sundhedsspir.de\/de\/produkt\/instant-matcha-gruntee-sticks\/\" \/>\n<meta property=\"og:locale\" content=\"de_DE\" \/>\n<meta property=\"og:type\" content=\"article\" \/>\n<meta property=\"og:title\" content=\"Instant Matcha Gr\u00fcntee-Sticks\" \/>\n<meta property=\"og:description\" content=\"Unsere exklusiven Matcha-Tee-Sticks ... Der Stick sorgt f\u00fcr eine perfekte Dosierung jedes Mal, was die Zubereitung einfach und Ihre Teeerfahrung makellos macht.\" \/>\n<meta property=\"og:url\" content=\"https:\/\/sundhedsspir.de\/de\/produkt\/instant-matcha-gruntee-sticks\/\" \/>\n<meta property=\"og:site_name\" content=\"Sundhedsspir\" \/>\n<meta property=\"article:modified_time\" content=\"2024-09-02T21:56:57+00:00\" \/>\n<meta property=\"og:image\" content=\"https:\/\/sundhedsspir.de\/wp-content\/uploads\/2023\/12\/the-vert-matcha-instantane.webp\" \/>\n\t<meta property=\"og:image:width\" content=\"1200\" \/>\n\t<meta property=\"og:image:height\" content=\"1200\" \/>\n\t<meta property=\"og:image:type\" content=\"image\/webp\" \/>\n<meta name=\"twitter:card\" content=\"summary_large_image\" \/>\n<meta name=\"twitter:label1\" content=\"Gesch\u00e4tzte Lesezeit\" \/>\n\t<meta name=\"twitter:data1\" content=\"2\u00a0Minuten\" \/>\n<script type=\"application\/ld+json\" class=\"yoast-schema-graph\">{\"@context\":\"https:\/\/schema.org\",\"@graph\":[{\"@type\":\"WebPage\",\"@id\":\"https:\/\/sundhedsspir.de\/vare\/instant-matcha-gruntee-sticks\/\",\"url\":\"https:\/\/sundhedsspir.de\/vare\/instant-matcha-gruntee-sticks\/\",\"name\":\"Instant Matcha Gr\u00fcntee-Sticks - Sundhedsspir\",\"isPartOf\":{\"@id\":\"https:\/\/sundhedsspir.de\/#website\"},\"primaryImageOfPage\":{\"@id\":\"https:\/\/sundhedsspir.de\/vare\/instant-matcha-gruntee-sticks\/#primaryimage\"},\"image\":{\"@id\":\"https:\/\/sundhedsspir.de\/vare\/instant-matcha-gruntee-sticks\/#primaryimage\"},\"thumbnailUrl\":\"https:\/\/sundhedsspir.de\/wp-content\/uploads\/2023\/12\/the-vert-matcha-instantane.webp\",\"datePublished\":\"2023-12-21T16:30:17+00:00\",\"dateModified\":\"2024-09-02T21:56:57+00:00\",\"description\":\"Unsere exklusiven Matcha-Tee-Sticks ... Der Stick sorgt f\u00fcr eine perfekte Dosierung jedes Mal, was die Zubereitung einfach und Ihre Teeerfahrung makellos macht.\",\"breadcrumb\":{\"@id\":\"https:\/\/sundhedsspir.de\/vare\/instant-matcha-gruntee-sticks\/#breadcrumb\"},\"inLanguage\":\"de\",\"potentialAction\":[{\"@type\":\"ReadAction\",\"target\":[\"https:\/\/sundhedsspir.de\/vare\/instant-matcha-gruntee-sticks\/\"]}]},{\"@type\":\"ImageObject\",\"inLanguage\":\"de\",\"@id\":\"https:\/\/sundhedsspir.de\/vare\/instant-matcha-gruntee-sticks\/#primaryimage\",\"url\":\"https:\/\/sundhedsspir.de\/wp-content\/uploads\/2023\/12\/the-vert-matcha-instantane.webp\",\"contentUrl\":\"https:\/\/sundhedsspir.de\/wp-content\/uploads\/2023\/12\/the-vert-matcha-instantane.webp\",\"width\":1200,\"height\":1200},{\"@type\":\"BreadcrumbList\",\"@id\":\"https:\/\/sundhedsspir.de\/vare\/instant-matcha-gruntee-sticks\/#breadcrumb\",\"itemListElement\":[{\"@type\":\"ListItem\",\"position\":1,\"name\":\"Home\",\"item\":\"https:\/\/sundhedsspir.de\/\"},{\"@type\":\"ListItem\",\"position\":2,\"name\":\"Shop\",\"item\":\"https:\/\/sundhedsspir.de\/shop\/\"},{\"@type\":\"ListItem\",\"position\":3,\"name\":\"Instant Matcha Gr\u00fcntee-Sticks\"}]},{\"@type\":\"WebSite\",\"@id\":\"https:\/\/sundhedsspir.de\/#website\",\"url\":\"https:\/\/sundhedsspir.de\/\",\"name\":\"Sundhedsspir\",\"description\":\"\",\"publisher\":{\"@id\":\"https:\/\/sundhedsspir.de\/#organization\"},\"potentialAction\":[{\"@type\":\"SearchAction\",\"target\":{\"@type\":\"EntryPoint\",\"urlTemplate\":\"https:\/\/sundhedsspir.de\/?s={search_term_string}\"},\"query-input\":\"required name=search_term_string\"}],\"inLanguage\":\"de\"},{\"@type\":\"Organization\",\"@id\":\"https:\/\/sundhedsspir.de\/#organization\",\"name\":\"Sundhedsspir\",\"url\":\"https:\/\/sundhedsspir.de\/\",\"logo\":{\"@type\":\"ImageObject\",\"inLanguage\":\"de\",\"@id\":\"https:\/\/sundhedsspir.de\/#\/schema\/logo\/image\/\",\"url\":\"https:\/\/sundhedsspir.de\/wp-content\/uploads\/2023\/09\/sundhed-logo.png\",\"contentUrl\":\"https:\/\/sundhedsspir.de\/wp-content\/uploads\/2023\/09\/sundhed-logo.png\",\"width\":1131,\"height\":1071,\"caption\":\"Sundhedsspir\"},\"image\":{\"@id\":\"https:\/\/sundhedsspir.de\/#\/schema\/logo\/image\/\"}}]}<\/script>\n<!-- \/ Yoast SEO Premium plugin. -->","yoast_head_json":{"title":"Instant Matcha Gr\u00fcntee-Sticks - Sundhedsspir","description":"Unsere exklusiven Matcha-Tee-Sticks ... Der Stick sorgt f\u00fcr eine perfekte Dosierung jedes Mal, was die Zubereitung einfach und Ihre Teeerfahrung makellos macht.","robots":{"index":"index","follow":"follow","max-snippet":"max-snippet:-1","max-image-preview":"max-image-preview:large","max-video-preview":"max-video-preview:-1"},"canonical":"https:\/\/sundhedsspir.de\/de\/produkt\/instant-matcha-gruntee-sticks\/","og_locale":"de_DE","og_type":"article","og_title":"Instant Matcha Gr\u00fcntee-Sticks","og_description":"Unsere exklusiven Matcha-Tee-Sticks ... Der Stick sorgt f\u00fcr eine perfekte Dosierung jedes Mal, was die Zubereitung einfach und Ihre Teeerfahrung makellos macht.","og_url":"https:\/\/sundhedsspir.de\/de\/produkt\/instant-matcha-gruntee-sticks\/","og_site_name":"Sundhedsspir","article_modified_time":"2024-09-02T21:56:57+00:00","og_image":[{"width":1200,"height":1200,"url":"https:\/\/sundhedsspir.de\/wp-content\/uploads\/2023\/12\/the-vert-matcha-instantane.webp","type":"image\/webp"}],"twitter_card":"summary_large_image","twitter_misc":{"Gesch\u00e4tzte Lesezeit":"2\u00a0Minuten"},"schema":{"@context":"https:\/\/schema.org","@graph":[{"@type":"WebPage","@id":"https:\/\/sundhedsspir.de\/vare\/instant-matcha-gruntee-sticks\/","url":"https:\/\/sundhedsspir.de\/vare\/instant-matcha-gruntee-sticks\/","name":"Instant Matcha Gr\u00fcntee-Sticks - Sundhedsspir","isPartOf":{"@id":"https:\/\/sundhedsspir.de\/#website"},"primaryImageOfPage":{"@id":"https:\/\/sundhedsspir.de\/vare\/instant-matcha-gruntee-sticks\/#primaryimage"},"image":{"@id":"https:\/\/sundhedsspir.de\/vare\/instant-matcha-gruntee-sticks\/#primaryimage"},"thumbnailUrl":"https:\/\/sundhedsspir.de\/wp-content\/uploads\/2023\/12\/the-vert-matcha-instantane.webp","datePublished":"2023-12-21T16:30:17+00:00","dateModified":"2024-09-02T21:56:57+00:00","description":"Unsere exklusiven Matcha-Tee-Sticks ... Der Stick sorgt f\u00fcr eine perfekte Dosierung jedes Mal, was die Zubereitung einfach und Ihre Teeerfahrung makellos macht.","breadcrumb":{"@id":"https:\/\/sundhedsspir.de\/vare\/instant-matcha-gruntee-sticks\/#breadcrumb"},"inLanguage":"de","potentialAction":[{"@type":"ReadAction","target":["https:\/\/sundhedsspir.de\/vare\/instant-matcha-gruntee-sticks\/"]}]},{"@type":"ImageObject","inLanguage":"de","@id":"https:\/\/sundhedsspir.de\/vare\/instant-matcha-gruntee-sticks\/#primaryimage","url":"https:\/\/sundhedsspir.de\/wp-content\/uploads\/2023\/12\/the-vert-matcha-instantane.webp","contentUrl":"https:\/\/sundhedsspir.de\/wp-content\/uploads\/2023\/12\/the-vert-matcha-instantane.webp","width":1200,"height":1200},{"@type":"BreadcrumbList","@id":"https:\/\/sundhedsspir.de\/vare\/instant-matcha-gruntee-sticks\/#breadcrumb","itemListElement":[{"@type":"ListItem","position":1,"name":"Home","item":"https:\/\/sundhedsspir.de\/"},{"@type":"ListItem","position":2,"name":"Shop","item":"https:\/\/sundhedsspir.de\/shop\/"},{"@type":"ListItem","position":3,"name":"Instant Matcha Gr\u00fcntee-Sticks"}]},{"@type":"WebSite","@id":"https:\/\/sundhedsspir.de\/#website","url":"https:\/\/sundhedsspir.de\/","name":"Sundhedsspir","description":"","publisher":{"@id":"https:\/\/sundhedsspir.de\/#organization"},"potentialAction":[{"@type":"SearchAction","target":{"@type":"EntryPoint","urlTemplate":"https:\/\/sundhedsspir.de\/?s={search_term_string}"},"query-input":"required name=search_term_string"}],"inLanguage":"de"},{"@type":"Organization","@id":"https:\/\/sundhedsspir.de\/#organization","name":"Sundhedsspir","url":"https:\/\/sundhedsspir.de\/","logo":{"@type":"ImageObject","inLanguage":"de","@id":"https:\/\/sundhedsspir.de\/#\/schema\/logo\/image\/","url":"https:\/\/sundhedsspir.de\/wp-content\/uploads\/2023\/09\/sundhed-logo.png","contentUrl":"https:\/\/sundhedsspir.de\/wp-content\/uploads\/2023\/09\/sundhed-logo.png","width":1131,"height":1071,"caption":"Sundhedsspir"},"image":{"@id":"https:\/\/sundhedsspir.de\/#\/schema\/logo\/image\/"}}]}},"jetpack_sharing_enabled":true,"_links":{"self":[{"href":"https:\/\/sundhedsspir.de\/de\/wp-json\/wp\/v2\/product\/2047","targetHints":{"allow":["GET"]}}],"collection":[{"href":"https:\/\/sundhedsspir.de\/de\/wp-json\/wp\/v2\/product"}],"about":[{"href":"https:\/\/sundhedsspir.de\/de\/wp-json\/wp\/v2\/types\/product"}],"replies":[{"embeddable":true,"href":"https:\/\/sundhedsspir.de\/de\/wp-json\/wp\/v2\/comments?post=2047"}],"wp:featuredmedia":[{"embeddable":true,"href":"https:\/\/sundhedsspir.de\/de\/wp-json\/wp\/v2\/media\/2049"}],"wp:attachment":[{"href":"https:\/\/sundhedsspir.de\/de\/wp-json\/wp\/v2\/media?parent=2047"}],"wp:term":[{"taxonomy":"product_cat","embeddable":true,"href":"https:\/\/sundhedsspir.de\/de\/wp-json\/wp\/v2\/product_cat?post=2047"},{"taxonomy":"product_tag","embeddable":true,"href":"https:\/\/sundhedsspir.de\/de\/wp-json\/wp\/v2\/product_tag?post=2047"}],"curies":[{"name":"wp","href":"https:\/\/api.w.org\/{rel}","templated":true}]}}