{"id":899,"date":"2023-09-14T10:09:18","date_gmt":"2023-09-14T10:09:18","guid":{"rendered":"https:\/\/sundhedsspir.de\/?post_type=product&#038;p=899"},"modified":"2024-09-03T00:29:55","modified_gmt":"2024-09-02T22:29:55","slug":"mate-vert","status":"publish","type":"product","link":"https:\/\/sundhedsspir.de\/de\/product\/mate-vert\/","title":{"rendered":"Wilde gr\u00fcne Yerba Mate"},"content":{"rendered":"<p><strong>Zutaten:<\/strong><\/p>\n<p>80% Wilde Matebl\u00e4tter (Ilex paraguariensis) (1)<\/p>\n<p>12% Minzbl\u00e4tter<\/p>\n<p>8% Lakritz<\/p>\n<p>*Alle Zutaten sind biologisch angebaut. (1) 80% der gesamten landwirtschaftlichen Zutaten sind fair trade zertifiziert nach Fair For Life.<\/p>\n<p><strong>Zubereitungshinweise:<\/strong><\/p>\n<p>F\u00fclle 2\/3 der Kalebasse mit Mate.<\/p>\n<p>Dr\u00fccke die Matebl\u00e4tter gegen die Seite der Kalebasse.<\/p>\n<p>Gib eine kleine Menge kaltes Wasser hinzu und lasse es 2-3 Minuten stehen.<\/p>\n<p>F\u00fchre die Bombilla (Strohhalm) ein.<\/p>\n<p>Gib hei\u00dfes Wasser (ca. 80\u00b0C) hinzu und lasse es weitere 2-5 Minuten ziehen.<\/p>\n<p>Genie\u00dfe dein Mate!<\/p>","protected":false},"excerpt":{"rendered":"<div class=\"flex max-w-full flex-col flex-grow\">\n<div class=\"min-h-[20px] text-message flex w-full flex-col items-end gap-2 break-words [.text-message+&amp;]:mt-5 overflow-x-auto whitespace-normal\" dir=\"auto\" data-message-author-role=\"assistant\" data-message-id=\"1cd98740-287c-41fa-81db-b0091a603dab\">\n<div class=\"flex w-full flex-col gap-1 empty:hidden first:pt-[3px]\">\n<div class=\"markdown prose w-full break-words dark:prose-invert dark\">\n<p><strong>Die kr\u00e4uterartigen Noten des gr\u00fcnen Mate werden durch die Rundheit des Lakritz und die Frische der Minze betont.<\/strong><\/p>\n<p>Mate hat stimulierende und belebende Eigenschaften, die helfen, k\u00f6rperliche und geistige Erm\u00fcdung zu bek\u00e4mpfen. Mate w\u00e4chst noch in seinem nat\u00fcrlichen Zustand in einigen gesch\u00fctzten Gebieten des Staates Paran\u00e1 im S\u00fcden Brasiliens. Es wird nur alle zwei Jahre von Hand geerntet.<\/p>\n<p>Es wird von einer der Gemeinschaften produziert, die wilden Mate auf ihrem Land ernten, wobei etwa sechzig Familien zusammenarbeiten, um ihren Lebensstil zu bewahren und das lokale \u00d6kosystem zu sch\u00fctzen.<\/p>\n<\/div>\n<\/div>\n<\/div>\n<\/div>","protected":false},"featured_media":1317,"comment_status":"open","ping_status":"closed","template":"","meta":{"inline_featured_image":false},"product_cat":[32],"product_tag":[],"class_list":{"0":"post-899","1":"product","2":"type-product","3":"status-publish","4":"has-post-thumbnail","6":"product_cat-mate","8":"first","9":"instock","10":"taxable","11":"shipping-taxable","12":"purchasable","13":"product-type-simple"},"yoast_head":"<!-- This site is optimized with the Yoast SEO Premium plugin v21.4 (Yoast SEO v23.3) - https:\/\/yoast.com\/wordpress\/plugins\/seo\/ -->\n<title>Wilde gr\u00fcne Yerba Mate - Sundhedsspir<\/title>\n<meta name=\"description\" content=\"Wilder Yerba Mate aus Brasilien mit Minze und Lakritz, hei\u00df oder kalt genie\u00dfbar, reich an Phyton\u00e4hrstoffen aus einer 2-j\u00e4hrigen Ernte.\" \/>\n<meta name=\"robots\" content=\"index, follow, max-snippet:-1, max-image-preview:large, max-video-preview:-1\" \/>\n<link rel=\"canonical\" href=\"https:\/\/sundhedsspir.de\/de\/produkt\/mate-vert\/\" \/>\n<meta property=\"og:locale\" content=\"de_DE\" \/>\n<meta property=\"og:type\" content=\"article\" \/>\n<meta property=\"og:title\" content=\"Wilde gr\u00fcne Yerba Mate\" \/>\n<meta property=\"og:description\" content=\"Wilder Yerba Mate aus Brasilien mit Minze und Lakritz, hei\u00df oder kalt genie\u00dfbar, reich an Phyton\u00e4hrstoffen aus einer 2-j\u00e4hrigen Ernte.\" \/>\n<meta property=\"og:url\" content=\"https:\/\/sundhedsspir.de\/de\/produkt\/mate-vert\/\" \/>\n<meta property=\"og:site_name\" content=\"Sundhedsspir\" \/>\n<meta property=\"article:modified_time\" content=\"2024-09-02T22:29:55+00:00\" \/>\n<meta property=\"og:image\" content=\"https:\/\/sundhedsspir.de\/wp-content\/uploads\/2023\/09\/mate-same-1-1-min.png\" \/>\n\t<meta property=\"og:image:width\" content=\"3618\" \/>\n\t<meta property=\"og:image:height\" content=\"4100\" \/>\n\t<meta property=\"og:image:type\" content=\"image\/png\" \/>\n<meta name=\"twitter:card\" content=\"summary_large_image\" \/>\n<meta name=\"twitter:label1\" content=\"Gesch\u00e4tzte Lesezeit\" \/>\n\t<meta name=\"twitter:data1\" content=\"1\u00a0Minute\" \/>\n<script type=\"application\/ld+json\" class=\"yoast-schema-graph\">{\"@context\":\"https:\/\/schema.org\",\"@graph\":[{\"@type\":\"WebPage\",\"@id\":\"https:\/\/sundhedsspir.de\/vare\/mate-vert\/\",\"url\":\"https:\/\/sundhedsspir.de\/vare\/mate-vert\/\",\"name\":\"Wilde gr\u00fcne Yerba Mate - Sundhedsspir\",\"isPartOf\":{\"@id\":\"https:\/\/sundhedsspir.de\/#website\"},\"primaryImageOfPage\":{\"@id\":\"https:\/\/sundhedsspir.de\/vare\/mate-vert\/#primaryimage\"},\"image\":{\"@id\":\"https:\/\/sundhedsspir.de\/vare\/mate-vert\/#primaryimage\"},\"thumbnailUrl\":\"https:\/\/sundhedsspir.de\/wp-content\/uploads\/2023\/09\/mate-same-1-1-min.png\",\"datePublished\":\"2023-09-14T10:09:18+00:00\",\"dateModified\":\"2024-09-02T22:29:55+00:00\",\"description\":\"Wilder Yerba Mate aus Brasilien mit Minze und Lakritz, hei\u00df oder kalt genie\u00dfbar, reich an Phyton\u00e4hrstoffen aus einer 2-j\u00e4hrigen Ernte.\",\"breadcrumb\":{\"@id\":\"https:\/\/sundhedsspir.de\/vare\/mate-vert\/#breadcrumb\"},\"inLanguage\":\"de\",\"potentialAction\":[{\"@type\":\"ReadAction\",\"target\":[\"https:\/\/sundhedsspir.de\/vare\/mate-vert\/\"]}]},{\"@type\":\"ImageObject\",\"inLanguage\":\"de\",\"@id\":\"https:\/\/sundhedsspir.de\/vare\/mate-vert\/#primaryimage\",\"url\":\"https:\/\/sundhedsspir.de\/wp-content\/uploads\/2023\/09\/mate-same-1-1-min.png\",\"contentUrl\":\"https:\/\/sundhedsspir.de\/wp-content\/uploads\/2023\/09\/mate-same-1-1-min.png\",\"width\":3618,\"height\":4100},{\"@type\":\"BreadcrumbList\",\"@id\":\"https:\/\/sundhedsspir.de\/vare\/mate-vert\/#breadcrumb\",\"itemListElement\":[{\"@type\":\"ListItem\",\"position\":1,\"name\":\"Home\",\"item\":\"https:\/\/sundhedsspir.de\/\"},{\"@type\":\"ListItem\",\"position\":2,\"name\":\"Shop\",\"item\":\"https:\/\/sundhedsspir.de\/shop\/\"},{\"@type\":\"ListItem\",\"position\":3,\"name\":\"Wilde gr\u00fcne Yerba Mate\"}]},{\"@type\":\"WebSite\",\"@id\":\"https:\/\/sundhedsspir.de\/#website\",\"url\":\"https:\/\/sundhedsspir.de\/\",\"name\":\"Sundhedsspir\",\"description\":\"\",\"publisher\":{\"@id\":\"https:\/\/sundhedsspir.de\/#organization\"},\"potentialAction\":[{\"@type\":\"SearchAction\",\"target\":{\"@type\":\"EntryPoint\",\"urlTemplate\":\"https:\/\/sundhedsspir.de\/?s={search_term_string}\"},\"query-input\":\"required name=search_term_string\"}],\"inLanguage\":\"de\"},{\"@type\":\"Organization\",\"@id\":\"https:\/\/sundhedsspir.de\/#organization\",\"name\":\"Sundhedsspir\",\"url\":\"https:\/\/sundhedsspir.de\/\",\"logo\":{\"@type\":\"ImageObject\",\"inLanguage\":\"de\",\"@id\":\"https:\/\/sundhedsspir.de\/#\/schema\/logo\/image\/\",\"url\":\"https:\/\/sundhedsspir.de\/wp-content\/uploads\/2023\/09\/sundhed-logo.png\",\"contentUrl\":\"https:\/\/sundhedsspir.de\/wp-content\/uploads\/2023\/09\/sundhed-logo.png\",\"width\":1131,\"height\":1071,\"caption\":\"Sundhedsspir\"},\"image\":{\"@id\":\"https:\/\/sundhedsspir.de\/#\/schema\/logo\/image\/\"}}]}<\/script>\n<!-- \/ Yoast SEO Premium plugin. -->","yoast_head_json":{"title":"Wilde gr\u00fcne Yerba Mate - Sundhedsspir","description":"Wilder Yerba Mate aus Brasilien mit Minze und Lakritz, hei\u00df oder kalt genie\u00dfbar, reich an Phyton\u00e4hrstoffen aus einer 2-j\u00e4hrigen Ernte.","robots":{"index":"index","follow":"follow","max-snippet":"max-snippet:-1","max-image-preview":"max-image-preview:large","max-video-preview":"max-video-preview:-1"},"canonical":"https:\/\/sundhedsspir.de\/de\/produkt\/mate-vert\/","og_locale":"de_DE","og_type":"article","og_title":"Wilde gr\u00fcne Yerba Mate","og_description":"Wilder Yerba Mate aus Brasilien mit Minze und Lakritz, hei\u00df oder kalt genie\u00dfbar, reich an Phyton\u00e4hrstoffen aus einer 2-j\u00e4hrigen Ernte.","og_url":"https:\/\/sundhedsspir.de\/de\/produkt\/mate-vert\/","og_site_name":"Sundhedsspir","article_modified_time":"2024-09-02T22:29:55+00:00","og_image":[{"width":3618,"height":4100,"url":"https:\/\/sundhedsspir.de\/wp-content\/uploads\/2023\/09\/mate-same-1-1-min.png","type":"image\/png"}],"twitter_card":"summary_large_image","twitter_misc":{"Gesch\u00e4tzte Lesezeit":"1\u00a0Minute"},"schema":{"@context":"https:\/\/schema.org","@graph":[{"@type":"WebPage","@id":"https:\/\/sundhedsspir.de\/vare\/mate-vert\/","url":"https:\/\/sundhedsspir.de\/vare\/mate-vert\/","name":"Wilde gr\u00fcne Yerba Mate - Sundhedsspir","isPartOf":{"@id":"https:\/\/sundhedsspir.de\/#website"},"primaryImageOfPage":{"@id":"https:\/\/sundhedsspir.de\/vare\/mate-vert\/#primaryimage"},"image":{"@id":"https:\/\/sundhedsspir.de\/vare\/mate-vert\/#primaryimage"},"thumbnailUrl":"https:\/\/sundhedsspir.de\/wp-content\/uploads\/2023\/09\/mate-same-1-1-min.png","datePublished":"2023-09-14T10:09:18+00:00","dateModified":"2024-09-02T22:29:55+00:00","description":"Wilder Yerba Mate aus Brasilien mit Minze und Lakritz, hei\u00df oder kalt genie\u00dfbar, reich an Phyton\u00e4hrstoffen aus einer 2-j\u00e4hrigen Ernte.","breadcrumb":{"@id":"https:\/\/sundhedsspir.de\/vare\/mate-vert\/#breadcrumb"},"inLanguage":"de","potentialAction":[{"@type":"ReadAction","target":["https:\/\/sundhedsspir.de\/vare\/mate-vert\/"]}]},{"@type":"ImageObject","inLanguage":"de","@id":"https:\/\/sundhedsspir.de\/vare\/mate-vert\/#primaryimage","url":"https:\/\/sundhedsspir.de\/wp-content\/uploads\/2023\/09\/mate-same-1-1-min.png","contentUrl":"https:\/\/sundhedsspir.de\/wp-content\/uploads\/2023\/09\/mate-same-1-1-min.png","width":3618,"height":4100},{"@type":"BreadcrumbList","@id":"https:\/\/sundhedsspir.de\/vare\/mate-vert\/#breadcrumb","itemListElement":[{"@type":"ListItem","position":1,"name":"Home","item":"https:\/\/sundhedsspir.de\/"},{"@type":"ListItem","position":2,"name":"Shop","item":"https:\/\/sundhedsspir.de\/shop\/"},{"@type":"ListItem","position":3,"name":"Wilde gr\u00fcne Yerba Mate"}]},{"@type":"WebSite","@id":"https:\/\/sundhedsspir.de\/#website","url":"https:\/\/sundhedsspir.de\/","name":"Sundhedsspir","description":"","publisher":{"@id":"https:\/\/sundhedsspir.de\/#organization"},"potentialAction":[{"@type":"SearchAction","target":{"@type":"EntryPoint","urlTemplate":"https:\/\/sundhedsspir.de\/?s={search_term_string}"},"query-input":"required name=search_term_string"}],"inLanguage":"de"},{"@type":"Organization","@id":"https:\/\/sundhedsspir.de\/#organization","name":"Sundhedsspir","url":"https:\/\/sundhedsspir.de\/","logo":{"@type":"ImageObject","inLanguage":"de","@id":"https:\/\/sundhedsspir.de\/#\/schema\/logo\/image\/","url":"https:\/\/sundhedsspir.de\/wp-content\/uploads\/2023\/09\/sundhed-logo.png","contentUrl":"https:\/\/sundhedsspir.de\/wp-content\/uploads\/2023\/09\/sundhed-logo.png","width":1131,"height":1071,"caption":"Sundhedsspir"},"image":{"@id":"https:\/\/sundhedsspir.de\/#\/schema\/logo\/image\/"}}]}},"jetpack_sharing_enabled":true,"_links":{"self":[{"href":"https:\/\/sundhedsspir.de\/de\/wp-json\/wp\/v2\/product\/899","targetHints":{"allow":["GET"]}}],"collection":[{"href":"https:\/\/sundhedsspir.de\/de\/wp-json\/wp\/v2\/product"}],"about":[{"href":"https:\/\/sundhedsspir.de\/de\/wp-json\/wp\/v2\/types\/product"}],"replies":[{"embeddable":true,"href":"https:\/\/sundhedsspir.de\/de\/wp-json\/wp\/v2\/comments?post=899"}],"wp:featuredmedia":[{"embeddable":true,"href":"https:\/\/sundhedsspir.de\/de\/wp-json\/wp\/v2\/media\/1317"}],"wp:attachment":[{"href":"https:\/\/sundhedsspir.de\/de\/wp-json\/wp\/v2\/media?parent=899"}],"wp:term":[{"taxonomy":"product_cat","embeddable":true,"href":"https:\/\/sundhedsspir.de\/de\/wp-json\/wp\/v2\/product_cat?post=899"},{"taxonomy":"product_tag","embeddable":true,"href":"https:\/\/sundhedsspir.de\/de\/wp-json\/wp\/v2\/product_tag?post=899"}],"curies":[{"name":"wp","href":"https:\/\/api.w.org\/{rel}","templated":true}]}}